{"id":13937,"date":"2018-02-28T11:25:23","date_gmt":"2018-02-28T09:25:23","guid":{"rendered":"https:\/\/www.amper-aufsperrdienst.de\/locksmith-munich-milbertshofener-platz\/"},"modified":"2026-01-23T08:47:09","modified_gmt":"2026-01-23T06:47:09","slug":"locksmith-munich-milbertshofener-platz","status":"publish","type":"page","link":"https:\/\/www.amper-aufsperrdienst.de\/en\/locksmith-munich-milbertshofener-platz\/","title":{"rendered":"Locksmith Munich Milbertshofener Platz"},"content":{"rendered":"<p><img loading=\"lazy\" decoding=\"async\" class=\"alignleft\" style=\"margin-bottom: 5px !important;\" src=\"https:\/\/www.amper-aufsperrdienst.de\/wp-content\/uploads\/2021\/03\/schluesseldienst-muenchen-milbertshofener-platz-festpreis-ab-52-siegel.jpg\" alt=\"Locksmith Amper - Locksmith Service Munich-Milbertshofener-Platz with fixed price starting at \u20ac52\" width=\"250\" height=\"250\" \/><\/p>\n<p>Oh no! You&#8217;ve locked yourself out right now, of all times, when you have so much to do? Such a situation is not only incredibly stressful, but also wastes valuable time. But don&#8217;t worry, because our locksmith service in Munich Milbertshofener Platz will ensure that you can get back into your apartment as quickly as possible \u2013 and all for a fair fixed price. We are available around the clock via our toll-free number \u2013 even on weekends and holidays.<\/p>\n          <!-- tarif -->\n<h2><b><span style=\"vertical-align: inherit;\"><span style=\"vertical-align: inherit;\">Our binding fixed prices start from \u20ac52.<\/span><\/span><\/b><\/h2>\n<p>Amper Locksmith Service is a fair locksmith service with transparent fixed prices:<\/p>\n<div class=\"table-title\">\n\tPRICE LIST  UNLOCK\n<\/div>\n<!-- Table part-->\n<table class=\"table\">\n  <thead class=\"header\">\n\t  <tr>\n     \t <th scope=\"col\">Time<\/th>\n     \t <th scope=\"col\">8 - 18<\/th>\n     \t <th scope=\"col\">18 - 22<\/th>\n     \t <th scope=\"col\">22 - 8<\/th>\n\t<\/tr>\n  <\/thead>\n  <tbody>\n     \t  <tr class=\"weekdays\">\n     \t  \t  <td class=\"tag\" data-label=\"Time\">Mo - Fr<\/td>\n     \t  \t  <td class=\"hrs tag\" data-label=\"8 - 18\">52,- \u20ac<\/td>\n     \t  \t  <td class=\"tag space\" data-label=\"18 - 22\">82,- \u20ac<\/td>\n     \t  \t  <td data-label=\"22 - 8\">95,- \u20ac<\/td>\n     \t  <\/tr>\n     <tr class=\"weekends\">\n     \t  \t  <td class=\"tag\" data-label=\"Time\">Sa<\/td>\n     \t  \t  <td class=\"tag\" data-label=\"8 - 18\">95,- \u20ac<\/td>\n     \t  \t  <td class=\"tag\" data-label=\"18 - 22\">95,- \u20ac<\/td>\n     \t  \t  <td data-label=\"22 - 8\">125,- \u20ac<\/td>\n     \t  <\/tr>\n     <tr class=\"holidays\">\n     \t  \t  <td class=\"tag\" data-label=\"Time\">So & holiday<\/td>\n     \t  \t  <td class=\"tag\" data-label=\"8 - 18\">125,- \u20ac<\/td>\n     \t  \t  <td class=\"tag\" data-label=\"18 - 22\">125,-\u20ac<\/td>\n     \t  \t  <td data-label=\"22 - 8\">125,-\u20ac<\/td>\n     \t  <\/tr>\n     <\/tbody>\n<\/table>\n<!-- Table Description-->\n<div class=\"table-description\">\n\t<em>Please call to inquire about travel costs.<\/em>\n<\/div>\n<!-- Wordings below -->\n<div class=\"wordings\">\n<p>The prices listed in this table are binding for unlocking a door that has slammed shut or been pulled shut (without self-locking mechanisms). Please feel free to contact us if you would like a price quote for other locksmith services. We will gladly provide you with a transparent, fixed-price offer.<\/p>\n<\/div>\n\n<!-- END Wordings -->\n\n\n\n<div class=\"ansprech\">Reliable locksmith service in Munich&#8217;s Milbertshofener Platz with a free 24\/7 hotline<br \/>\n<h3 class=\"phone mobilesOnly\"><a href=\"tel:+498000131131\">0800 \/ 0 131 131<\/a><\/h3><h3 class=\"phone desktopOnly\"><a href=\"tel:+498000131131\">0800 \/ 0 131 131<\/a><\/h3>Fixed price guarantee, friendly staff, and round-the-clock emergency service, including Sundays and holidays<\/div>\n<h2>Affordable and fast door opening 365 days a year<\/h2>\n<p>Affordable and fair fixed prices? Don&#8217;t believe it? With our locksmith service in Munich&#8217;s Milbertshofener Platz district, you can believe it. We are aware of the problem of numerous shell companies and fake businesses that advertise damage-free door unlocking but charge exorbitant prices. It&#8217;s certainly questionable whether such sums are even legal.<\/p>\n<p>As a locksmith service now in its third generation, we guarantee transparency and fair, clear pricing. We offer a fixed-price guarantee. Because you, the customer, are our top priority, we ensure you have a fast door opening whenever you urgently need it. Whether it&#8217;s Easter, Pentecost, or Christmas: we perform damage-free door openings 365 days a year.<\/p>\n<h2>Milbertshofen Square in the Milbertshofen-Am Hart district of Munich<\/h2>\n<p>Do you live in the Milbertshofen-Am Hart district of Munich? Then you&#8217;re probably familiar with the square located at the intersection of Schlei\u00dfheimer Stra\u00dfe and Milbertshofener Stra\u00dfe. It is also bordered by Haggenmillerstra\u00dfe, Bischof-Adalbert-Stra\u00dfe, and Strelitzer Stra\u00dfe. The square is named after what is now a district of Munich, which was formerly a suburb.<\/p>\n<p>Milbertshofen Square is home to the New St. George&#8217;s Church and the St. George&#8217;s Fountain. The fountain was designed by Angelika Fazekas in 1984. Milbertshofen Square is especially popular with children and teenagers because it has a playground.<\/p>\n<h2>Locksmith Munich Milbertshofen Square: Damage-free opening by true professionals<\/h2>\n<p>Locks and doors damaged during opening? Nobody wants that kind of hassle. With our locksmith service in Munich&#8217;s Milbertshofener Platz district, you can be absolutely certain of always getting your door opened without damage, especially if it&#8217;s simply closed shut. But we also offer fast and reliable door opening services for complex locks and doors.<\/p>\n<p>Our toll-free number is available not only in emergencies, but also if you would like detailed advice. We are also happy to assist you with security technology, installing professional locks on your windows and doors, or conducting a security analysis to determine how the security of your house or apartment can be improved. Don&#8217;t hesitate to contact us; our toll-free number is available 24\/7!<\/p>\n<div class=\"ansprech\">Reliable locksmith service in Munich&#8217;s Milbertshofener Platz with a free 24\/7 hotline<br \/>\n<h3 class=\"phone mobilesOnly\"><a href=\"tel:+498000131131\">0800 \/ 0 131 131<\/a><\/h3><h3 class=\"phone desktopOnly\"><a href=\"tel:+498000131131\">0800 \/ 0 131 131<\/a><\/h3>Fixed price guarantee, friendly staff, and round-the-clock emergency service, including Sundays and holidays<\/div>\n","protected":false},"excerpt":{"rendered":"<p>Oh no! You&#8217;ve locked yourself out right now, of all times, when you have so much to do? Such a situation is not only incredibly stressful, but also wastes valuable time. But don&#8217;t worry, because our locksmith service in Munich Milbertshofener Platz will ensure that you can get back into your apartment as quickly as [&hellip;]<\/p>\n","protected":false},"author":2,"featured_media":0,"parent":0,"menu_order":0,"comment_status":"closed","ping_status":"closed","template":"","meta":{"footnotes":"","_links_to":"","_links_to_target":""},"class_list":["post-13937","page","type-page","status-publish","hentry"],"yoast_head":"<!-- This site is optimized with the Yoast SEO plugin v27.4 - https:\/\/yoast.com\/product\/yoast-seo-wordpress\/ -->\n<title>Locksmith Munich Milbertshofener Platz: Fixed price from \u20ac52<\/title>\n<meta name=\"description\" content=\"Reliable and fast locksmith service in Munich Milbertshofener Platz with a fixed price guarantee, professional 24-hour service, and a free phone number: non-destructive door opening using the best specialized tools! Our locksmiths are highly trained and experienced! Contact us anytime, free of charge!\" \/>\n<meta name=\"robots\" content=\"index, follow, max-snippet:-1, max-image-preview:large, max-video-preview:-1\" \/>\n<link rel=\"canonical\" href=\"https:\/\/www.amper-aufsperrdienst.de\/en\/locksmith-munich-milbertshofener-platz\/\" \/>\n<meta property=\"og:locale\" content=\"en_US\" \/>\n<meta property=\"og:type\" content=\"article\" \/>\n<meta property=\"og:title\" content=\"Locksmith Munich Milbertshofener Platz: Fixed price from \u20ac52\" \/>\n<meta property=\"og:description\" content=\"Reliable and fast locksmith service in Munich Milbertshofener Platz with a fixed price guarantee, professional 24-hour service, and a free phone number: non-destructive door opening using the best specialized tools! Our locksmiths are highly trained and experienced! Contact us anytime, free of charge!\" \/>\n<meta property=\"og:url\" content=\"https:\/\/www.amper-aufsperrdienst.de\/en\/locksmith-munich-milbertshofener-platz\/\" \/>\n<meta property=\"og:site_name\" content=\"Locksmith for Munich, Dachau and F\u00fcrstenfeldbruck\" \/>\n<meta property=\"article:modified_time\" content=\"2026-01-23T06:47:09+00:00\" \/>\n<meta property=\"og:image\" content=\"https:\/\/www.amper-aufsperrdienst.de\/wp-content\/uploads\/2021\/03\/schluesseldienst-muenchen-milbertshofener-platz-festpreis-ab-52-siegel.jpg\" \/>\n<meta name=\"twitter:label1\" content=\"Est. reading time\" \/>\n\t<meta name=\"twitter:data1\" content=\"3 minutes\" \/>\n<script type=\"application\/ld+json\" class=\"yoast-schema-graph\">{\"@context\":\"https:\\\/\\\/schema.org\",\"@graph\":[{\"@type\":\"WebPage\",\"@id\":\"https:\\\/\\\/www.amper-aufsperrdienst.de\\\/en\\\/locksmith-munich-milbertshofener-platz\\\/\",\"url\":\"https:\\\/\\\/www.amper-aufsperrdienst.de\\\/en\\\/locksmith-munich-milbertshofener-platz\\\/\",\"name\":\"Locksmith Munich Milbertshofener Platz: Fixed price from \u20ac52\",\"isPartOf\":{\"@id\":\"https:\\\/\\\/www.amper-aufsperrdienst.de\\\/en\\\/#website\"},\"primaryImageOfPage\":{\"@id\":\"https:\\\/\\\/www.amper-aufsperrdienst.de\\\/en\\\/locksmith-munich-milbertshofener-platz\\\/#primaryimage\"},\"image\":{\"@id\":\"https:\\\/\\\/www.amper-aufsperrdienst.de\\\/en\\\/locksmith-munich-milbertshofener-platz\\\/#primaryimage\"},\"thumbnailUrl\":\"https:\\\/\\\/www.amper-aufsperrdienst.de\\\/wp-content\\\/uploads\\\/2021\\\/03\\\/schluesseldienst-muenchen-milbertshofener-platz-festpreis-ab-52-siegel.jpg\",\"datePublished\":\"2018-02-28T09:25:23+00:00\",\"dateModified\":\"2026-01-23T06:47:09+00:00\",\"description\":\"Reliable and fast locksmith service in Munich Milbertshofener Platz with a fixed price guarantee, professional 24-hour service, and a free phone number: non-destructive door opening using the best specialized tools! Our locksmiths are highly trained and experienced! Contact us anytime, free of charge!\",\"breadcrumb\":{\"@id\":\"https:\\\/\\\/www.amper-aufsperrdienst.de\\\/en\\\/locksmith-munich-milbertshofener-platz\\\/#breadcrumb\"},\"inLanguage\":\"en-US\",\"potentialAction\":[{\"@type\":\"ReadAction\",\"target\":[\"https:\\\/\\\/www.amper-aufsperrdienst.de\\\/en\\\/locksmith-munich-milbertshofener-platz\\\/\"]}]},{\"@type\":\"ImageObject\",\"inLanguage\":\"en-US\",\"@id\":\"https:\\\/\\\/www.amper-aufsperrdienst.de\\\/en\\\/locksmith-munich-milbertshofener-platz\\\/#primaryimage\",\"url\":\"https:\\\/\\\/www.amper-aufsperrdienst.de\\\/wp-content\\\/uploads\\\/2021\\\/03\\\/schluesseldienst-muenchen-milbertshofener-platz-festpreis-ab-52-siegel.jpg\",\"contentUrl\":\"https:\\\/\\\/www.amper-aufsperrdienst.de\\\/wp-content\\\/uploads\\\/2021\\\/03\\\/schluesseldienst-muenchen-milbertshofener-platz-festpreis-ab-52-siegel.jpg\"},{\"@type\":\"BreadcrumbList\",\"@id\":\"https:\\\/\\\/www.amper-aufsperrdienst.de\\\/en\\\/locksmith-munich-milbertshofener-platz\\\/#breadcrumb\",\"itemListElement\":[{\"@type\":\"ListItem\",\"position\":1,\"name\":\"Home\",\"item\":\"https:\\\/\\\/www.amper-aufsperrdienst.de\\\/en\\\/\"},{\"@type\":\"ListItem\",\"position\":2,\"name\":\"Locksmith Munich Milbertshofener Platz\"}]},{\"@type\":\"WebSite\",\"@id\":\"https:\\\/\\\/www.amper-aufsperrdienst.de\\\/en\\\/#website\",\"url\":\"https:\\\/\\\/www.amper-aufsperrdienst.de\\\/en\\\/\",\"name\":\"Locksmith for Munich, Dachau and F\u00fcrstenfeldbruck\",\"description\":\"Amper Aufsperrdienst\",\"potentialAction\":[{\"@type\":\"SearchAction\",\"target\":{\"@type\":\"EntryPoint\",\"urlTemplate\":\"https:\\\/\\\/www.amper-aufsperrdienst.de\\\/en\\\/?s={search_term_string}\"},\"query-input\":{\"@type\":\"PropertyValueSpecification\",\"valueRequired\":true,\"valueName\":\"search_term_string\"}}],\"inLanguage\":\"en-US\"}]}<\/script>\n<!-- \/ Yoast SEO plugin. -->","yoast_head_json":{"title":"Locksmith Munich Milbertshofener Platz: Fixed price from \u20ac52","description":"Reliable and fast locksmith service in Munich Milbertshofener Platz with a fixed price guarantee, professional 24-hour service, and a free phone number: non-destructive door opening using the best specialized tools! Our locksmiths are highly trained and experienced! Contact us anytime, free of charge!","robots":{"index":"index","follow":"follow","max-snippet":"max-snippet:-1","max-image-preview":"max-image-preview:large","max-video-preview":"max-video-preview:-1"},"canonical":"https:\/\/www.amper-aufsperrdienst.de\/en\/locksmith-munich-milbertshofener-platz\/","og_locale":"en_US","og_type":"article","og_title":"Locksmith Munich Milbertshofener Platz: Fixed price from \u20ac52","og_description":"Reliable and fast locksmith service in Munich Milbertshofener Platz with a fixed price guarantee, professional 24-hour service, and a free phone number: non-destructive door opening using the best specialized tools! Our locksmiths are highly trained and experienced! Contact us anytime, free of charge!","og_url":"https:\/\/www.amper-aufsperrdienst.de\/en\/locksmith-munich-milbertshofener-platz\/","og_site_name":"Locksmith for Munich, Dachau and F\u00fcrstenfeldbruck","article_modified_time":"2026-01-23T06:47:09+00:00","og_image":[{"url":"https:\/\/www.amper-aufsperrdienst.de\/wp-content\/uploads\/2021\/03\/schluesseldienst-muenchen-milbertshofener-platz-festpreis-ab-52-siegel.jpg","type":"","width":"","height":""}],"twitter_misc":{"Est. reading time":"3 minutes"},"schema":{"@context":"https:\/\/schema.org","@graph":[{"@type":"WebPage","@id":"https:\/\/www.amper-aufsperrdienst.de\/en\/locksmith-munich-milbertshofener-platz\/","url":"https:\/\/www.amper-aufsperrdienst.de\/en\/locksmith-munich-milbertshofener-platz\/","name":"Locksmith Munich Milbertshofener Platz: Fixed price from \u20ac52","isPartOf":{"@id":"https:\/\/www.amper-aufsperrdienst.de\/en\/#website"},"primaryImageOfPage":{"@id":"https:\/\/www.amper-aufsperrdienst.de\/en\/locksmith-munich-milbertshofener-platz\/#primaryimage"},"image":{"@id":"https:\/\/www.amper-aufsperrdienst.de\/en\/locksmith-munich-milbertshofener-platz\/#primaryimage"},"thumbnailUrl":"https:\/\/www.amper-aufsperrdienst.de\/wp-content\/uploads\/2021\/03\/schluesseldienst-muenchen-milbertshofener-platz-festpreis-ab-52-siegel.jpg","datePublished":"2018-02-28T09:25:23+00:00","dateModified":"2026-01-23T06:47:09+00:00","description":"Reliable and fast locksmith service in Munich Milbertshofener Platz with a fixed price guarantee, professional 24-hour service, and a free phone number: non-destructive door opening using the best specialized tools! Our locksmiths are highly trained and experienced! Contact us anytime, free of charge!","breadcrumb":{"@id":"https:\/\/www.amper-aufsperrdienst.de\/en\/locksmith-munich-milbertshofener-platz\/#breadcrumb"},"inLanguage":"en-US","potentialAction":[{"@type":"ReadAction","target":["https:\/\/www.amper-aufsperrdienst.de\/en\/locksmith-munich-milbertshofener-platz\/"]}]},{"@type":"ImageObject","inLanguage":"en-US","@id":"https:\/\/www.amper-aufsperrdienst.de\/en\/locksmith-munich-milbertshofener-platz\/#primaryimage","url":"https:\/\/www.amper-aufsperrdienst.de\/wp-content\/uploads\/2021\/03\/schluesseldienst-muenchen-milbertshofener-platz-festpreis-ab-52-siegel.jpg","contentUrl":"https:\/\/www.amper-aufsperrdienst.de\/wp-content\/uploads\/2021\/03\/schluesseldienst-muenchen-milbertshofener-platz-festpreis-ab-52-siegel.jpg"},{"@type":"BreadcrumbList","@id":"https:\/\/www.amper-aufsperrdienst.de\/en\/locksmith-munich-milbertshofener-platz\/#breadcrumb","itemListElement":[{"@type":"ListItem","position":1,"name":"Home","item":"https:\/\/www.amper-aufsperrdienst.de\/en\/"},{"@type":"ListItem","position":2,"name":"Locksmith Munich Milbertshofener Platz"}]},{"@type":"WebSite","@id":"https:\/\/www.amper-aufsperrdienst.de\/en\/#website","url":"https:\/\/www.amper-aufsperrdienst.de\/en\/","name":"Locksmith for Munich, Dachau and F\u00fcrstenfeldbruck","description":"Amper Aufsperrdienst","potentialAction":[{"@type":"SearchAction","target":{"@type":"EntryPoint","urlTemplate":"https:\/\/www.amper-aufsperrdienst.de\/en\/?s={search_term_string}"},"query-input":{"@type":"PropertyValueSpecification","valueRequired":true,"valueName":"search_term_string"}}],"inLanguage":"en-US"}]}},"_links":{"self":[{"href":"https:\/\/www.amper-aufsperrdienst.de\/en\/wp-json\/wp\/v2\/pages\/13937","targetHints":{"allow":["GET"]}}],"collection":[{"href":"https:\/\/www.amper-aufsperrdienst.de\/en\/wp-json\/wp\/v2\/pages"}],"about":[{"href":"https:\/\/www.amper-aufsperrdienst.de\/en\/wp-json\/wp\/v2\/types\/page"}],"author":[{"embeddable":true,"href":"https:\/\/www.amper-aufsperrdienst.de\/en\/wp-json\/wp\/v2\/users\/2"}],"replies":[{"embeddable":true,"href":"https:\/\/www.amper-aufsperrdienst.de\/en\/wp-json\/wp\/v2\/comments?post=13937"}],"version-history":[{"count":1,"href":"https:\/\/www.amper-aufsperrdienst.de\/en\/wp-json\/wp\/v2\/pages\/13937\/revisions"}],"predecessor-version":[{"id":13939,"href":"https:\/\/www.amper-aufsperrdienst.de\/en\/wp-json\/wp\/v2\/pages\/13937\/revisions\/13939"}],"wp:attachment":[{"href":"https:\/\/www.amper-aufsperrdienst.de\/en\/wp-json\/wp\/v2\/media?parent=13937"}],"curies":[{"name":"wp","href":"https:\/\/api.w.org\/{rel}","templated":true}]}}