{"id":13938,"date":"2017-12-26T21:00:38","date_gmt":"2017-12-26T19:00:38","guid":{"rendered":"https:\/\/www.amper-aufsperrdienst.de\/schluesseldienst-muenchen-platzl\/"},"modified":"2026-01-28T04:19:53","modified_gmt":"2026-01-28T02:19:53","slug":"locksmith-munich-platzl","status":"publish","type":"page","link":"https:\/\/www.amper-aufsperrdienst.de\/en\/locksmith-munich-platzl\/","title":{"rendered":"Locksmith Munich Platzl"},"content":{"rendered":"<p><img loading=\"lazy\" decoding=\"async\" class=\"alignleft\" style=\"margin-bottom: 5px !important;\" src=\"https:\/\/www.amper-aufsperrdienst.de\/wp-content\/uploads\/2021\/03\/schluesseldienst-muenchen-platzl-festpreis-ab-52-siegel.jpg\" alt=\"Amper Locksmith Opening Service muenchen-platzl with fixed price from 52,- EUR\" width=\"250\" height=\"250\" \/><\/p>\n<p>You have arrived at your apartment at Platzl and want to unlock the door, but you simply can&#8217;t find the key. Slowly, you begin to get the feeling that something is not right. You mentally go over the last few hours, and then shock runs through your body: The key is in your jacket pocket, and the jacket is still hanging in your home wardrobe!<\/p>\n<p>Now you need a reliable locksmith who not only arrives quickly at the location but also unlocks the door again without causing major damage. Introducing the Amper Unlocking Service, which has now been helping citizens out of this emergency situation for three generations.<\/p>\n          <!-- tarif -->\n<h2><b><span style=\"vertical-align: inherit;\"><span style=\"vertical-align: inherit;\">Our binding fixed prices start from \u20ac52.<\/span><\/span><\/b><\/h2>\n<p>Amper Locksmith Service is a fair locksmith service with transparent fixed prices:<\/p>\n<div class=\"table-title\">\n\tPRICE LIST  UNLOCK\n<\/div>\n<!-- Table part-->\n<table class=\"table\">\n  <thead class=\"header\">\n\t  <tr>\n     \t <th scope=\"col\">Time<\/th>\n     \t <th scope=\"col\">8 - 18<\/th>\n     \t <th scope=\"col\">18 - 22<\/th>\n     \t <th scope=\"col\">22 - 8<\/th>\n\t<\/tr>\n  <\/thead>\n  <tbody>\n     \t  <tr class=\"weekdays\">\n     \t  \t  <td class=\"tag\" data-label=\"Time\">Mo - Fr<\/td>\n     \t  \t  <td class=\"hrs tag\" data-label=\"8 - 18\">52,- \u20ac<\/td>\n     \t  \t  <td class=\"tag space\" data-label=\"18 - 22\">82,- \u20ac<\/td>\n     \t  \t  <td data-label=\"22 - 8\">95,- \u20ac<\/td>\n     \t  <\/tr>\n     <tr class=\"weekends\">\n     \t  \t  <td class=\"tag\" data-label=\"Time\">Sa<\/td>\n     \t  \t  <td class=\"tag\" data-label=\"8 - 18\">95,- \u20ac<\/td>\n     \t  \t  <td class=\"tag\" data-label=\"18 - 22\">95,- \u20ac<\/td>\n     \t  \t  <td data-label=\"22 - 8\">125,- \u20ac<\/td>\n     \t  <\/tr>\n     <tr class=\"holidays\">\n     \t  \t  <td class=\"tag\" data-label=\"Time\">So & holiday<\/td>\n     \t  \t  <td class=\"tag\" data-label=\"8 - 18\">125,- \u20ac<\/td>\n     \t  \t  <td class=\"tag\" data-label=\"18 - 22\">125,-\u20ac<\/td>\n     \t  \t  <td data-label=\"22 - 8\">125,-\u20ac<\/td>\n     \t  <\/tr>\n     <\/tbody>\n<\/table>\n<!-- Table Description-->\n<div class=\"table-description\">\n\t<em>Please call to inquire about travel costs.<\/em>\n<\/div>\n<!-- Wordings below -->\n<div class=\"wordings\">\n<p>The prices listed in this table are binding for unlocking a door that has slammed shut or been pulled shut (without self-locking mechanisms). Please feel free to contact us if you would like a price quote for other locksmith services. We will gladly provide you with a transparent, fixed-price offer.<\/p>\n<\/div>\n\n<!-- END Wordings -->\n\n\n\n<div class=\"ansprech\">Fast locksmith service Munich Platzl with fixed price guarantee<br \/>\n<h3 class=\"phone mobilesOnly\"><a href=\"tel:+498000131131\">0800 \/ 0 131 131<\/a><\/h3><h3 class=\"phone desktopOnly\"><a href=\"tel:+498000131131\">0800 \/ 0 131 131<\/a><\/h3>Also available for you at night and on holidays!<\/div>\n<h2>Door opening at Platzl: fast, reliable, and at a fixed price<\/h2>\n<p>As a rule, we are at your location in about 30 minutes and can start work on-site. We are not only fast, but you can also ask for a fixed price directly over the phone, which will actually apply. You only get this fixed-price guarantee from reputable providers, and you can recognize a good locksmith, among other things, by the fact that they can give such a guarantee over the phone.<\/p>\n<p>In addition, you should make sure that proof of authorization is required. If this is not provided, unlocking is actually not allowed, and the police must be called. Our technicians only open doors upon presentation of this proof!<\/p>\n<h2>Platzl in Munich<\/h2>\n<p>Platzl is the name given to the square-like extension of the ending Orlandostra\u00dfe, which was already mentioned in 1780. This square was also temporarily referred to as Graggenau. By far the most well-known building here is the Hofbr\u00e4uhaus, while the Hard Rock Caf\u00e9, Alfons Schuhbeck&#8217;s S\u00fcdtiroler Stuben, and the Platzl Hotel are also very famous.<\/p>\n<p>Important streets around the Munich Platzl are Falkenturmstra\u00dfe, Marstallstra\u00dfe, Br\u00e4uhausstra\u00dfe, Neuturmstra\u00dfe, Am Kosttor, Hofgraben, Alter Hof, Sparkassenstra\u00dfe, Pfisterstra\u00dfe, Ledererstra\u00dfe, Hildegardstra\u00dfe, and Hochbr\u00fcckenstra\u00dfe.<\/p>\n<h2>With special tools for the open door<\/h2>\n<p>But no matter whether you live directly at the Platzl or need our help in the surrounding area \u2013 we\u2019ll come to you in no time and bring our specialized tools with us. These are essential to ensure an almost 100% chance that the unlocking can be carried out without any damage.<\/p>\n<p>Amateurish tampering with locks often causes additional damage, but we can look back on an unparalleled track record, as we have successfully opened almost every door without causing harm. Benefit from our experience and call us for free on our 0800 number.<\/p>\n<div class=\"ansprech\">Quick Door Opening Munich Platzl with Fixed Price Guarantee<br \/>\n<h3 class=\"phone mobilesOnly\"><a href=\"tel:+498000131131\">0800 \/ 0 131 131<\/a><\/h3><h3 class=\"phone desktopOnly\"><a href=\"tel:+498000131131\">0800 \/ 0 131 131<\/a><\/h3>The locksmith is also available for you at night and on holidays!<\/div>\n","protected":false},"excerpt":{"rendered":"<p>You have arrived at your apartment at Platzl and want to unlock the door, but you simply can&#8217;t find the key. Slowly, you begin to get the feeling that something is not right. You mentally go over the last few hours, and then shock runs through your body: The key is in your jacket pocket, [&hellip;]<\/p>\n","protected":false},"author":2,"featured_media":0,"parent":0,"menu_order":0,"comment_status":"closed","ping_status":"closed","template":"","meta":{"footnotes":"","_links_to":"","_links_to_target":""},"class_list":["post-13938","page","type-page","status-publish","hentry"],"yoast_head":"<!-- This site is optimized with the Yoast SEO plugin v27.4 - https:\/\/yoast.com\/product\/yoast-seo-wordpress\/ -->\n<title>Munich Locksmith Platzl: fixed price from 52,- EUR<\/title>\n<meta name=\"description\" content=\"Locksmith M\u00fcnchner Platzl: A professional will be with you in 30 minutes. Door opening by Amper Unlocking Service without damage, around the clock, 24\/7 at a fixed price\" \/>\n<meta name=\"robots\" content=\"index, follow, max-snippet:-1, max-image-preview:large, max-video-preview:-1\" \/>\n<link rel=\"canonical\" href=\"https:\/\/www.amper-aufsperrdienst.de\/en\/locksmith-munich-platzl\/\" \/>\n<meta property=\"og:locale\" content=\"en_US\" \/>\n<meta property=\"og:type\" content=\"article\" \/>\n<meta property=\"og:title\" content=\"Munich Locksmith Platzl: fixed price from 52,- EUR\" \/>\n<meta property=\"og:description\" content=\"Locksmith M\u00fcnchner Platzl: A professional will be with you in 30 minutes. Door opening by Amper Unlocking Service without damage, around the clock, 24\/7 at a fixed price\" \/>\n<meta property=\"og:url\" content=\"https:\/\/www.amper-aufsperrdienst.de\/en\/locksmith-munich-platzl\/\" \/>\n<meta property=\"og:site_name\" content=\"Locksmith for Munich, Dachau and F\u00fcrstenfeldbruck\" \/>\n<meta property=\"article:modified_time\" content=\"2026-01-28T02:19:53+00:00\" \/>\n<meta property=\"og:image\" content=\"https:\/\/www.amper-aufsperrdienst.de\/wp-content\/uploads\/2021\/03\/schluesseldienst-muenchen-platzl-festpreis-ab-52-siegel.jpg\" \/>\n<meta name=\"twitter:label1\" content=\"Est. reading time\" \/>\n\t<meta name=\"twitter:data1\" content=\"3 minutes\" \/>\n<script type=\"application\/ld+json\" class=\"yoast-schema-graph\">{\"@context\":\"https:\\\/\\\/schema.org\",\"@graph\":[{\"@type\":\"WebPage\",\"@id\":\"https:\\\/\\\/www.amper-aufsperrdienst.de\\\/en\\\/locksmith-munich-platzl\\\/\",\"url\":\"https:\\\/\\\/www.amper-aufsperrdienst.de\\\/en\\\/locksmith-munich-platzl\\\/\",\"name\":\"Munich Locksmith Platzl: fixed price from 52,- EUR\",\"isPartOf\":{\"@id\":\"https:\\\/\\\/www.amper-aufsperrdienst.de\\\/en\\\/#website\"},\"primaryImageOfPage\":{\"@id\":\"https:\\\/\\\/www.amper-aufsperrdienst.de\\\/en\\\/locksmith-munich-platzl\\\/#primaryimage\"},\"image\":{\"@id\":\"https:\\\/\\\/www.amper-aufsperrdienst.de\\\/en\\\/locksmith-munich-platzl\\\/#primaryimage\"},\"thumbnailUrl\":\"https:\\\/\\\/www.amper-aufsperrdienst.de\\\/wp-content\\\/uploads\\\/2021\\\/03\\\/schluesseldienst-muenchen-platzl-festpreis-ab-52-siegel.jpg\",\"datePublished\":\"2017-12-26T19:00:38+00:00\",\"dateModified\":\"2026-01-28T02:19:53+00:00\",\"description\":\"Locksmith M\u00fcnchner Platzl: A professional will be with you in 30 minutes. Door opening by Amper Unlocking Service without damage, around the clock, 24\\\/7 at a fixed price\",\"breadcrumb\":{\"@id\":\"https:\\\/\\\/www.amper-aufsperrdienst.de\\\/en\\\/locksmith-munich-platzl\\\/#breadcrumb\"},\"inLanguage\":\"en-US\",\"potentialAction\":[{\"@type\":\"ReadAction\",\"target\":[\"https:\\\/\\\/www.amper-aufsperrdienst.de\\\/en\\\/locksmith-munich-platzl\\\/\"]}]},{\"@type\":\"ImageObject\",\"inLanguage\":\"en-US\",\"@id\":\"https:\\\/\\\/www.amper-aufsperrdienst.de\\\/en\\\/locksmith-munich-platzl\\\/#primaryimage\",\"url\":\"https:\\\/\\\/www.amper-aufsperrdienst.de\\\/wp-content\\\/uploads\\\/2021\\\/03\\\/schluesseldienst-muenchen-platzl-festpreis-ab-52-siegel.jpg\",\"contentUrl\":\"https:\\\/\\\/www.amper-aufsperrdienst.de\\\/wp-content\\\/uploads\\\/2021\\\/03\\\/schluesseldienst-muenchen-platzl-festpreis-ab-52-siegel.jpg\"},{\"@type\":\"BreadcrumbList\",\"@id\":\"https:\\\/\\\/www.amper-aufsperrdienst.de\\\/en\\\/locksmith-munich-platzl\\\/#breadcrumb\",\"itemListElement\":[{\"@type\":\"ListItem\",\"position\":1,\"name\":\"Home\",\"item\":\"https:\\\/\\\/www.amper-aufsperrdienst.de\\\/en\\\/\"},{\"@type\":\"ListItem\",\"position\":2,\"name\":\"Locksmith Munich Platzl\"}]},{\"@type\":\"WebSite\",\"@id\":\"https:\\\/\\\/www.amper-aufsperrdienst.de\\\/en\\\/#website\",\"url\":\"https:\\\/\\\/www.amper-aufsperrdienst.de\\\/en\\\/\",\"name\":\"Locksmith for Munich, Dachau and F\u00fcrstenfeldbruck\",\"description\":\"Amper Aufsperrdienst\",\"potentialAction\":[{\"@type\":\"SearchAction\",\"target\":{\"@type\":\"EntryPoint\",\"urlTemplate\":\"https:\\\/\\\/www.amper-aufsperrdienst.de\\\/en\\\/?s={search_term_string}\"},\"query-input\":{\"@type\":\"PropertyValueSpecification\",\"valueRequired\":true,\"valueName\":\"search_term_string\"}}],\"inLanguage\":\"en-US\"}]}<\/script>\n<!-- \/ Yoast SEO plugin. -->","yoast_head_json":{"title":"Munich Locksmith Platzl: fixed price from 52,- EUR","description":"Locksmith M\u00fcnchner Platzl: A professional will be with you in 30 minutes. Door opening by Amper Unlocking Service without damage, around the clock, 24\/7 at a fixed price","robots":{"index":"index","follow":"follow","max-snippet":"max-snippet:-1","max-image-preview":"max-image-preview:large","max-video-preview":"max-video-preview:-1"},"canonical":"https:\/\/www.amper-aufsperrdienst.de\/en\/locksmith-munich-platzl\/","og_locale":"en_US","og_type":"article","og_title":"Munich Locksmith Platzl: fixed price from 52,- EUR","og_description":"Locksmith M\u00fcnchner Platzl: A professional will be with you in 30 minutes. Door opening by Amper Unlocking Service without damage, around the clock, 24\/7 at a fixed price","og_url":"https:\/\/www.amper-aufsperrdienst.de\/en\/locksmith-munich-platzl\/","og_site_name":"Locksmith for Munich, Dachau and F\u00fcrstenfeldbruck","article_modified_time":"2026-01-28T02:19:53+00:00","og_image":[{"url":"https:\/\/www.amper-aufsperrdienst.de\/wp-content\/uploads\/2021\/03\/schluesseldienst-muenchen-platzl-festpreis-ab-52-siegel.jpg","type":"","width":"","height":""}],"twitter_misc":{"Est. reading time":"3 minutes"},"schema":{"@context":"https:\/\/schema.org","@graph":[{"@type":"WebPage","@id":"https:\/\/www.amper-aufsperrdienst.de\/en\/locksmith-munich-platzl\/","url":"https:\/\/www.amper-aufsperrdienst.de\/en\/locksmith-munich-platzl\/","name":"Munich Locksmith Platzl: fixed price from 52,- EUR","isPartOf":{"@id":"https:\/\/www.amper-aufsperrdienst.de\/en\/#website"},"primaryImageOfPage":{"@id":"https:\/\/www.amper-aufsperrdienst.de\/en\/locksmith-munich-platzl\/#primaryimage"},"image":{"@id":"https:\/\/www.amper-aufsperrdienst.de\/en\/locksmith-munich-platzl\/#primaryimage"},"thumbnailUrl":"https:\/\/www.amper-aufsperrdienst.de\/wp-content\/uploads\/2021\/03\/schluesseldienst-muenchen-platzl-festpreis-ab-52-siegel.jpg","datePublished":"2017-12-26T19:00:38+00:00","dateModified":"2026-01-28T02:19:53+00:00","description":"Locksmith M\u00fcnchner Platzl: A professional will be with you in 30 minutes. Door opening by Amper Unlocking Service without damage, around the clock, 24\/7 at a fixed price","breadcrumb":{"@id":"https:\/\/www.amper-aufsperrdienst.de\/en\/locksmith-munich-platzl\/#breadcrumb"},"inLanguage":"en-US","potentialAction":[{"@type":"ReadAction","target":["https:\/\/www.amper-aufsperrdienst.de\/en\/locksmith-munich-platzl\/"]}]},{"@type":"ImageObject","inLanguage":"en-US","@id":"https:\/\/www.amper-aufsperrdienst.de\/en\/locksmith-munich-platzl\/#primaryimage","url":"https:\/\/www.amper-aufsperrdienst.de\/wp-content\/uploads\/2021\/03\/schluesseldienst-muenchen-platzl-festpreis-ab-52-siegel.jpg","contentUrl":"https:\/\/www.amper-aufsperrdienst.de\/wp-content\/uploads\/2021\/03\/schluesseldienst-muenchen-platzl-festpreis-ab-52-siegel.jpg"},{"@type":"BreadcrumbList","@id":"https:\/\/www.amper-aufsperrdienst.de\/en\/locksmith-munich-platzl\/#breadcrumb","itemListElement":[{"@type":"ListItem","position":1,"name":"Home","item":"https:\/\/www.amper-aufsperrdienst.de\/en\/"},{"@type":"ListItem","position":2,"name":"Locksmith Munich Platzl"}]},{"@type":"WebSite","@id":"https:\/\/www.amper-aufsperrdienst.de\/en\/#website","url":"https:\/\/www.amper-aufsperrdienst.de\/en\/","name":"Locksmith for Munich, Dachau and F\u00fcrstenfeldbruck","description":"Amper Aufsperrdienst","potentialAction":[{"@type":"SearchAction","target":{"@type":"EntryPoint","urlTemplate":"https:\/\/www.amper-aufsperrdienst.de\/en\/?s={search_term_string}"},"query-input":{"@type":"PropertyValueSpecification","valueRequired":true,"valueName":"search_term_string"}}],"inLanguage":"en-US"}]}},"_links":{"self":[{"href":"https:\/\/www.amper-aufsperrdienst.de\/en\/wp-json\/wp\/v2\/pages\/13938","targetHints":{"allow":["GET"]}}],"collection":[{"href":"https:\/\/www.amper-aufsperrdienst.de\/en\/wp-json\/wp\/v2\/pages"}],"about":[{"href":"https:\/\/www.amper-aufsperrdienst.de\/en\/wp-json\/wp\/v2\/types\/page"}],"author":[{"embeddable":true,"href":"https:\/\/www.amper-aufsperrdienst.de\/en\/wp-json\/wp\/v2\/users\/2"}],"replies":[{"embeddable":true,"href":"https:\/\/www.amper-aufsperrdienst.de\/en\/wp-json\/wp\/v2\/comments?post=13938"}],"version-history":[{"count":1,"href":"https:\/\/www.amper-aufsperrdienst.de\/en\/wp-json\/wp\/v2\/pages\/13938\/revisions"}],"predecessor-version":[{"id":13942,"href":"https:\/\/www.amper-aufsperrdienst.de\/en\/wp-json\/wp\/v2\/pages\/13938\/revisions\/13942"}],"wp:attachment":[{"href":"https:\/\/www.amper-aufsperrdienst.de\/en\/wp-json\/wp\/v2\/media?parent=13938"}],"curies":[{"name":"wp","href":"https:\/\/api.w.org\/{rel}","templated":true}]}}