{"id":13943,"date":"2018-02-28T11:39:36","date_gmt":"2018-02-28T09:39:36","guid":{"rendered":"https:\/\/www.amper-aufsperrdienst.de\/locksmith-munich-moosacher-st-martins-platz\/"},"modified":"2026-01-23T08:54:06","modified_gmt":"2026-01-23T06:54:06","slug":"locksmith-munich-moosacher-st-martins-platz","status":"publish","type":"page","link":"https:\/\/www.amper-aufsperrdienst.de\/en\/locksmith-munich-moosacher-st-martins-platz\/","title":{"rendered":"Locksmith Munich Moosacher St.-Martins-Platz"},"content":{"rendered":"<p><img loading=\"lazy\" decoding=\"async\" class=\"alignleft\" style=\"margin-bottom: 5px !important;\" src=\"https:\/\/www.amper-aufsperrdienst.de\/wp-content\/uploads\/2021\/03\/schluesseldienst-muenchen-moosacher-st-martins-platz-festpreis-ab-52-siegel.jpg\" alt=\"Locksmith Amper - Locksmith Munich-Moosacher-St.-Martins-Platz with a fixed price starting at \u20ac52\" width=\"250\" height=\"250\" \/><\/p>\n<p>Were you momentarily distracted and accidentally locked yourself out, leaving your key inside? You&#8217;re not alone; this happens to many people in Germany every day. Even if your key breaks off in the lock, you can stay calm with our locksmith service in Munich&#8217;s Moosach district (St.-Martins-Platz). We offer fast door opening services and will be at your location in approximately 30 minutes. We also operate at a fair fixed price, 24\/7, even on weekends and holidays! Simply call us free of charge and request a damage-free door opening!<\/p>\n          <!-- tarif -->\n<h2><b><span style=\"vertical-align: inherit;\"><span style=\"vertical-align: inherit;\">Our binding fixed prices start from \u20ac52.<\/span><\/span><\/b><\/h2>\n<p>Amper Locksmith Service is a fair locksmith service with transparent fixed prices:<\/p>\n<div class=\"table-title\">\n\tPRICE LIST  UNLOCK\n<\/div>\n<!-- Table part-->\n<table class=\"table\">\n  <thead class=\"header\">\n\t  <tr>\n     \t <th scope=\"col\">Time<\/th>\n     \t <th scope=\"col\">8 - 18<\/th>\n     \t <th scope=\"col\">18 - 22<\/th>\n     \t <th scope=\"col\">22 - 8<\/th>\n\t<\/tr>\n  <\/thead>\n  <tbody>\n     \t  <tr class=\"weekdays\">\n     \t  \t  <td class=\"tag\" data-label=\"Time\">Mo - Fr<\/td>\n     \t  \t  <td class=\"hrs tag\" data-label=\"8 - 18\">52,- \u20ac<\/td>\n     \t  \t  <td class=\"tag space\" data-label=\"18 - 22\">82,- \u20ac<\/td>\n     \t  \t  <td data-label=\"22 - 8\">95,- \u20ac<\/td>\n     \t  <\/tr>\n     <tr class=\"weekends\">\n     \t  \t  <td class=\"tag\" data-label=\"Time\">Sa<\/td>\n     \t  \t  <td class=\"tag\" data-label=\"8 - 18\">95,- \u20ac<\/td>\n     \t  \t  <td class=\"tag\" data-label=\"18 - 22\">95,- \u20ac<\/td>\n     \t  \t  <td data-label=\"22 - 8\">125,- \u20ac<\/td>\n     \t  <\/tr>\n     <tr class=\"holidays\">\n     \t  \t  <td class=\"tag\" data-label=\"Time\">So & holiday<\/td>\n     \t  \t  <td class=\"tag\" data-label=\"8 - 18\">125,- \u20ac<\/td>\n     \t  \t  <td class=\"tag\" data-label=\"18 - 22\">125,-\u20ac<\/td>\n     \t  \t  <td data-label=\"22 - 8\">125,-\u20ac<\/td>\n     \t  <\/tr>\n     <\/tbody>\n<\/table>\n<!-- Table Description-->\n<div class=\"table-description\">\n\t<em>Please call to inquire about travel costs.<\/em>\n<\/div>\n<!-- Wordings below -->\n<div class=\"wordings\">\n<p>The prices listed in this table are binding for unlocking a door that has slammed shut or been pulled shut (without self-locking mechanisms). Please feel free to contact us if you would like a price quote for other locksmith services. We will gladly provide you with a transparent, fixed-price offer.<\/p>\n<\/div>\n\n<!-- END Wordings -->\n\n\n\n<div class=\"ansprech\">Reliable locksmith service in Munich, Moosacher St.-Martins-Platz<br \/>\n<h3 class=\"phone mobilesOnly\"><a href=\"tel:+498000131131\">0800 \/ 0 131 131<\/a><\/h3><h3 class=\"phone desktopOnly\"><a href=\"tel:+498000131131\">0800 \/ 0 131 131<\/a><\/h3>Free emergency hotline, 24\/7 service, and fixed price guarantee<\/div>\n<h2>Damage-free door opening by experienced locksmiths<\/h2>\n<p>If you also need a door opened without damage, the approach is crucial. The team around Mario Pichelmaier, the third-generation owner of the company, has been working together for many years and knows exactly how to open a door quickly. We are not only familiar with a wide variety of door locks, but are also equipped with specialized tools that allow us to open almost 100% of locked doors without causing any damage.<\/p>\n<h2>24\/7 Door Opening Service at a Fixed Price<\/h2>\n<p>You can reach Mario Pichelmaier&#8217;s team around the clock via our toll-free number. We&#8217;re even available on Sundays and public holidays. If you describe your situation to us over the phone using our toll-free number, we can immediately provide you with our fixed price, which also applies to on-site visits. With our fair prices, we deliberately distinguish ourselves from the many shell companies and scam operators who shamelessly exploit the needs of others. Our locksmith service in Munich&#8217;s Moosach district, St. Martins Square, keeps its promises.<\/p>\n<h2>St. Martin&#8217;s Square in Moosach, Munich<\/h2>\n<p>As its name suggests, St. Martin&#8217;s Square in Moosach is located in the Moosach district of Munich and is bordered by Leipziger Stra\u00dfe, Pelkovenstra\u00dfe, and Dresdner Stra\u00dfe. It lies directly on Pelkovenstra\u00dfe and is situated east of the old parish church of St. Martin. Since Moosach was incorporated into the city of Munich in 1913, St. Martin&#8217;s Church has been the oldest church in the entire city.<\/p>\n<p>To the south, the square is bordered by Pelkovenschl\u00f6ssl. Both the castle and the church formerly formed the heart of old Moosach. Even today, the Maypole Festival takes place on the square every year, accompanied by cannon fire and dancing. Moosach St. Martin&#8217;s Square is connected to the U3 subway line via the Moosach station.<\/p>\n<h2>Locksmith Munich Moosach St. Martin&#8217;s Square: Never fear burglars again<\/h2>\n<p>Do you want to protect your door from theft and burglars? Mario Pichelmaier and his team will gladly take care of it and make your house burglar-proof. You can reach us on our toll-free number not only if you need a quick door opening, but also if you would like us to install professional locks or conduct a security analysis. We guarantee to implement the most suitable measures for you and are happy to advise you.<\/p>\n<div class=\"ansprech\">Reliable locksmith service in Munich, Moosacher St.-Martins-Platz<br \/>\n<h3 class=\"phone mobilesOnly\"><a href=\"tel:+498000131131\">0800 \/ 0 131 131<\/a><\/h3><h3 class=\"phone desktopOnly\"><a href=\"tel:+498000131131\">0800 \/ 0 131 131<\/a><\/h3>Free emergency hotline, 24\/7 service, and fixed price guarantee<\/div>\n","protected":false},"excerpt":{"rendered":"<p>Were you momentarily distracted and accidentally locked yourself out, leaving your key inside? You&#8217;re not alone; this happens to many people in Germany every day. Even if your key breaks off in the lock, you can stay calm with our locksmith service in Munich&#8217;s Moosach district (St.-Martins-Platz). We offer fast door opening services and will [&hellip;]<\/p>\n","protected":false},"author":2,"featured_media":0,"parent":0,"menu_order":0,"comment_status":"closed","ping_status":"closed","template":"","meta":{"footnotes":"","_links_to":"","_links_to_target":""},"class_list":["post-13943","page","type-page","status-publish","hentry"],"yoast_head":"<!-- This site is optimized with the Yoast SEO plugin v27.4 - https:\/\/yoast.com\/product\/yoast-seo-wordpress\/ -->\n<title>Locksmith Munich Moosacher St.-Martins-Platz: from \u20ac52 - fixed price<\/title>\n<meta name=\"description\" content=\"Friendly and competent locksmith service in Munich Moosacher St.-Martins-Platz with great fixed prices, 24\/7 availability, and a toll-free number: our experienced locksmiths will quickly and damage-free unlock your locked or jammed door! We use only professional tools!\" \/>\n<meta name=\"robots\" content=\"index, follow, max-snippet:-1, max-image-preview:large, max-video-preview:-1\" \/>\n<link rel=\"canonical\" href=\"https:\/\/www.amper-aufsperrdienst.de\/en\/locksmith-munich-moosacher-st-martins-platz\/\" \/>\n<meta property=\"og:locale\" content=\"en_US\" \/>\n<meta property=\"og:type\" content=\"article\" \/>\n<meta property=\"og:title\" content=\"Locksmith Munich Moosacher St.-Martins-Platz: from \u20ac52 - fixed price\" \/>\n<meta property=\"og:description\" content=\"Friendly and competent locksmith service in Munich Moosacher St.-Martins-Platz with great fixed prices, 24\/7 availability, and a toll-free number: our experienced locksmiths will quickly and damage-free unlock your locked or jammed door! We use only professional tools!\" \/>\n<meta property=\"og:url\" content=\"https:\/\/www.amper-aufsperrdienst.de\/en\/locksmith-munich-moosacher-st-martins-platz\/\" \/>\n<meta property=\"og:site_name\" content=\"Locksmith for Munich, Dachau and F\u00fcrstenfeldbruck\" \/>\n<meta property=\"article:modified_time\" content=\"2026-01-23T06:54:06+00:00\" \/>\n<meta property=\"og:image\" content=\"https:\/\/www.amper-aufsperrdienst.de\/wp-content\/uploads\/2021\/03\/schluesseldienst-muenchen-moosacher-st-martins-platz-festpreis-ab-52-siegel.jpg\" \/>\n<meta name=\"twitter:label1\" content=\"Est. reading time\" \/>\n\t<meta name=\"twitter:data1\" content=\"4 minutes\" \/>\n<script type=\"application\/ld+json\" class=\"yoast-schema-graph\">{\"@context\":\"https:\\\/\\\/schema.org\",\"@graph\":[{\"@type\":\"WebPage\",\"@id\":\"https:\\\/\\\/www.amper-aufsperrdienst.de\\\/en\\\/locksmith-munich-moosacher-st-martins-platz\\\/\",\"url\":\"https:\\\/\\\/www.amper-aufsperrdienst.de\\\/en\\\/locksmith-munich-moosacher-st-martins-platz\\\/\",\"name\":\"Locksmith Munich Moosacher St.-Martins-Platz: from \u20ac52 - fixed price\",\"isPartOf\":{\"@id\":\"https:\\\/\\\/www.amper-aufsperrdienst.de\\\/en\\\/#website\"},\"primaryImageOfPage\":{\"@id\":\"https:\\\/\\\/www.amper-aufsperrdienst.de\\\/en\\\/locksmith-munich-moosacher-st-martins-platz\\\/#primaryimage\"},\"image\":{\"@id\":\"https:\\\/\\\/www.amper-aufsperrdienst.de\\\/en\\\/locksmith-munich-moosacher-st-martins-platz\\\/#primaryimage\"},\"thumbnailUrl\":\"https:\\\/\\\/www.amper-aufsperrdienst.de\\\/wp-content\\\/uploads\\\/2021\\\/03\\\/schluesseldienst-muenchen-moosacher-st-martins-platz-festpreis-ab-52-siegel.jpg\",\"datePublished\":\"2018-02-28T09:39:36+00:00\",\"dateModified\":\"2026-01-23T06:54:06+00:00\",\"description\":\"Friendly and competent locksmith service in Munich Moosacher St.-Martins-Platz with great fixed prices, 24\\\/7 availability, and a toll-free number: our experienced locksmiths will quickly and damage-free unlock your locked or jammed door! We use only professional tools!\",\"breadcrumb\":{\"@id\":\"https:\\\/\\\/www.amper-aufsperrdienst.de\\\/en\\\/locksmith-munich-moosacher-st-martins-platz\\\/#breadcrumb\"},\"inLanguage\":\"en-US\",\"potentialAction\":[{\"@type\":\"ReadAction\",\"target\":[\"https:\\\/\\\/www.amper-aufsperrdienst.de\\\/en\\\/locksmith-munich-moosacher-st-martins-platz\\\/\"]}]},{\"@type\":\"ImageObject\",\"inLanguage\":\"en-US\",\"@id\":\"https:\\\/\\\/www.amper-aufsperrdienst.de\\\/en\\\/locksmith-munich-moosacher-st-martins-platz\\\/#primaryimage\",\"url\":\"https:\\\/\\\/www.amper-aufsperrdienst.de\\\/wp-content\\\/uploads\\\/2021\\\/03\\\/schluesseldienst-muenchen-moosacher-st-martins-platz-festpreis-ab-52-siegel.jpg\",\"contentUrl\":\"https:\\\/\\\/www.amper-aufsperrdienst.de\\\/wp-content\\\/uploads\\\/2021\\\/03\\\/schluesseldienst-muenchen-moosacher-st-martins-platz-festpreis-ab-52-siegel.jpg\"},{\"@type\":\"BreadcrumbList\",\"@id\":\"https:\\\/\\\/www.amper-aufsperrdienst.de\\\/en\\\/locksmith-munich-moosacher-st-martins-platz\\\/#breadcrumb\",\"itemListElement\":[{\"@type\":\"ListItem\",\"position\":1,\"name\":\"Home\",\"item\":\"https:\\\/\\\/www.amper-aufsperrdienst.de\\\/en\\\/\"},{\"@type\":\"ListItem\",\"position\":2,\"name\":\"Locksmith Munich Moosacher St.-Martins-Platz\"}]},{\"@type\":\"WebSite\",\"@id\":\"https:\\\/\\\/www.amper-aufsperrdienst.de\\\/en\\\/#website\",\"url\":\"https:\\\/\\\/www.amper-aufsperrdienst.de\\\/en\\\/\",\"name\":\"Locksmith for Munich, Dachau and F\u00fcrstenfeldbruck\",\"description\":\"Amper Aufsperrdienst\",\"potentialAction\":[{\"@type\":\"SearchAction\",\"target\":{\"@type\":\"EntryPoint\",\"urlTemplate\":\"https:\\\/\\\/www.amper-aufsperrdienst.de\\\/en\\\/?s={search_term_string}\"},\"query-input\":{\"@type\":\"PropertyValueSpecification\",\"valueRequired\":true,\"valueName\":\"search_term_string\"}}],\"inLanguage\":\"en-US\"}]}<\/script>\n<!-- \/ Yoast SEO plugin. -->","yoast_head_json":{"title":"Locksmith Munich Moosacher St.-Martins-Platz: from \u20ac52 - fixed price","description":"Friendly and competent locksmith service in Munich Moosacher St.-Martins-Platz with great fixed prices, 24\/7 availability, and a toll-free number: our experienced locksmiths will quickly and damage-free unlock your locked or jammed door! We use only professional tools!","robots":{"index":"index","follow":"follow","max-snippet":"max-snippet:-1","max-image-preview":"max-image-preview:large","max-video-preview":"max-video-preview:-1"},"canonical":"https:\/\/www.amper-aufsperrdienst.de\/en\/locksmith-munich-moosacher-st-martins-platz\/","og_locale":"en_US","og_type":"article","og_title":"Locksmith Munich Moosacher St.-Martins-Platz: from \u20ac52 - fixed price","og_description":"Friendly and competent locksmith service in Munich Moosacher St.-Martins-Platz with great fixed prices, 24\/7 availability, and a toll-free number: our experienced locksmiths will quickly and damage-free unlock your locked or jammed door! We use only professional tools!","og_url":"https:\/\/www.amper-aufsperrdienst.de\/en\/locksmith-munich-moosacher-st-martins-platz\/","og_site_name":"Locksmith for Munich, Dachau and F\u00fcrstenfeldbruck","article_modified_time":"2026-01-23T06:54:06+00:00","og_image":[{"url":"https:\/\/www.amper-aufsperrdienst.de\/wp-content\/uploads\/2021\/03\/schluesseldienst-muenchen-moosacher-st-martins-platz-festpreis-ab-52-siegel.jpg","type":"","width":"","height":""}],"twitter_misc":{"Est. reading time":"4 minutes"},"schema":{"@context":"https:\/\/schema.org","@graph":[{"@type":"WebPage","@id":"https:\/\/www.amper-aufsperrdienst.de\/en\/locksmith-munich-moosacher-st-martins-platz\/","url":"https:\/\/www.amper-aufsperrdienst.de\/en\/locksmith-munich-moosacher-st-martins-platz\/","name":"Locksmith Munich Moosacher St.-Martins-Platz: from \u20ac52 - fixed price","isPartOf":{"@id":"https:\/\/www.amper-aufsperrdienst.de\/en\/#website"},"primaryImageOfPage":{"@id":"https:\/\/www.amper-aufsperrdienst.de\/en\/locksmith-munich-moosacher-st-martins-platz\/#primaryimage"},"image":{"@id":"https:\/\/www.amper-aufsperrdienst.de\/en\/locksmith-munich-moosacher-st-martins-platz\/#primaryimage"},"thumbnailUrl":"https:\/\/www.amper-aufsperrdienst.de\/wp-content\/uploads\/2021\/03\/schluesseldienst-muenchen-moosacher-st-martins-platz-festpreis-ab-52-siegel.jpg","datePublished":"2018-02-28T09:39:36+00:00","dateModified":"2026-01-23T06:54:06+00:00","description":"Friendly and competent locksmith service in Munich Moosacher St.-Martins-Platz with great fixed prices, 24\/7 availability, and a toll-free number: our experienced locksmiths will quickly and damage-free unlock your locked or jammed door! We use only professional tools!","breadcrumb":{"@id":"https:\/\/www.amper-aufsperrdienst.de\/en\/locksmith-munich-moosacher-st-martins-platz\/#breadcrumb"},"inLanguage":"en-US","potentialAction":[{"@type":"ReadAction","target":["https:\/\/www.amper-aufsperrdienst.de\/en\/locksmith-munich-moosacher-st-martins-platz\/"]}]},{"@type":"ImageObject","inLanguage":"en-US","@id":"https:\/\/www.amper-aufsperrdienst.de\/en\/locksmith-munich-moosacher-st-martins-platz\/#primaryimage","url":"https:\/\/www.amper-aufsperrdienst.de\/wp-content\/uploads\/2021\/03\/schluesseldienst-muenchen-moosacher-st-martins-platz-festpreis-ab-52-siegel.jpg","contentUrl":"https:\/\/www.amper-aufsperrdienst.de\/wp-content\/uploads\/2021\/03\/schluesseldienst-muenchen-moosacher-st-martins-platz-festpreis-ab-52-siegel.jpg"},{"@type":"BreadcrumbList","@id":"https:\/\/www.amper-aufsperrdienst.de\/en\/locksmith-munich-moosacher-st-martins-platz\/#breadcrumb","itemListElement":[{"@type":"ListItem","position":1,"name":"Home","item":"https:\/\/www.amper-aufsperrdienst.de\/en\/"},{"@type":"ListItem","position":2,"name":"Locksmith Munich Moosacher St.-Martins-Platz"}]},{"@type":"WebSite","@id":"https:\/\/www.amper-aufsperrdienst.de\/en\/#website","url":"https:\/\/www.amper-aufsperrdienst.de\/en\/","name":"Locksmith for Munich, Dachau and F\u00fcrstenfeldbruck","description":"Amper Aufsperrdienst","potentialAction":[{"@type":"SearchAction","target":{"@type":"EntryPoint","urlTemplate":"https:\/\/www.amper-aufsperrdienst.de\/en\/?s={search_term_string}"},"query-input":{"@type":"PropertyValueSpecification","valueRequired":true,"valueName":"search_term_string"}}],"inLanguage":"en-US"}]}},"_links":{"self":[{"href":"https:\/\/www.amper-aufsperrdienst.de\/en\/wp-json\/wp\/v2\/pages\/13943","targetHints":{"allow":["GET"]}}],"collection":[{"href":"https:\/\/www.amper-aufsperrdienst.de\/en\/wp-json\/wp\/v2\/pages"}],"about":[{"href":"https:\/\/www.amper-aufsperrdienst.de\/en\/wp-json\/wp\/v2\/types\/page"}],"author":[{"embeddable":true,"href":"https:\/\/www.amper-aufsperrdienst.de\/en\/wp-json\/wp\/v2\/users\/2"}],"replies":[{"embeddable":true,"href":"https:\/\/www.amper-aufsperrdienst.de\/en\/wp-json\/wp\/v2\/comments?post=13943"}],"version-history":[{"count":1,"href":"https:\/\/www.amper-aufsperrdienst.de\/en\/wp-json\/wp\/v2\/pages\/13943\/revisions"}],"predecessor-version":[{"id":13947,"href":"https:\/\/www.amper-aufsperrdienst.de\/en\/wp-json\/wp\/v2\/pages\/13943\/revisions\/13947"}],"wp:attachment":[{"href":"https:\/\/www.amper-aufsperrdienst.de\/en\/wp-json\/wp\/v2\/media?parent=13943"}],"curies":[{"name":"wp","href":"https:\/\/api.w.org\/{rel}","templated":true}]}}