{"id":13967,"date":"2018-07-05T06:53:41","date_gmt":"2018-07-05T04:53:41","guid":{"rendered":"https:\/\/www.amper-aufsperrdienst.de\/locksmith-munich-neuhadern\/"},"modified":"2026-01-23T09:15:40","modified_gmt":"2026-01-23T07:15:40","slug":"locksmith-munich-neuhadern","status":"publish","type":"page","link":"https:\/\/www.amper-aufsperrdienst.de\/en\/locksmith-munich-neuhadern\/","title":{"rendered":"Locksmith Munich Neuhadern"},"content":{"rendered":"<p><img loading=\"lazy\" decoding=\"async\" class=\"alignleft\" style=\"margin-bottom: 5px !important;\" src=\"https:\/\/www.amper-aufsperrdienst.de\/wp-content\/uploads\/2021\/03\/schluesseldienst-muenchen-neuhadern-festpreis-ab-52-siegel.jpg\" alt=\"Amper Locksmith Service - Locksmith Munich-Neuhadern with fixed prices starting at \u20ac52\" width=\"250\" height=\"250\">Are you looking for an honest, reliable, and skilled locksmith in Munich Neuhadern because you need a non-destructive door opening done quickly? Feel free to contact Amper Locksmith Service free of charge. A family business now in its third generation, we offer fair fixed prices. Our friendly locksmith experts know exactly how to open apartment doors quickly and without damage, as they are equipped with the best professional tools and are passionate about their work. Don&#8217;t worry if you find yourself locked out on a Sunday or even a public holiday! We are happy to assist you 24\/7, 365 days a year!    <\/p>\n          <!-- tarif -->\n<h2><b><span style=\"vertical-align: inherit;\"><span style=\"vertical-align: inherit;\">Our binding fixed prices start from \u20ac52.<\/span><\/span><\/b><\/h2>\n<p>Amper Locksmith Service is a fair locksmith service with transparent fixed prices:<\/p>\n<div class=\"table-title\">\n\tPRICE LIST  UNLOCK\n<\/div>\n<!-- Table part-->\n<table class=\"table\">\n  <thead class=\"header\">\n\t  <tr>\n     \t <th scope=\"col\">Time<\/th>\n     \t <th scope=\"col\">8 - 18<\/th>\n     \t <th scope=\"col\">18 - 22<\/th>\n     \t <th scope=\"col\">22 - 8<\/th>\n\t<\/tr>\n  <\/thead>\n  <tbody>\n     \t  <tr class=\"weekdays\">\n     \t  \t  <td class=\"tag\" data-label=\"Time\">Mo - Fr<\/td>\n     \t  \t  <td class=\"hrs tag\" data-label=\"8 - 18\">52,- \u20ac<\/td>\n     \t  \t  <td class=\"tag space\" data-label=\"18 - 22\">82,- \u20ac<\/td>\n     \t  \t  <td data-label=\"22 - 8\">95,- \u20ac<\/td>\n     \t  <\/tr>\n     <tr class=\"weekends\">\n     \t  \t  <td class=\"tag\" data-label=\"Time\">Sa<\/td>\n     \t  \t  <td class=\"tag\" data-label=\"8 - 18\">95,- \u20ac<\/td>\n     \t  \t  <td class=\"tag\" data-label=\"18 - 22\">95,- \u20ac<\/td>\n     \t  \t  <td data-label=\"22 - 8\">125,- \u20ac<\/td>\n     \t  <\/tr>\n     <tr class=\"holidays\">\n     \t  \t  <td class=\"tag\" data-label=\"Time\">So & holiday<\/td>\n     \t  \t  <td class=\"tag\" data-label=\"8 - 18\">125,- \u20ac<\/td>\n     \t  \t  <td class=\"tag\" data-label=\"18 - 22\">125,-\u20ac<\/td>\n     \t  \t  <td data-label=\"22 - 8\">125,-\u20ac<\/td>\n     \t  <\/tr>\n     <\/tbody>\n<\/table>\n<!-- Table Description-->\n<div class=\"table-description\">\n\t<em>Please call to inquire about travel costs.<\/em>\n<\/div>\n<!-- Wordings below -->\n<div class=\"wordings\">\n<p>The prices listed in this table are binding for unlocking a door that has slammed shut or been pulled shut (without self-locking mechanisms). Please feel free to contact us if you would like a price quote for other locksmith services. We will gladly provide you with a transparent, fixed-price offer.<\/p>\n<\/div>\n\n<!-- END Wordings -->\n\n\n\n<div class=\"ansprech\">Locksmith in Munich-Neuhadern with fair fixed prices and competent locksmiths<br \/>\n<h3 class=\"phone mobilesOnly\"><a href=\"tel:+498000131131\">0800 \/ 0 131 131<\/a><\/h3><h3 class=\"phone desktopOnly\"><a href=\"tel:+498000131131\">0800 \/ 0 131 131<\/a><\/h3>Fast 24-hour emergency service, free phone number, and use of top-quality tools<\/div>\n<h2>Neuhadern in the Munich district of Hadern<\/h2>\n<p>The Munich district of Hadern comprises three sub-districts: Blumenau (north of the A96 motorway), Gro\u00dfhadern (south of W\u00fcrmtalstra\u00dfe), and Neuhadern, located precisely between the A96 and W\u00fcrmtalstra\u00dfe. The Neuhadern sub-district is further divided into the Neuhadern and Kurparksiedlung housing estates.  <\/p>\n<p>Neuhadern has several large apartment complexes built in the 1980s. The district is also home to a sports club called FC Neuhadern.   <\/p>\n<h2>Locksmith Munich Neuhadern: available 24\/7 at a fixed price!<\/h2>\n<p>Have you lost your key and need a reliable locksmith in Munich Neuhadern who is available 24\/7 and offers fair fixed prices? We&#8217;re happy to help if you&#8217;re locked out! While others only advertise fixed prices, we honor ours exactly. You don&#8217;t have to worry about hidden costs with us, as we prioritize customer satisfaction. Please feel free to read our many customer reviews. We are, of course, very pleased (and proud) of every single positive review!     <\/p>\n<h2>Proof of Authorization<\/h2>\n<p>Before we unlock your locked or jammed door, we need proof of authorization to open it. If you cannot prove that you are entitled to authorize us to open the door, we will have to contact the police for security reasons. Please understand that this is a purely security measure. We do not want to be responsible for unauthorized access to other people&#8217;s homes. This could include, for example, resourceful burglars or jealous ex-partners.    <\/p>\n<p>So feel free to call us anytime, free of charge, if you need a competent, friendly, and fair locksmith service in Munich Neuhadern! We&#8217;ll gladly unlock your locked or jammed apartment door for a low fixed price, without causing any damage! <\/p>\n<div class=\"ansprech\">Locksmith in Munich-Neuhadern with fair fixed prices and competent locksmiths<br \/>\n<h3 class=\"phone mobilesOnly\"><a href=\"tel:+498000131131\">0800 \/ 0 131 131<\/a><\/h3><h3 class=\"phone desktopOnly\"><a href=\"tel:+498000131131\">0800 \/ 0 131 131<\/a><\/h3>Fast 24-hour emergency service, free phone number, and use of top-quality tools<\/div>\n","protected":false},"excerpt":{"rendered":"<p>Are you looking for an honest, reliable, and skilled locksmith in Munich Neuhadern because you need a non-destructive door opening done quickly? Feel free to contact Amper Locksmith Service free of charge. A family business now in its third generation, we offer fair fixed prices. Our friendly locksmith experts know exactly how to open apartment [&hellip;]<\/p>\n","protected":false},"author":2,"featured_media":0,"parent":0,"menu_order":0,"comment_status":"closed","ping_status":"closed","template":"","meta":{"footnotes":"","_links_to":"","_links_to_target":""},"class_list":["post-13967","page","type-page","status-publish","hentry"],"yoast_head":"<!-- This site is optimized with the Yoast SEO plugin v27.4 - https:\/\/yoast.com\/product\/yoast-seo-wordpress\/ -->\n<title>Locksmith Munich Neuhadern: Fixed price from \u20ac52<\/title>\n<meta name=\"description\" content=\"Honest and skilled locksmith service in Munich Neuhadern for damage-free door opening at a fair fixed price: friendly staff, freephone number, specialized tools, and 24\/7 emergency service. Available free of charge even on Sundays and public holidays! Call now!\" \/>\n<meta name=\"robots\" content=\"index, follow, max-snippet:-1, max-image-preview:large, max-video-preview:-1\" \/>\n<link rel=\"canonical\" href=\"https:\/\/www.amper-aufsperrdienst.de\/en\/locksmith-munich-neuhadern\/\" \/>\n<meta property=\"og:locale\" content=\"en_US\" \/>\n<meta property=\"og:type\" content=\"article\" \/>\n<meta property=\"og:title\" content=\"Locksmith Munich Neuhadern: Fixed price from \u20ac52\" \/>\n<meta property=\"og:description\" content=\"Honest and skilled locksmith service in Munich Neuhadern for damage-free door opening at a fair fixed price: friendly staff, freephone number, specialized tools, and 24\/7 emergency service. Available free of charge even on Sundays and public holidays! Call now!\" \/>\n<meta property=\"og:url\" content=\"https:\/\/www.amper-aufsperrdienst.de\/en\/locksmith-munich-neuhadern\/\" \/>\n<meta property=\"og:site_name\" content=\"Locksmith for Munich, Dachau and F\u00fcrstenfeldbruck\" \/>\n<meta property=\"article:modified_time\" content=\"2026-01-23T07:15:40+00:00\" \/>\n<meta property=\"og:image\" content=\"https:\/\/www.amper-aufsperrdienst.de\/wp-content\/uploads\/2021\/03\/schluesseldienst-muenchen-neuhadern-festpreis-ab-52-siegel.jpg\" \/>\n<meta name=\"twitter:label1\" content=\"Est. reading time\" \/>\n\t<meta name=\"twitter:data1\" content=\"3 minutes\" \/>\n<script type=\"application\/ld+json\" class=\"yoast-schema-graph\">{\"@context\":\"https:\\\/\\\/schema.org\",\"@graph\":[{\"@type\":\"WebPage\",\"@id\":\"https:\\\/\\\/www.amper-aufsperrdienst.de\\\/en\\\/locksmith-munich-neuhadern\\\/\",\"url\":\"https:\\\/\\\/www.amper-aufsperrdienst.de\\\/en\\\/locksmith-munich-neuhadern\\\/\",\"name\":\"Locksmith Munich Neuhadern: Fixed price from \u20ac52\",\"isPartOf\":{\"@id\":\"https:\\\/\\\/www.amper-aufsperrdienst.de\\\/en\\\/#website\"},\"primaryImageOfPage\":{\"@id\":\"https:\\\/\\\/www.amper-aufsperrdienst.de\\\/en\\\/locksmith-munich-neuhadern\\\/#primaryimage\"},\"image\":{\"@id\":\"https:\\\/\\\/www.amper-aufsperrdienst.de\\\/en\\\/locksmith-munich-neuhadern\\\/#primaryimage\"},\"thumbnailUrl\":\"https:\\\/\\\/www.amper-aufsperrdienst.de\\\/wp-content\\\/uploads\\\/2021\\\/03\\\/schluesseldienst-muenchen-neuhadern-festpreis-ab-52-siegel.jpg\",\"datePublished\":\"2018-07-05T04:53:41+00:00\",\"dateModified\":\"2026-01-23T07:15:40+00:00\",\"description\":\"Honest and skilled locksmith service in Munich Neuhadern for damage-free door opening at a fair fixed price: friendly staff, freephone number, specialized tools, and 24\\\/7 emergency service. Available free of charge even on Sundays and public holidays! Call now!\",\"breadcrumb\":{\"@id\":\"https:\\\/\\\/www.amper-aufsperrdienst.de\\\/en\\\/locksmith-munich-neuhadern\\\/#breadcrumb\"},\"inLanguage\":\"en-US\",\"potentialAction\":[{\"@type\":\"ReadAction\",\"target\":[\"https:\\\/\\\/www.amper-aufsperrdienst.de\\\/en\\\/locksmith-munich-neuhadern\\\/\"]}]},{\"@type\":\"ImageObject\",\"inLanguage\":\"en-US\",\"@id\":\"https:\\\/\\\/www.amper-aufsperrdienst.de\\\/en\\\/locksmith-munich-neuhadern\\\/#primaryimage\",\"url\":\"https:\\\/\\\/www.amper-aufsperrdienst.de\\\/wp-content\\\/uploads\\\/2021\\\/03\\\/schluesseldienst-muenchen-neuhadern-festpreis-ab-52-siegel.jpg\",\"contentUrl\":\"https:\\\/\\\/www.amper-aufsperrdienst.de\\\/wp-content\\\/uploads\\\/2021\\\/03\\\/schluesseldienst-muenchen-neuhadern-festpreis-ab-52-siegel.jpg\"},{\"@type\":\"BreadcrumbList\",\"@id\":\"https:\\\/\\\/www.amper-aufsperrdienst.de\\\/en\\\/locksmith-munich-neuhadern\\\/#breadcrumb\",\"itemListElement\":[{\"@type\":\"ListItem\",\"position\":1,\"name\":\"Home\",\"item\":\"https:\\\/\\\/www.amper-aufsperrdienst.de\\\/en\\\/\"},{\"@type\":\"ListItem\",\"position\":2,\"name\":\"Locksmith Munich Neuhadern\"}]},{\"@type\":\"WebSite\",\"@id\":\"https:\\\/\\\/www.amper-aufsperrdienst.de\\\/en\\\/#website\",\"url\":\"https:\\\/\\\/www.amper-aufsperrdienst.de\\\/en\\\/\",\"name\":\"Locksmith for Munich, Dachau and F\u00fcrstenfeldbruck\",\"description\":\"Amper Aufsperrdienst\",\"potentialAction\":[{\"@type\":\"SearchAction\",\"target\":{\"@type\":\"EntryPoint\",\"urlTemplate\":\"https:\\\/\\\/www.amper-aufsperrdienst.de\\\/en\\\/?s={search_term_string}\"},\"query-input\":{\"@type\":\"PropertyValueSpecification\",\"valueRequired\":true,\"valueName\":\"search_term_string\"}}],\"inLanguage\":\"en-US\"}]}<\/script>\n<!-- \/ Yoast SEO plugin. -->","yoast_head_json":{"title":"Locksmith Munich Neuhadern: Fixed price from \u20ac52","description":"Honest and skilled locksmith service in Munich Neuhadern for damage-free door opening at a fair fixed price: friendly staff, freephone number, specialized tools, and 24\/7 emergency service. Available free of charge even on Sundays and public holidays! Call now!","robots":{"index":"index","follow":"follow","max-snippet":"max-snippet:-1","max-image-preview":"max-image-preview:large","max-video-preview":"max-video-preview:-1"},"canonical":"https:\/\/www.amper-aufsperrdienst.de\/en\/locksmith-munich-neuhadern\/","og_locale":"en_US","og_type":"article","og_title":"Locksmith Munich Neuhadern: Fixed price from \u20ac52","og_description":"Honest and skilled locksmith service in Munich Neuhadern for damage-free door opening at a fair fixed price: friendly staff, freephone number, specialized tools, and 24\/7 emergency service. Available free of charge even on Sundays and public holidays! Call now!","og_url":"https:\/\/www.amper-aufsperrdienst.de\/en\/locksmith-munich-neuhadern\/","og_site_name":"Locksmith for Munich, Dachau and F\u00fcrstenfeldbruck","article_modified_time":"2026-01-23T07:15:40+00:00","og_image":[{"url":"https:\/\/www.amper-aufsperrdienst.de\/wp-content\/uploads\/2021\/03\/schluesseldienst-muenchen-neuhadern-festpreis-ab-52-siegel.jpg","type":"","width":"","height":""}],"twitter_misc":{"Est. reading time":"3 minutes"},"schema":{"@context":"https:\/\/schema.org","@graph":[{"@type":"WebPage","@id":"https:\/\/www.amper-aufsperrdienst.de\/en\/locksmith-munich-neuhadern\/","url":"https:\/\/www.amper-aufsperrdienst.de\/en\/locksmith-munich-neuhadern\/","name":"Locksmith Munich Neuhadern: Fixed price from \u20ac52","isPartOf":{"@id":"https:\/\/www.amper-aufsperrdienst.de\/en\/#website"},"primaryImageOfPage":{"@id":"https:\/\/www.amper-aufsperrdienst.de\/en\/locksmith-munich-neuhadern\/#primaryimage"},"image":{"@id":"https:\/\/www.amper-aufsperrdienst.de\/en\/locksmith-munich-neuhadern\/#primaryimage"},"thumbnailUrl":"https:\/\/www.amper-aufsperrdienst.de\/wp-content\/uploads\/2021\/03\/schluesseldienst-muenchen-neuhadern-festpreis-ab-52-siegel.jpg","datePublished":"2018-07-05T04:53:41+00:00","dateModified":"2026-01-23T07:15:40+00:00","description":"Honest and skilled locksmith service in Munich Neuhadern for damage-free door opening at a fair fixed price: friendly staff, freephone number, specialized tools, and 24\/7 emergency service. Available free of charge even on Sundays and public holidays! Call now!","breadcrumb":{"@id":"https:\/\/www.amper-aufsperrdienst.de\/en\/locksmith-munich-neuhadern\/#breadcrumb"},"inLanguage":"en-US","potentialAction":[{"@type":"ReadAction","target":["https:\/\/www.amper-aufsperrdienst.de\/en\/locksmith-munich-neuhadern\/"]}]},{"@type":"ImageObject","inLanguage":"en-US","@id":"https:\/\/www.amper-aufsperrdienst.de\/en\/locksmith-munich-neuhadern\/#primaryimage","url":"https:\/\/www.amper-aufsperrdienst.de\/wp-content\/uploads\/2021\/03\/schluesseldienst-muenchen-neuhadern-festpreis-ab-52-siegel.jpg","contentUrl":"https:\/\/www.amper-aufsperrdienst.de\/wp-content\/uploads\/2021\/03\/schluesseldienst-muenchen-neuhadern-festpreis-ab-52-siegel.jpg"},{"@type":"BreadcrumbList","@id":"https:\/\/www.amper-aufsperrdienst.de\/en\/locksmith-munich-neuhadern\/#breadcrumb","itemListElement":[{"@type":"ListItem","position":1,"name":"Home","item":"https:\/\/www.amper-aufsperrdienst.de\/en\/"},{"@type":"ListItem","position":2,"name":"Locksmith Munich Neuhadern"}]},{"@type":"WebSite","@id":"https:\/\/www.amper-aufsperrdienst.de\/en\/#website","url":"https:\/\/www.amper-aufsperrdienst.de\/en\/","name":"Locksmith for Munich, Dachau and F\u00fcrstenfeldbruck","description":"Amper Aufsperrdienst","potentialAction":[{"@type":"SearchAction","target":{"@type":"EntryPoint","urlTemplate":"https:\/\/www.amper-aufsperrdienst.de\/en\/?s={search_term_string}"},"query-input":{"@type":"PropertyValueSpecification","valueRequired":true,"valueName":"search_term_string"}}],"inLanguage":"en-US"}]}},"_links":{"self":[{"href":"https:\/\/www.amper-aufsperrdienst.de\/en\/wp-json\/wp\/v2\/pages\/13967","targetHints":{"allow":["GET"]}}],"collection":[{"href":"https:\/\/www.amper-aufsperrdienst.de\/en\/wp-json\/wp\/v2\/pages"}],"about":[{"href":"https:\/\/www.amper-aufsperrdienst.de\/en\/wp-json\/wp\/v2\/types\/page"}],"author":[{"embeddable":true,"href":"https:\/\/www.amper-aufsperrdienst.de\/en\/wp-json\/wp\/v2\/users\/2"}],"replies":[{"embeddable":true,"href":"https:\/\/www.amper-aufsperrdienst.de\/en\/wp-json\/wp\/v2\/comments?post=13967"}],"version-history":[{"count":1,"href":"https:\/\/www.amper-aufsperrdienst.de\/en\/wp-json\/wp\/v2\/pages\/13967\/revisions"}],"predecessor-version":[{"id":13968,"href":"https:\/\/www.amper-aufsperrdienst.de\/en\/wp-json\/wp\/v2\/pages\/13967\/revisions\/13968"}],"wp:attachment":[{"href":"https:\/\/www.amper-aufsperrdienst.de\/en\/wp-json\/wp\/v2\/media?parent=13967"}],"curies":[{"name":"wp","href":"https:\/\/api.w.org\/{rel}","templated":true}]}}