{"id":14034,"date":"2018-07-20T03:37:17","date_gmt":"2018-07-20T01:37:17","guid":{"rendered":"https:\/\/www.amper-aufsperrdienst.de\/locksmith-munich-neutrudering\/"},"modified":"2026-01-23T10:07:28","modified_gmt":"2026-01-23T08:07:28","slug":"locksmith-munich-neutrudering","status":"publish","type":"page","link":"https:\/\/www.amper-aufsperrdienst.de\/en\/locksmith-munich-neutrudering\/","title":{"rendered":"Locksmith Munich Neutrudering"},"content":{"rendered":"<p><img loading=\"lazy\" decoding=\"async\" class=\"alignleft\" style=\"margin-bottom: 5px !important;\" src=\"https:\/\/www.amper-aufsperrdienst.de\/wp-content\/uploads\/2021\/03\/schluesseldienst-muenchen-neutrudering-festpreis-ab-52-siegel.jpg\" alt=\"Locksmith Amper - Locksmith Service Munich-Neutrudering with fixed prices starting at \u20ac52\" width=\"250\" height=\"250\" \/>Do you live in the Neutrudering district of Munich&#8217;s Trudering neighborhood, but can&#8217;t unlock your apartment because your key has broken off in the lock? Or did you accidentally lock yourself out of the basement, only to realize you didn&#8217;t have your key with you? Perhaps you were out with friends when you lost your key?<\/p>\n<p>As an experienced, honest, and skilled locksmith service in Munich&#8217;s Neutrudering district, we are happy to assist you if you are locked out and require fast, professional help. We are available 24\/7 and offer absolutely fair fixed prices for our services. Simply call us free of charge and describe your situation, and we will gladly provide you with a transparent fixed price quote upon request. Fraud and price gouging are simply not an option with us! We are committed to the highest standards of fairness and professionalism. Our employees are friendly and highly trained. They know exactly how to unlock locked or jammed doors without causing damage, using specialized tools.<\/p>\n          <!-- tarif -->\n<h2><b><span style=\"vertical-align: inherit;\"><span style=\"vertical-align: inherit;\">Our binding fixed prices start from \u20ac52.<\/span><\/span><\/b><\/h2>\n<p>Amper Locksmith Service is a fair locksmith service with transparent fixed prices:<\/p>\n<div class=\"table-title\">\n\tPRICE LIST  UNLOCK\n<\/div>\n<!-- Table part-->\n<table class=\"table\">\n  <thead class=\"header\">\n\t  <tr>\n     \t <th scope=\"col\">Time<\/th>\n     \t <th scope=\"col\">8 - 18<\/th>\n     \t <th scope=\"col\">18 - 22<\/th>\n     \t <th scope=\"col\">22 - 8<\/th>\n\t<\/tr>\n  <\/thead>\n  <tbody>\n     \t  <tr class=\"weekdays\">\n     \t  \t  <td class=\"tag\" data-label=\"Time\">Mo - Fr<\/td>\n     \t  \t  <td class=\"hrs tag\" data-label=\"8 - 18\">52,- \u20ac<\/td>\n     \t  \t  <td class=\"tag space\" data-label=\"18 - 22\">82,- \u20ac<\/td>\n     \t  \t  <td data-label=\"22 - 8\">95,- \u20ac<\/td>\n     \t  <\/tr>\n     <tr class=\"weekends\">\n     \t  \t  <td class=\"tag\" data-label=\"Time\">Sa<\/td>\n     \t  \t  <td class=\"tag\" data-label=\"8 - 18\">95,- \u20ac<\/td>\n     \t  \t  <td class=\"tag\" data-label=\"18 - 22\">95,- \u20ac<\/td>\n     \t  \t  <td data-label=\"22 - 8\">125,- \u20ac<\/td>\n     \t  <\/tr>\n     <tr class=\"holidays\">\n     \t  \t  <td class=\"tag\" data-label=\"Time\">So & holiday<\/td>\n     \t  \t  <td class=\"tag\" data-label=\"8 - 18\">125,- \u20ac<\/td>\n     \t  \t  <td class=\"tag\" data-label=\"18 - 22\">125,-\u20ac<\/td>\n     \t  \t  <td data-label=\"22 - 8\">125,-\u20ac<\/td>\n     \t  <\/tr>\n     <\/tbody>\n<\/table>\n<!-- Table Description-->\n<div class=\"table-description\">\n\t<em>Please call to inquire about travel costs.<\/em>\n<\/div>\n<!-- Wordings below -->\n<div class=\"wordings\">\n<p>The prices listed in this table are binding for unlocking a door that has slammed shut or been pulled shut (without self-locking mechanisms). Please feel free to contact us if you would like a price quote for other locksmith services. We will gladly provide you with a transparent, fixed-price offer.<\/p>\n<\/div>\n\n<!-- END Wordings -->\n\n\n\n<div class=\"ansprech\">Locksmith in Munich-Neutrudering with affordable fixed prices<br \/>\n<h3 class=\"phone mobilesOnly\"><a href=\"tel:+498000131131\">0800 \/ 0 131 131<\/a><\/h3><h3 class=\"phone desktopOnly\"><a href=\"tel:+498000131131\">0800 \/ 0 131 131<\/a><\/h3>Friendly staff, 24\/7 emergency service, toll-free number, and use of top-of-the-line specialized tools<\/div>\n<h2>Neutrudering in the Munich district of Trudering<\/h2>\n<p>As the name suggests, Neutrudering is located in the Munich district of Trudering and is a residential area or official quarter. The main streets in Neutrudering are Florastra\u00dfe, Friedenspromenade, Heilwigstra\u00dfe, and Ottilienstra\u00dfe.<\/p>\n<p>Near the neighborhood lies the beautiful Trudering Forest, which, as a forest, boasts the largest contiguous area within the entire city limits of Munich. So, fresh air is plentiful in Neutrudering.<\/p>\n<p>Neutrudering still retains a relatively village-like character. The center of the district, at least for Christians, is the Church of St. Peter and Paul.<\/p>\n<h2>Locksmith Munich Neutrudering: already in its third generation of family ownership<\/h2>\n<p>Are you looking for a reliable and trustworthy locksmith in Munich&#8217;s Neutrudering district who specializes in expert, damage-free door openings and offers fair, fixed prices? Amper Locksmith Service is the right partner for you! For three generations, we&#8217;ve been opening all types of entrance doors in Neutrudering using the best specialized tools, without causing any damage. We uphold our tradition and our excellent customer service! At Amper Locksmith Service, you won&#8217;t find any scams! When we quote fixed prices over the phone, those prices are guaranteed!<\/p>\n<h2>24\/7-Service<\/h2>\n<p>We not only operate fairly, but also 24\/7. This means we are available around the clock, weekdays, weekends, and holidays. So it doesn&#8217;t matter when you need our professional assistance in the form of non-destructive door opening at a low fixed price. We are always there for you! Simply call us free of charge and request the door opening service over the phone! We will then set off immediately. We will be at your location in approximately 30 minutes!<\/p>\n<div class=\"ansprech\">Locksmith in Munich-Neutrudering with affordable fixed prices<br \/>\n<h3 class=\"phone mobilesOnly\"><a href=\"tel:+498000131131\">0800 \/ 0 131 131<\/a><\/h3><h3 class=\"phone desktopOnly\"><a href=\"tel:+498000131131\">0800 \/ 0 131 131<\/a><\/h3>Friendly staff, 24\/7 emergency service, toll-free number, and use of top-of-the-line specialized tools<\/div>\n","protected":false},"excerpt":{"rendered":"<p>Do you live in the Neutrudering district of Munich&#8217;s Trudering neighborhood, but can&#8217;t unlock your apartment because your key has broken off in the lock? Or did you accidentally lock yourself out of the basement, only to realize you didn&#8217;t have your key with you? Perhaps you were out with friends when you lost your [&hellip;]<\/p>\n","protected":false},"author":2,"featured_media":0,"parent":0,"menu_order":0,"comment_status":"closed","ping_status":"closed","template":"","meta":{"footnotes":"","_links_to":"","_links_to_target":""},"class_list":["post-14034","page","type-page","status-publish","hentry"],"yoast_head":"<!-- This site is optimized with the Yoast SEO plugin v27.4 - https:\/\/yoast.com\/product\/yoast-seo-wordpress\/ -->\n<title>Locksmith Munich Neutrudering: Fixed price from \u20ac52<\/title>\n<meta name=\"description\" content=\"Reliable and traditional locksmith service in Munich Neutrudering with extensive expertise and experience: third-generation family-run, with a fixed price guarantee, free emergency hotline, and 24-hour service. Non-destructive door opening in approximately 30 minutes by friendly locksmiths. Available even on holidays!\" \/>\n<meta name=\"robots\" content=\"index, follow, max-snippet:-1, max-image-preview:large, max-video-preview:-1\" \/>\n<link rel=\"canonical\" href=\"https:\/\/www.amper-aufsperrdienst.de\/en\/locksmith-munich-neutrudering\/\" \/>\n<meta property=\"og:locale\" content=\"en_US\" \/>\n<meta property=\"og:type\" content=\"article\" \/>\n<meta property=\"og:title\" content=\"Locksmith Munich Neutrudering: Fixed price from \u20ac52\" \/>\n<meta property=\"og:description\" content=\"Reliable and traditional locksmith service in Munich Neutrudering with extensive expertise and experience: third-generation family-run, with a fixed price guarantee, free emergency hotline, and 24-hour service. Non-destructive door opening in approximately 30 minutes by friendly locksmiths. Available even on holidays!\" \/>\n<meta property=\"og:url\" content=\"https:\/\/www.amper-aufsperrdienst.de\/en\/locksmith-munich-neutrudering\/\" \/>\n<meta property=\"og:site_name\" content=\"Locksmith for Munich, Dachau and F\u00fcrstenfeldbruck\" \/>\n<meta property=\"article:modified_time\" content=\"2026-01-23T08:07:28+00:00\" \/>\n<meta property=\"og:image\" content=\"https:\/\/www.amper-aufsperrdienst.de\/wp-content\/uploads\/2021\/03\/schluesseldienst-muenchen-neutrudering-festpreis-ab-52-siegel.jpg\" \/>\n<meta name=\"twitter:label1\" content=\"Est. reading time\" \/>\n\t<meta name=\"twitter:data1\" content=\"3 minutes\" \/>\n<script type=\"application\/ld+json\" class=\"yoast-schema-graph\">{\"@context\":\"https:\\\/\\\/schema.org\",\"@graph\":[{\"@type\":\"WebPage\",\"@id\":\"https:\\\/\\\/www.amper-aufsperrdienst.de\\\/en\\\/locksmith-munich-neutrudering\\\/\",\"url\":\"https:\\\/\\\/www.amper-aufsperrdienst.de\\\/en\\\/locksmith-munich-neutrudering\\\/\",\"name\":\"Locksmith Munich Neutrudering: Fixed price from \u20ac52\",\"isPartOf\":{\"@id\":\"https:\\\/\\\/www.amper-aufsperrdienst.de\\\/en\\\/#website\"},\"primaryImageOfPage\":{\"@id\":\"https:\\\/\\\/www.amper-aufsperrdienst.de\\\/en\\\/locksmith-munich-neutrudering\\\/#primaryimage\"},\"image\":{\"@id\":\"https:\\\/\\\/www.amper-aufsperrdienst.de\\\/en\\\/locksmith-munich-neutrudering\\\/#primaryimage\"},\"thumbnailUrl\":\"https:\\\/\\\/www.amper-aufsperrdienst.de\\\/wp-content\\\/uploads\\\/2021\\\/03\\\/schluesseldienst-muenchen-neutrudering-festpreis-ab-52-siegel.jpg\",\"datePublished\":\"2018-07-20T01:37:17+00:00\",\"dateModified\":\"2026-01-23T08:07:28+00:00\",\"description\":\"Reliable and traditional locksmith service in Munich Neutrudering with extensive expertise and experience: third-generation family-run, with a fixed price guarantee, free emergency hotline, and 24-hour service. Non-destructive door opening in approximately 30 minutes by friendly locksmiths. Available even on holidays!\",\"breadcrumb\":{\"@id\":\"https:\\\/\\\/www.amper-aufsperrdienst.de\\\/en\\\/locksmith-munich-neutrudering\\\/#breadcrumb\"},\"inLanguage\":\"en-US\",\"potentialAction\":[{\"@type\":\"ReadAction\",\"target\":[\"https:\\\/\\\/www.amper-aufsperrdienst.de\\\/en\\\/locksmith-munich-neutrudering\\\/\"]}]},{\"@type\":\"ImageObject\",\"inLanguage\":\"en-US\",\"@id\":\"https:\\\/\\\/www.amper-aufsperrdienst.de\\\/en\\\/locksmith-munich-neutrudering\\\/#primaryimage\",\"url\":\"https:\\\/\\\/www.amper-aufsperrdienst.de\\\/wp-content\\\/uploads\\\/2021\\\/03\\\/schluesseldienst-muenchen-neutrudering-festpreis-ab-52-siegel.jpg\",\"contentUrl\":\"https:\\\/\\\/www.amper-aufsperrdienst.de\\\/wp-content\\\/uploads\\\/2021\\\/03\\\/schluesseldienst-muenchen-neutrudering-festpreis-ab-52-siegel.jpg\"},{\"@type\":\"BreadcrumbList\",\"@id\":\"https:\\\/\\\/www.amper-aufsperrdienst.de\\\/en\\\/locksmith-munich-neutrudering\\\/#breadcrumb\",\"itemListElement\":[{\"@type\":\"ListItem\",\"position\":1,\"name\":\"Home\",\"item\":\"https:\\\/\\\/www.amper-aufsperrdienst.de\\\/en\\\/\"},{\"@type\":\"ListItem\",\"position\":2,\"name\":\"Locksmith Munich Neutrudering\"}]},{\"@type\":\"WebSite\",\"@id\":\"https:\\\/\\\/www.amper-aufsperrdienst.de\\\/en\\\/#website\",\"url\":\"https:\\\/\\\/www.amper-aufsperrdienst.de\\\/en\\\/\",\"name\":\"Locksmith for Munich, Dachau and F\u00fcrstenfeldbruck\",\"description\":\"Amper Aufsperrdienst\",\"potentialAction\":[{\"@type\":\"SearchAction\",\"target\":{\"@type\":\"EntryPoint\",\"urlTemplate\":\"https:\\\/\\\/www.amper-aufsperrdienst.de\\\/en\\\/?s={search_term_string}\"},\"query-input\":{\"@type\":\"PropertyValueSpecification\",\"valueRequired\":true,\"valueName\":\"search_term_string\"}}],\"inLanguage\":\"en-US\"}]}<\/script>\n<!-- \/ Yoast SEO plugin. -->","yoast_head_json":{"title":"Locksmith Munich Neutrudering: Fixed price from \u20ac52","description":"Reliable and traditional locksmith service in Munich Neutrudering with extensive expertise and experience: third-generation family-run, with a fixed price guarantee, free emergency hotline, and 24-hour service. Non-destructive door opening in approximately 30 minutes by friendly locksmiths. Available even on holidays!","robots":{"index":"index","follow":"follow","max-snippet":"max-snippet:-1","max-image-preview":"max-image-preview:large","max-video-preview":"max-video-preview:-1"},"canonical":"https:\/\/www.amper-aufsperrdienst.de\/en\/locksmith-munich-neutrudering\/","og_locale":"en_US","og_type":"article","og_title":"Locksmith Munich Neutrudering: Fixed price from \u20ac52","og_description":"Reliable and traditional locksmith service in Munich Neutrudering with extensive expertise and experience: third-generation family-run, with a fixed price guarantee, free emergency hotline, and 24-hour service. Non-destructive door opening in approximately 30 minutes by friendly locksmiths. Available even on holidays!","og_url":"https:\/\/www.amper-aufsperrdienst.de\/en\/locksmith-munich-neutrudering\/","og_site_name":"Locksmith for Munich, Dachau and F\u00fcrstenfeldbruck","article_modified_time":"2026-01-23T08:07:28+00:00","og_image":[{"url":"https:\/\/www.amper-aufsperrdienst.de\/wp-content\/uploads\/2021\/03\/schluesseldienst-muenchen-neutrudering-festpreis-ab-52-siegel.jpg","type":"","width":"","height":""}],"twitter_misc":{"Est. reading time":"3 minutes"},"schema":{"@context":"https:\/\/schema.org","@graph":[{"@type":"WebPage","@id":"https:\/\/www.amper-aufsperrdienst.de\/en\/locksmith-munich-neutrudering\/","url":"https:\/\/www.amper-aufsperrdienst.de\/en\/locksmith-munich-neutrudering\/","name":"Locksmith Munich Neutrudering: Fixed price from \u20ac52","isPartOf":{"@id":"https:\/\/www.amper-aufsperrdienst.de\/en\/#website"},"primaryImageOfPage":{"@id":"https:\/\/www.amper-aufsperrdienst.de\/en\/locksmith-munich-neutrudering\/#primaryimage"},"image":{"@id":"https:\/\/www.amper-aufsperrdienst.de\/en\/locksmith-munich-neutrudering\/#primaryimage"},"thumbnailUrl":"https:\/\/www.amper-aufsperrdienst.de\/wp-content\/uploads\/2021\/03\/schluesseldienst-muenchen-neutrudering-festpreis-ab-52-siegel.jpg","datePublished":"2018-07-20T01:37:17+00:00","dateModified":"2026-01-23T08:07:28+00:00","description":"Reliable and traditional locksmith service in Munich Neutrudering with extensive expertise and experience: third-generation family-run, with a fixed price guarantee, free emergency hotline, and 24-hour service. Non-destructive door opening in approximately 30 minutes by friendly locksmiths. Available even on holidays!","breadcrumb":{"@id":"https:\/\/www.amper-aufsperrdienst.de\/en\/locksmith-munich-neutrudering\/#breadcrumb"},"inLanguage":"en-US","potentialAction":[{"@type":"ReadAction","target":["https:\/\/www.amper-aufsperrdienst.de\/en\/locksmith-munich-neutrudering\/"]}]},{"@type":"ImageObject","inLanguage":"en-US","@id":"https:\/\/www.amper-aufsperrdienst.de\/en\/locksmith-munich-neutrudering\/#primaryimage","url":"https:\/\/www.amper-aufsperrdienst.de\/wp-content\/uploads\/2021\/03\/schluesseldienst-muenchen-neutrudering-festpreis-ab-52-siegel.jpg","contentUrl":"https:\/\/www.amper-aufsperrdienst.de\/wp-content\/uploads\/2021\/03\/schluesseldienst-muenchen-neutrudering-festpreis-ab-52-siegel.jpg"},{"@type":"BreadcrumbList","@id":"https:\/\/www.amper-aufsperrdienst.de\/en\/locksmith-munich-neutrudering\/#breadcrumb","itemListElement":[{"@type":"ListItem","position":1,"name":"Home","item":"https:\/\/www.amper-aufsperrdienst.de\/en\/"},{"@type":"ListItem","position":2,"name":"Locksmith Munich Neutrudering"}]},{"@type":"WebSite","@id":"https:\/\/www.amper-aufsperrdienst.de\/en\/#website","url":"https:\/\/www.amper-aufsperrdienst.de\/en\/","name":"Locksmith for Munich, Dachau and F\u00fcrstenfeldbruck","description":"Amper Aufsperrdienst","potentialAction":[{"@type":"SearchAction","target":{"@type":"EntryPoint","urlTemplate":"https:\/\/www.amper-aufsperrdienst.de\/en\/?s={search_term_string}"},"query-input":{"@type":"PropertyValueSpecification","valueRequired":true,"valueName":"search_term_string"}}],"inLanguage":"en-US"}]}},"_links":{"self":[{"href":"https:\/\/www.amper-aufsperrdienst.de\/en\/wp-json\/wp\/v2\/pages\/14034","targetHints":{"allow":["GET"]}}],"collection":[{"href":"https:\/\/www.amper-aufsperrdienst.de\/en\/wp-json\/wp\/v2\/pages"}],"about":[{"href":"https:\/\/www.amper-aufsperrdienst.de\/en\/wp-json\/wp\/v2\/types\/page"}],"author":[{"embeddable":true,"href":"https:\/\/www.amper-aufsperrdienst.de\/en\/wp-json\/wp\/v2\/users\/2"}],"replies":[{"embeddable":true,"href":"https:\/\/www.amper-aufsperrdienst.de\/en\/wp-json\/wp\/v2\/comments?post=14034"}],"version-history":[{"count":1,"href":"https:\/\/www.amper-aufsperrdienst.de\/en\/wp-json\/wp\/v2\/pages\/14034\/revisions"}],"predecessor-version":[{"id":14036,"href":"https:\/\/www.amper-aufsperrdienst.de\/en\/wp-json\/wp\/v2\/pages\/14034\/revisions\/14036"}],"wp:attachment":[{"href":"https:\/\/www.amper-aufsperrdienst.de\/en\/wp-json\/wp\/v2\/media?parent=14034"}],"curies":[{"name":"wp","href":"https:\/\/api.w.org\/{rel}","templated":true}]}}