{"id":14043,"date":"2018-02-28T11:49:24","date_gmt":"2018-02-28T09:49:24","guid":{"rendered":"https:\/\/www.amper-aufsperrdienst.de\/locksmith-munich-nikolaiplatz\/"},"modified":"2026-01-23T10:14:04","modified_gmt":"2026-01-23T08:14:04","slug":"locksmith-munich-nikolaiplatz","status":"publish","type":"page","link":"https:\/\/www.amper-aufsperrdienst.de\/en\/locksmith-munich-nikolaiplatz\/","title":{"rendered":"Locksmith Munich Nikolaiplatz"},"content":{"rendered":"<p><img loading=\"lazy\" decoding=\"async\" class=\"alignleft\" style=\"margin-bottom: 5px !important;\" src=\"https:\/\/www.amper-aufsperrdienst.de\/wp-content\/uploads\/2021\/03\/schluesseldienst-muenchen-nikolaiplatz-festpreis-ab-52-siegel.jpg\" alt=\"Amper Locksmith Service - Locksmith Munich-Nikolaiplatz with fixed prices starting at \u20ac52\" width=\"250\" height=\"250\"><\/p>\n<p>Did you look away for just a moment and now find yourself locked out of your door at Nikolaiplatz in Munich? With the help of our experienced locksmith service in Munich&#8217;s Nikolaiplatz district, led by Mario Pichelmaier and his team, this situation doesn&#8217;t have to be hopeless! Quite the opposite, in fact. After you call us on our toll-free number, we&#8217;ll be there with our specialized tools in about 30 minutes \u2013 no matter the day or time. We also guarantee our fixed prices! We operate fairly and transparently, and have been in business for three generations.    <\/p>\n          <!-- tarif -->\n<h2><b><span style=\"vertical-align: inherit;\"><span style=\"vertical-align: inherit;\">Our binding fixed prices start from \u20ac52.<\/span><\/span><\/b><\/h2>\n<p>Amper Locksmith Service is a fair locksmith service with transparent fixed prices:<\/p>\n<div class=\"table-title\">\n\tPRICE LIST  UNLOCK\n<\/div>\n<!-- Table part-->\n<table class=\"table\">\n  <thead class=\"header\">\n\t  <tr>\n     \t <th scope=\"col\">Time<\/th>\n     \t <th scope=\"col\">8 - 18<\/th>\n     \t <th scope=\"col\">18 - 22<\/th>\n     \t <th scope=\"col\">22 - 8<\/th>\n\t<\/tr>\n  <\/thead>\n  <tbody>\n     \t  <tr class=\"weekdays\">\n     \t  \t  <td class=\"tag\" data-label=\"Time\">Mo - Fr<\/td>\n     \t  \t  <td class=\"hrs tag\" data-label=\"8 - 18\">52,- \u20ac<\/td>\n     \t  \t  <td class=\"tag space\" data-label=\"18 - 22\">82,- \u20ac<\/td>\n     \t  \t  <td data-label=\"22 - 8\">95,- \u20ac<\/td>\n     \t  <\/tr>\n     <tr class=\"weekends\">\n     \t  \t  <td class=\"tag\" data-label=\"Time\">Sa<\/td>\n     \t  \t  <td class=\"tag\" data-label=\"8 - 18\">95,- \u20ac<\/td>\n     \t  \t  <td class=\"tag\" data-label=\"18 - 22\">95,- \u20ac<\/td>\n     \t  \t  <td data-label=\"22 - 8\">125,- \u20ac<\/td>\n     \t  <\/tr>\n     <tr class=\"holidays\">\n     \t  \t  <td class=\"tag\" data-label=\"Time\">So & holiday<\/td>\n     \t  \t  <td class=\"tag\" data-label=\"8 - 18\">125,- \u20ac<\/td>\n     \t  \t  <td class=\"tag\" data-label=\"18 - 22\">125,-\u20ac<\/td>\n     \t  \t  <td data-label=\"22 - 8\">125,-\u20ac<\/td>\n     \t  <\/tr>\n     <\/tbody>\n<\/table>\n<!-- Table Description-->\n<div class=\"table-description\">\n\t<em>Please call to inquire about travel costs.<\/em>\n<\/div>\n<!-- Wordings below -->\n<div class=\"wordings\">\n<p>The prices listed in this table are binding for unlocking a door that has slammed shut or been pulled shut (without self-locking mechanisms). Please feel free to contact us if you would like a price quote for other locksmith services. We will gladly provide you with a transparent, fixed-price offer.<\/p>\n<\/div>\n\n<!-- END Wordings -->\n\n\n\n<div class=\"ansprech\">Professional locksmith service in Munich&#8217;s Nikolaiplatz district with guaranteed fixed prices<br \/>\n<h3 class=\"phone mobilesOnly\"><a href=\"tel:+498000131131\">0800 \/ 0 131 131<\/a><\/h3><h3 class=\"phone desktopOnly\"><a href=\"tel:+498000131131\">0800 \/ 0 131 131<\/a><\/h3>Available even on Sundays and public holidays! Call us anytime, free of charge! <\/div>\n<h2>Nikolaiplatz in the Schwabing district of Munich<\/h2>\n<p>Nikolaiplatz is located in the Schwabing district of Munich and is the intersection of Dillisstra\u00dfe, Siegesstra\u00dfe, Maria-Josepha-Stra\u00dfe, and Nikolaistra\u00dfe. The square was formerly home to St. Nicholas Church, which was demolished in 1898. The square is still named after this church. Just one year after the square&#8217;s creation, the city erected the Fisherman&#8217;s Fountain, which remains in the center of the square to this day.   <\/p>\n<p>A small plaque on the Nikolaistra\u00dfe facade commemorates the appearance of the former church. The tram stop for line 22 used to be located directly beneath the plaque. Passengers from Sendling would gather there before strolling into the famous English Garden. Today, the square is easily accessible via the Giselastra\u00dfe U-Bahn station.  <\/p>\n<h2>Locksmith Munich Nikolaiplatz: We prioritize quality and professionalism<\/h2>\n<p>Do you need a professional and, above all, fast door opening service because you naturally don&#8217;t want to be stuck in front of your locked door for long? We completely understand. Mario Pichelmaier and his team use only professional, specialized tools for every door opening. Our specialized tools always allow us to open doors without damage, especially if the door is only latched. With our tools, experience, and expertise, we can not only open doors for you but are also available for other security-related services.    <\/p>\n<h2>We are always available via our toll-free number.<\/h2>\n<p>Our locksmith service in Munich&#8217;s Nikolaiplatz district has the major advantage of being available 24\/7. You can reach us around the clock via our toll-free number, even on holidays and weekends. Therefore, you will never experience long waiting times with Mario Pichelmaier and his team. Even on weekends and holidays, we will quickly and damage-free unlock your door for you.   <\/p>\n<h2>Fast door opening at fair fixed prices<\/h2>\n<p>Exorbitant additional costs or special surcharges? Not with our locksmith service in Munich&#8217;s Nikolaiplatz district. We&#8217;ll tell you our fixed prices right over the phone \u2013 prices you can rely on. Unfortunately, there are still many disguised companies that rip off people in need for a quick door opening. With us, you can count on transparency. If you agree to the fixed price we quote, our experienced technicians will set off immediately.     <\/p>\n<div class=\"ansprech\">Professional locksmith service in Munich&#8217;s Nikolaiplatz district with guaranteed fixed prices<br \/>\n<h3 class=\"phone mobilesOnly\"><a href=\"tel:+498000131131\">0800 \/ 0 131 131<\/a><\/h3><h3 class=\"phone desktopOnly\"><a href=\"tel:+498000131131\">0800 \/ 0 131 131<\/a><\/h3>Available even on Sundays and public holidays! Call us anytime, free of charge! <\/div>\n","protected":false},"excerpt":{"rendered":"<p>Did you look away for just a moment and now find yourself locked out of your door at Nikolaiplatz in Munich? With the help of our experienced locksmith service in Munich&#8217;s Nikolaiplatz district, led by Mario Pichelmaier and his team, this situation doesn&#8217;t have to be hopeless! Quite the opposite, in fact. After you call [&hellip;]<\/p>\n","protected":false},"author":2,"featured_media":0,"parent":0,"menu_order":0,"comment_status":"closed","ping_status":"closed","template":"","meta":{"footnotes":"","_links_to":"","_links_to_target":""},"class_list":["post-14043","page","type-page","status-publish","hentry"],"yoast_head":"<!-- This site is optimized with the Yoast SEO plugin v27.4 - https:\/\/yoast.com\/product\/yoast-seo-wordpress\/ -->\n<title>Locksmith Munich Nikolaiplatz: Fixed price from \u20ac52<\/title>\n<meta name=\"description\" content=\"Professional and honest locksmith service in Munich Nikolaiplatz with friendly locksmiths, 24\/7 on-call service, and guaranteed fixed prices: damage-free door opening with the best locksmith tools! Contact us free of charge around the clock! We are also available on Sundays and public holidays!\" \/>\n<meta name=\"robots\" content=\"index, follow, max-snippet:-1, max-image-preview:large, max-video-preview:-1\" \/>\n<link rel=\"canonical\" href=\"https:\/\/www.amper-aufsperrdienst.de\/en\/locksmith-munich-nikolaiplatz\/\" \/>\n<meta property=\"og:locale\" content=\"en_US\" \/>\n<meta property=\"og:type\" content=\"article\" \/>\n<meta property=\"og:title\" content=\"Locksmith Munich Nikolaiplatz: Fixed price from \u20ac52\" \/>\n<meta property=\"og:description\" content=\"Professional and honest locksmith service in Munich Nikolaiplatz with friendly locksmiths, 24\/7 on-call service, and guaranteed fixed prices: damage-free door opening with the best locksmith tools! Contact us free of charge around the clock! We are also available on Sundays and public holidays!\" \/>\n<meta property=\"og:url\" content=\"https:\/\/www.amper-aufsperrdienst.de\/en\/locksmith-munich-nikolaiplatz\/\" \/>\n<meta property=\"og:site_name\" content=\"Locksmith for Munich, Dachau and F\u00fcrstenfeldbruck\" \/>\n<meta property=\"article:modified_time\" content=\"2026-01-23T08:14:04+00:00\" \/>\n<meta property=\"og:image\" content=\"https:\/\/www.amper-aufsperrdienst.de\/wp-content\/uploads\/2021\/03\/schluesseldienst-muenchen-nikolaiplatz-festpreis-ab-52-siegel.jpg\" \/>\n<meta name=\"twitter:label1\" content=\"Est. reading time\" \/>\n\t<meta name=\"twitter:data1\" content=\"4 minutes\" \/>\n<script type=\"application\/ld+json\" class=\"yoast-schema-graph\">{\"@context\":\"https:\\\/\\\/schema.org\",\"@graph\":[{\"@type\":\"WebPage\",\"@id\":\"https:\\\/\\\/www.amper-aufsperrdienst.de\\\/en\\\/locksmith-munich-nikolaiplatz\\\/\",\"url\":\"https:\\\/\\\/www.amper-aufsperrdienst.de\\\/en\\\/locksmith-munich-nikolaiplatz\\\/\",\"name\":\"Locksmith Munich Nikolaiplatz: Fixed price from \u20ac52\",\"isPartOf\":{\"@id\":\"https:\\\/\\\/www.amper-aufsperrdienst.de\\\/en\\\/#website\"},\"primaryImageOfPage\":{\"@id\":\"https:\\\/\\\/www.amper-aufsperrdienst.de\\\/en\\\/locksmith-munich-nikolaiplatz\\\/#primaryimage\"},\"image\":{\"@id\":\"https:\\\/\\\/www.amper-aufsperrdienst.de\\\/en\\\/locksmith-munich-nikolaiplatz\\\/#primaryimage\"},\"thumbnailUrl\":\"https:\\\/\\\/www.amper-aufsperrdienst.de\\\/wp-content\\\/uploads\\\/2021\\\/03\\\/schluesseldienst-muenchen-nikolaiplatz-festpreis-ab-52-siegel.jpg\",\"datePublished\":\"2018-02-28T09:49:24+00:00\",\"dateModified\":\"2026-01-23T08:14:04+00:00\",\"description\":\"Professional and honest locksmith service in Munich Nikolaiplatz with friendly locksmiths, 24\\\/7 on-call service, and guaranteed fixed prices: damage-free door opening with the best locksmith tools! Contact us free of charge around the clock! We are also available on Sundays and public holidays!\",\"breadcrumb\":{\"@id\":\"https:\\\/\\\/www.amper-aufsperrdienst.de\\\/en\\\/locksmith-munich-nikolaiplatz\\\/#breadcrumb\"},\"inLanguage\":\"en-US\",\"potentialAction\":[{\"@type\":\"ReadAction\",\"target\":[\"https:\\\/\\\/www.amper-aufsperrdienst.de\\\/en\\\/locksmith-munich-nikolaiplatz\\\/\"]}]},{\"@type\":\"ImageObject\",\"inLanguage\":\"en-US\",\"@id\":\"https:\\\/\\\/www.amper-aufsperrdienst.de\\\/en\\\/locksmith-munich-nikolaiplatz\\\/#primaryimage\",\"url\":\"https:\\\/\\\/www.amper-aufsperrdienst.de\\\/wp-content\\\/uploads\\\/2021\\\/03\\\/schluesseldienst-muenchen-nikolaiplatz-festpreis-ab-52-siegel.jpg\",\"contentUrl\":\"https:\\\/\\\/www.amper-aufsperrdienst.de\\\/wp-content\\\/uploads\\\/2021\\\/03\\\/schluesseldienst-muenchen-nikolaiplatz-festpreis-ab-52-siegel.jpg\"},{\"@type\":\"BreadcrumbList\",\"@id\":\"https:\\\/\\\/www.amper-aufsperrdienst.de\\\/en\\\/locksmith-munich-nikolaiplatz\\\/#breadcrumb\",\"itemListElement\":[{\"@type\":\"ListItem\",\"position\":1,\"name\":\"Home\",\"item\":\"https:\\\/\\\/www.amper-aufsperrdienst.de\\\/en\\\/\"},{\"@type\":\"ListItem\",\"position\":2,\"name\":\"Locksmith Munich Nikolaiplatz\"}]},{\"@type\":\"WebSite\",\"@id\":\"https:\\\/\\\/www.amper-aufsperrdienst.de\\\/en\\\/#website\",\"url\":\"https:\\\/\\\/www.amper-aufsperrdienst.de\\\/en\\\/\",\"name\":\"Locksmith for Munich, Dachau and F\u00fcrstenfeldbruck\",\"description\":\"Amper Aufsperrdienst\",\"potentialAction\":[{\"@type\":\"SearchAction\",\"target\":{\"@type\":\"EntryPoint\",\"urlTemplate\":\"https:\\\/\\\/www.amper-aufsperrdienst.de\\\/en\\\/?s={search_term_string}\"},\"query-input\":{\"@type\":\"PropertyValueSpecification\",\"valueRequired\":true,\"valueName\":\"search_term_string\"}}],\"inLanguage\":\"en-US\"}]}<\/script>\n<!-- \/ Yoast SEO plugin. -->","yoast_head_json":{"title":"Locksmith Munich Nikolaiplatz: Fixed price from \u20ac52","description":"Professional and honest locksmith service in Munich Nikolaiplatz with friendly locksmiths, 24\/7 on-call service, and guaranteed fixed prices: damage-free door opening with the best locksmith tools! Contact us free of charge around the clock! We are also available on Sundays and public holidays!","robots":{"index":"index","follow":"follow","max-snippet":"max-snippet:-1","max-image-preview":"max-image-preview:large","max-video-preview":"max-video-preview:-1"},"canonical":"https:\/\/www.amper-aufsperrdienst.de\/en\/locksmith-munich-nikolaiplatz\/","og_locale":"en_US","og_type":"article","og_title":"Locksmith Munich Nikolaiplatz: Fixed price from \u20ac52","og_description":"Professional and honest locksmith service in Munich Nikolaiplatz with friendly locksmiths, 24\/7 on-call service, and guaranteed fixed prices: damage-free door opening with the best locksmith tools! Contact us free of charge around the clock! We are also available on Sundays and public holidays!","og_url":"https:\/\/www.amper-aufsperrdienst.de\/en\/locksmith-munich-nikolaiplatz\/","og_site_name":"Locksmith for Munich, Dachau and F\u00fcrstenfeldbruck","article_modified_time":"2026-01-23T08:14:04+00:00","og_image":[{"url":"https:\/\/www.amper-aufsperrdienst.de\/wp-content\/uploads\/2021\/03\/schluesseldienst-muenchen-nikolaiplatz-festpreis-ab-52-siegel.jpg","type":"","width":"","height":""}],"twitter_misc":{"Est. reading time":"4 minutes"},"schema":{"@context":"https:\/\/schema.org","@graph":[{"@type":"WebPage","@id":"https:\/\/www.amper-aufsperrdienst.de\/en\/locksmith-munich-nikolaiplatz\/","url":"https:\/\/www.amper-aufsperrdienst.de\/en\/locksmith-munich-nikolaiplatz\/","name":"Locksmith Munich Nikolaiplatz: Fixed price from \u20ac52","isPartOf":{"@id":"https:\/\/www.amper-aufsperrdienst.de\/en\/#website"},"primaryImageOfPage":{"@id":"https:\/\/www.amper-aufsperrdienst.de\/en\/locksmith-munich-nikolaiplatz\/#primaryimage"},"image":{"@id":"https:\/\/www.amper-aufsperrdienst.de\/en\/locksmith-munich-nikolaiplatz\/#primaryimage"},"thumbnailUrl":"https:\/\/www.amper-aufsperrdienst.de\/wp-content\/uploads\/2021\/03\/schluesseldienst-muenchen-nikolaiplatz-festpreis-ab-52-siegel.jpg","datePublished":"2018-02-28T09:49:24+00:00","dateModified":"2026-01-23T08:14:04+00:00","description":"Professional and honest locksmith service in Munich Nikolaiplatz with friendly locksmiths, 24\/7 on-call service, and guaranteed fixed prices: damage-free door opening with the best locksmith tools! Contact us free of charge around the clock! We are also available on Sundays and public holidays!","breadcrumb":{"@id":"https:\/\/www.amper-aufsperrdienst.de\/en\/locksmith-munich-nikolaiplatz\/#breadcrumb"},"inLanguage":"en-US","potentialAction":[{"@type":"ReadAction","target":["https:\/\/www.amper-aufsperrdienst.de\/en\/locksmith-munich-nikolaiplatz\/"]}]},{"@type":"ImageObject","inLanguage":"en-US","@id":"https:\/\/www.amper-aufsperrdienst.de\/en\/locksmith-munich-nikolaiplatz\/#primaryimage","url":"https:\/\/www.amper-aufsperrdienst.de\/wp-content\/uploads\/2021\/03\/schluesseldienst-muenchen-nikolaiplatz-festpreis-ab-52-siegel.jpg","contentUrl":"https:\/\/www.amper-aufsperrdienst.de\/wp-content\/uploads\/2021\/03\/schluesseldienst-muenchen-nikolaiplatz-festpreis-ab-52-siegel.jpg"},{"@type":"BreadcrumbList","@id":"https:\/\/www.amper-aufsperrdienst.de\/en\/locksmith-munich-nikolaiplatz\/#breadcrumb","itemListElement":[{"@type":"ListItem","position":1,"name":"Home","item":"https:\/\/www.amper-aufsperrdienst.de\/en\/"},{"@type":"ListItem","position":2,"name":"Locksmith Munich Nikolaiplatz"}]},{"@type":"WebSite","@id":"https:\/\/www.amper-aufsperrdienst.de\/en\/#website","url":"https:\/\/www.amper-aufsperrdienst.de\/en\/","name":"Locksmith for Munich, Dachau and F\u00fcrstenfeldbruck","description":"Amper Aufsperrdienst","potentialAction":[{"@type":"SearchAction","target":{"@type":"EntryPoint","urlTemplate":"https:\/\/www.amper-aufsperrdienst.de\/en\/?s={search_term_string}"},"query-input":{"@type":"PropertyValueSpecification","valueRequired":true,"valueName":"search_term_string"}}],"inLanguage":"en-US"}]}},"_links":{"self":[{"href":"https:\/\/www.amper-aufsperrdienst.de\/en\/wp-json\/wp\/v2\/pages\/14043","targetHints":{"allow":["GET"]}}],"collection":[{"href":"https:\/\/www.amper-aufsperrdienst.de\/en\/wp-json\/wp\/v2\/pages"}],"about":[{"href":"https:\/\/www.amper-aufsperrdienst.de\/en\/wp-json\/wp\/v2\/types\/page"}],"author":[{"embeddable":true,"href":"https:\/\/www.amper-aufsperrdienst.de\/en\/wp-json\/wp\/v2\/users\/2"}],"replies":[{"embeddable":true,"href":"https:\/\/www.amper-aufsperrdienst.de\/en\/wp-json\/wp\/v2\/comments?post=14043"}],"version-history":[{"count":1,"href":"https:\/\/www.amper-aufsperrdienst.de\/en\/wp-json\/wp\/v2\/pages\/14043\/revisions"}],"predecessor-version":[{"id":14045,"href":"https:\/\/www.amper-aufsperrdienst.de\/en\/wp-json\/wp\/v2\/pages\/14043\/revisions\/14045"}],"wp:attachment":[{"href":"https:\/\/www.amper-aufsperrdienst.de\/en\/wp-json\/wp\/v2\/media?parent=14043"}],"curies":[{"name":"wp","href":"https:\/\/api.w.org\/{rel}","templated":true}]}}