{"id":14089,"date":"2019-02-19T09:20:11","date_gmt":"2019-02-19T07:20:11","guid":{"rendered":"https:\/\/www.amper-aufsperrdienst.de\/schlusseldienst-munchen-untersbergstrasse\/"},"modified":"2026-01-28T10:10:48","modified_gmt":"2026-01-28T08:10:48","slug":"locksmith-munich-untersbergstrasse","status":"publish","type":"page","link":"https:\/\/www.amper-aufsperrdienst.de\/en\/locksmith-munich-untersbergstrasse\/","title":{"rendered":"LOCKSMITH Service Munich Untersbergstrasse"},"content":{"rendered":"<p><img loading=\"lazy\" decoding=\"async\" class=\"alignleft\" style=\"margin-bottom: 5px !important;\" src=\"https:\/\/www.amper-aufsperrdienst.de\/wp-content\/uploads\/2021\/03\/schluesseldienst-muenchen-untersbergstrasse-festpreis-ab-52-siegel.jpg\" alt=\"Schl\u00fcsseldienst M\u00fcnchen with fixed price from 52,- EUR\" width=\"250\" height=\"250\"><\/p>\n<p>It was supposed to be just a short walk, maybe a quick bite to eat and a drink, and now you&#8217;re locked out because you lost your key? Did you just want to take out the trash and then realize you&#8217;d forgotten your key \u2013 but the door has already slammed shut? Do you need an experienced and fair locksmith on Untersbergstrasse in Munich? <\/p>\n<p>Amper Locksmith Service is a third-generation family business, and thanks to its professionalism and reliability, it not only opens doors without damage but also leaves customers satisfied. Simply call our free emergency hotline, which is always available. After you describe your situation, we will set off immediately. Based on experience, we are usually at your location on Untersbergstrasse within 30 minutes. If your apartment door has simply slammed shut, we can almost guarantee that we can open it completely without damage. Our technicians are friendly and highly trained. They use their tools expertly!   <\/p>\n          <!-- tarif -->\n<h2><b><span style=\"vertical-align: inherit;\"><span style=\"vertical-align: inherit;\">Our binding fixed prices start from \u20ac52.<\/span><\/span><\/b><\/h2>\n<p>Amper Locksmith Service is a fair locksmith service with transparent fixed prices:<\/p>\n<div class=\"table-title\">\n\tPRICE LIST  UNLOCK\n<\/div>\n<!-- Table part-->\n<table class=\"table\">\n  <thead class=\"header\">\n\t  <tr>\n     \t <th scope=\"col\">Time<\/th>\n     \t <th scope=\"col\">8 - 18<\/th>\n     \t <th scope=\"col\">18 - 22<\/th>\n     \t <th scope=\"col\">22 - 8<\/th>\n\t<\/tr>\n  <\/thead>\n  <tbody>\n     \t  <tr class=\"weekdays\">\n     \t  \t  <td class=\"tag\" data-label=\"Time\">Mo - Fr<\/td>\n     \t  \t  <td class=\"hrs tag\" data-label=\"8 - 18\">52,- \u20ac<\/td>\n     \t  \t  <td class=\"tag space\" data-label=\"18 - 22\">82,- \u20ac<\/td>\n     \t  \t  <td data-label=\"22 - 8\">95,- \u20ac<\/td>\n     \t  <\/tr>\n     <tr class=\"weekends\">\n     \t  \t  <td class=\"tag\" data-label=\"Time\">Sa<\/td>\n     \t  \t  <td class=\"tag\" data-label=\"8 - 18\">95,- \u20ac<\/td>\n     \t  \t  <td class=\"tag\" data-label=\"18 - 22\">95,- \u20ac<\/td>\n     \t  \t  <td data-label=\"22 - 8\">125,- \u20ac<\/td>\n     \t  <\/tr>\n     <tr class=\"holidays\">\n     \t  \t  <td class=\"tag\" data-label=\"Time\">So & holiday<\/td>\n     \t  \t  <td class=\"tag\" data-label=\"8 - 18\">125,- \u20ac<\/td>\n     \t  \t  <td class=\"tag\" data-label=\"18 - 22\">125,-\u20ac<\/td>\n     \t  \t  <td data-label=\"22 - 8\">125,-\u20ac<\/td>\n     \t  <\/tr>\n     <\/tbody>\n<\/table>\n<!-- Table Description-->\n<div class=\"table-description\">\n\t<em>Please call to inquire about travel costs.<\/em>\n<\/div>\n<!-- Wordings below -->\n<div class=\"wordings\">\n<p>The prices listed in this table are binding for unlocking a door that has slammed shut or been pulled shut (without self-locking mechanisms). Please feel free to contact us if you would like a price quote for other locksmith services. We will gladly provide you with a transparent, fixed-price offer.<\/p>\n<\/div>\n\n<!-- END Wordings -->\n\n\n\n<h2>AMPER LOCKING SERVICE: WE ARE THERE WHEN YOU NEED US<\/h2>\n<p>We are a genuine emergency locksmith service for Untersbergstrasse in Munich and are ready to help at any time. Amper Locksmith Service has no fixed business hours or waiting lists; we take care of your problem immediately after your call. Have you locked yourself out on a public holiday or has your key broken in the middle of the night? One call is all it takes, and Amper Locksmith Service will get to work. Even bad weather won&#8217;t deter us. We will always try to be at your location on Untersbergstrasse as quickly as possible so you don&#8217;t have to wait unnecessarily. <\/p>\n<h2>Key cutting service Munich Untersbergstrasse with guaranteed fixed price<\/h2>\n<p>Above all, our pricing policy sets us apart from the competition. We focus on fair and transparent pricing and provide our customers with peace of mind through our fixed-price guarantee. Before we begin any work, we will tell you the total price you will pay for your job, and this price will not change. With Amper Locksmith Service, there are no hidden costs or additional charges of any kind. This means that from the very beginning, you not only know that you will soon be back in your home, but you also have absolute certainty about the cost. We have been working with guaranteed fixed prices for three generations, and our many satisfied customers confirm that this is the right pricing policy.<\/p>\n<h2>UNTERSBERGSTRASSE IN MUNICH<\/h2>\n<p>In Munich&#8217;s traditional Giesing district, Untersbergstra\u00dfe runs between Tegernseer Landstra\u00dfe and Werinherstra\u00dfe. The U2, U7, and U8 subway lines can be accessed via the station located there.<\/p>\n<p>The beautiful Wei\u00dfenseepark is situated right next to Untersbergstra\u00dfe. The major streets that intersect Untersbergstra\u00dfe are Warngauer Stra\u00dfe, Deisenhofener Stra\u00dfe, Bayrischzeller Stra\u00dfe, Perlacher Stra\u00dfe, and Wei\u00dfenseestra\u00dfe.<\/p>\n<p>Do you urgently need a reliable, friendly, and competent locksmith on Untersbergstrasse in Munich? Amper Locksmith Service is available 24\/7 and will open your door for a guaranteed fixed price!<\/p>\n","protected":false},"excerpt":{"rendered":"<p>It was supposed to be just a short walk, maybe a quick bite to eat and a drink, and now you&#8217;re locked out because you lost your key? Did you just want to take out the trash and then realize you&#8217;d forgotten your key \u2013 but the door has already slammed shut? Do you need [&hellip;]<\/p>\n","protected":false},"author":2,"featured_media":0,"parent":0,"menu_order":0,"comment_status":"closed","ping_status":"closed","template":"","meta":{"footnotes":"","_links_to":"","_links_to_target":""},"class_list":["post-14089","page","type-page","status-publish","hentry"],"yoast_head":"<!-- This site is optimized with the Yoast SEO plugin v27.4 - https:\/\/yoast.com\/product\/yoast-seo-wordpress\/ -->\n<title>Locksmith Munich Untersbergstra\u00dfe: from \u20ac52,- fixed price<\/title>\n<meta name=\"description\" content=\"Our expert locksmith service in Munich Untersbergstrasse will open your door without damage for a fixed price; 24-hour emergency service every day of the year.\" \/>\n<meta name=\"robots\" content=\"index, follow, max-snippet:-1, max-image-preview:large, max-video-preview:-1\" \/>\n<link rel=\"canonical\" href=\"https:\/\/www.amper-aufsperrdienst.de\/en\/locksmith-munich-untersbergstrasse\/\" \/>\n<meta property=\"og:locale\" content=\"en_US\" \/>\n<meta property=\"og:type\" content=\"article\" \/>\n<meta property=\"og:title\" content=\"Locksmith Munich Untersbergstra\u00dfe: from \u20ac52,- fixed price\" \/>\n<meta property=\"og:description\" content=\"Our expert locksmith service in Munich Untersbergstrasse will open your door without damage for a fixed price; 24-hour emergency service every day of the year.\" \/>\n<meta property=\"og:url\" content=\"https:\/\/www.amper-aufsperrdienst.de\/en\/locksmith-munich-untersbergstrasse\/\" \/>\n<meta property=\"og:site_name\" content=\"Locksmith for Munich, Dachau and F\u00fcrstenfeldbruck\" \/>\n<meta property=\"article:modified_time\" content=\"2026-01-28T08:10:48+00:00\" \/>\n<meta property=\"og:image\" content=\"https:\/\/www.amper-aufsperrdienst.de\/wp-content\/uploads\/2021\/03\/schluesseldienst-muenchen-untersbergstrasse-festpreis-ab-52-siegel.jpg\" \/>\n<meta name=\"twitter:label1\" content=\"Est. reading time\" \/>\n\t<meta name=\"twitter:data1\" content=\"3 minutes\" \/>\n<script type=\"application\/ld+json\" class=\"yoast-schema-graph\">{\"@context\":\"https:\\\/\\\/schema.org\",\"@graph\":[{\"@type\":\"WebPage\",\"@id\":\"https:\\\/\\\/www.amper-aufsperrdienst.de\\\/en\\\/locksmith-munich-untersbergstrasse\\\/\",\"url\":\"https:\\\/\\\/www.amper-aufsperrdienst.de\\\/en\\\/locksmith-munich-untersbergstrasse\\\/\",\"name\":\"Locksmith Munich Untersbergstra\u00dfe: from \u20ac52,- fixed price\",\"isPartOf\":{\"@id\":\"https:\\\/\\\/www.amper-aufsperrdienst.de\\\/en\\\/#website\"},\"primaryImageOfPage\":{\"@id\":\"https:\\\/\\\/www.amper-aufsperrdienst.de\\\/en\\\/locksmith-munich-untersbergstrasse\\\/#primaryimage\"},\"image\":{\"@id\":\"https:\\\/\\\/www.amper-aufsperrdienst.de\\\/en\\\/locksmith-munich-untersbergstrasse\\\/#primaryimage\"},\"thumbnailUrl\":\"https:\\\/\\\/www.amper-aufsperrdienst.de\\\/wp-content\\\/uploads\\\/2021\\\/03\\\/schluesseldienst-muenchen-untersbergstrasse-festpreis-ab-52-siegel.jpg\",\"datePublished\":\"2019-02-19T07:20:11+00:00\",\"dateModified\":\"2026-01-28T08:10:48+00:00\",\"description\":\"Our expert locksmith service in Munich Untersbergstrasse will open your door without damage for a fixed price; 24-hour emergency service every day of the year.\",\"breadcrumb\":{\"@id\":\"https:\\\/\\\/www.amper-aufsperrdienst.de\\\/en\\\/locksmith-munich-untersbergstrasse\\\/#breadcrumb\"},\"inLanguage\":\"en-US\",\"potentialAction\":[{\"@type\":\"ReadAction\",\"target\":[\"https:\\\/\\\/www.amper-aufsperrdienst.de\\\/en\\\/locksmith-munich-untersbergstrasse\\\/\"]}]},{\"@type\":\"ImageObject\",\"inLanguage\":\"en-US\",\"@id\":\"https:\\\/\\\/www.amper-aufsperrdienst.de\\\/en\\\/locksmith-munich-untersbergstrasse\\\/#primaryimage\",\"url\":\"https:\\\/\\\/www.amper-aufsperrdienst.de\\\/wp-content\\\/uploads\\\/2021\\\/03\\\/schluesseldienst-muenchen-untersbergstrasse-festpreis-ab-52-siegel.jpg\",\"contentUrl\":\"https:\\\/\\\/www.amper-aufsperrdienst.de\\\/wp-content\\\/uploads\\\/2021\\\/03\\\/schluesseldienst-muenchen-untersbergstrasse-festpreis-ab-52-siegel.jpg\"},{\"@type\":\"BreadcrumbList\",\"@id\":\"https:\\\/\\\/www.amper-aufsperrdienst.de\\\/en\\\/locksmith-munich-untersbergstrasse\\\/#breadcrumb\",\"itemListElement\":[{\"@type\":\"ListItem\",\"position\":1,\"name\":\"Home\",\"item\":\"https:\\\/\\\/www.amper-aufsperrdienst.de\\\/en\\\/\"},{\"@type\":\"ListItem\",\"position\":2,\"name\":\"LOCKSMITH Service Munich Untersbergstrasse\"}]},{\"@type\":\"WebSite\",\"@id\":\"https:\\\/\\\/www.amper-aufsperrdienst.de\\\/en\\\/#website\",\"url\":\"https:\\\/\\\/www.amper-aufsperrdienst.de\\\/en\\\/\",\"name\":\"Locksmith for Munich, Dachau and F\u00fcrstenfeldbruck\",\"description\":\"Amper Aufsperrdienst\",\"potentialAction\":[{\"@type\":\"SearchAction\",\"target\":{\"@type\":\"EntryPoint\",\"urlTemplate\":\"https:\\\/\\\/www.amper-aufsperrdienst.de\\\/en\\\/?s={search_term_string}\"},\"query-input\":{\"@type\":\"PropertyValueSpecification\",\"valueRequired\":true,\"valueName\":\"search_term_string\"}}],\"inLanguage\":\"en-US\"}]}<\/script>\n<!-- \/ Yoast SEO plugin. -->","yoast_head_json":{"title":"Locksmith Munich Untersbergstra\u00dfe: from \u20ac52,- fixed price","description":"Our expert locksmith service in Munich Untersbergstrasse will open your door without damage for a fixed price; 24-hour emergency service every day of the year.","robots":{"index":"index","follow":"follow","max-snippet":"max-snippet:-1","max-image-preview":"max-image-preview:large","max-video-preview":"max-video-preview:-1"},"canonical":"https:\/\/www.amper-aufsperrdienst.de\/en\/locksmith-munich-untersbergstrasse\/","og_locale":"en_US","og_type":"article","og_title":"Locksmith Munich Untersbergstra\u00dfe: from \u20ac52,- fixed price","og_description":"Our expert locksmith service in Munich Untersbergstrasse will open your door without damage for a fixed price; 24-hour emergency service every day of the year.","og_url":"https:\/\/www.amper-aufsperrdienst.de\/en\/locksmith-munich-untersbergstrasse\/","og_site_name":"Locksmith for Munich, Dachau and F\u00fcrstenfeldbruck","article_modified_time":"2026-01-28T08:10:48+00:00","og_image":[{"url":"https:\/\/www.amper-aufsperrdienst.de\/wp-content\/uploads\/2021\/03\/schluesseldienst-muenchen-untersbergstrasse-festpreis-ab-52-siegel.jpg","type":"","width":"","height":""}],"twitter_misc":{"Est. reading time":"3 minutes"},"schema":{"@context":"https:\/\/schema.org","@graph":[{"@type":"WebPage","@id":"https:\/\/www.amper-aufsperrdienst.de\/en\/locksmith-munich-untersbergstrasse\/","url":"https:\/\/www.amper-aufsperrdienst.de\/en\/locksmith-munich-untersbergstrasse\/","name":"Locksmith Munich Untersbergstra\u00dfe: from \u20ac52,- fixed price","isPartOf":{"@id":"https:\/\/www.amper-aufsperrdienst.de\/en\/#website"},"primaryImageOfPage":{"@id":"https:\/\/www.amper-aufsperrdienst.de\/en\/locksmith-munich-untersbergstrasse\/#primaryimage"},"image":{"@id":"https:\/\/www.amper-aufsperrdienst.de\/en\/locksmith-munich-untersbergstrasse\/#primaryimage"},"thumbnailUrl":"https:\/\/www.amper-aufsperrdienst.de\/wp-content\/uploads\/2021\/03\/schluesseldienst-muenchen-untersbergstrasse-festpreis-ab-52-siegel.jpg","datePublished":"2019-02-19T07:20:11+00:00","dateModified":"2026-01-28T08:10:48+00:00","description":"Our expert locksmith service in Munich Untersbergstrasse will open your door without damage for a fixed price; 24-hour emergency service every day of the year.","breadcrumb":{"@id":"https:\/\/www.amper-aufsperrdienst.de\/en\/locksmith-munich-untersbergstrasse\/#breadcrumb"},"inLanguage":"en-US","potentialAction":[{"@type":"ReadAction","target":["https:\/\/www.amper-aufsperrdienst.de\/en\/locksmith-munich-untersbergstrasse\/"]}]},{"@type":"ImageObject","inLanguage":"en-US","@id":"https:\/\/www.amper-aufsperrdienst.de\/en\/locksmith-munich-untersbergstrasse\/#primaryimage","url":"https:\/\/www.amper-aufsperrdienst.de\/wp-content\/uploads\/2021\/03\/schluesseldienst-muenchen-untersbergstrasse-festpreis-ab-52-siegel.jpg","contentUrl":"https:\/\/www.amper-aufsperrdienst.de\/wp-content\/uploads\/2021\/03\/schluesseldienst-muenchen-untersbergstrasse-festpreis-ab-52-siegel.jpg"},{"@type":"BreadcrumbList","@id":"https:\/\/www.amper-aufsperrdienst.de\/en\/locksmith-munich-untersbergstrasse\/#breadcrumb","itemListElement":[{"@type":"ListItem","position":1,"name":"Home","item":"https:\/\/www.amper-aufsperrdienst.de\/en\/"},{"@type":"ListItem","position":2,"name":"LOCKSMITH Service Munich Untersbergstrasse"}]},{"@type":"WebSite","@id":"https:\/\/www.amper-aufsperrdienst.de\/en\/#website","url":"https:\/\/www.amper-aufsperrdienst.de\/en\/","name":"Locksmith for Munich, Dachau and F\u00fcrstenfeldbruck","description":"Amper Aufsperrdienst","potentialAction":[{"@type":"SearchAction","target":{"@type":"EntryPoint","urlTemplate":"https:\/\/www.amper-aufsperrdienst.de\/en\/?s={search_term_string}"},"query-input":{"@type":"PropertyValueSpecification","valueRequired":true,"valueName":"search_term_string"}}],"inLanguage":"en-US"}]}},"_links":{"self":[{"href":"https:\/\/www.amper-aufsperrdienst.de\/en\/wp-json\/wp\/v2\/pages\/14089","targetHints":{"allow":["GET"]}}],"collection":[{"href":"https:\/\/www.amper-aufsperrdienst.de\/en\/wp-json\/wp\/v2\/pages"}],"about":[{"href":"https:\/\/www.amper-aufsperrdienst.de\/en\/wp-json\/wp\/v2\/types\/page"}],"author":[{"embeddable":true,"href":"https:\/\/www.amper-aufsperrdienst.de\/en\/wp-json\/wp\/v2\/users\/2"}],"replies":[{"embeddable":true,"href":"https:\/\/www.amper-aufsperrdienst.de\/en\/wp-json\/wp\/v2\/comments?post=14089"}],"version-history":[{"count":2,"href":"https:\/\/www.amper-aufsperrdienst.de\/en\/wp-json\/wp\/v2\/pages\/14089\/revisions"}],"predecessor-version":[{"id":14462,"href":"https:\/\/www.amper-aufsperrdienst.de\/en\/wp-json\/wp\/v2\/pages\/14089\/revisions\/14462"}],"wp:attachment":[{"href":"https:\/\/www.amper-aufsperrdienst.de\/en\/wp-json\/wp\/v2\/media?parent=14089"}],"curies":[{"name":"wp","href":"https:\/\/api.w.org\/{rel}","templated":true}]}}