{"id":14095,"date":"2018-06-28T12:28:23","date_gmt":"2018-06-28T10:28:23","guid":{"rendered":"https:\/\/www.amper-aufsperrdienst.de\/locksmith-munich-olympic-village\/"},"modified":"2026-01-23T10:51:05","modified_gmt":"2026-01-23T08:51:05","slug":"locksmith-munich-olympic-village","status":"publish","type":"page","link":"https:\/\/www.amper-aufsperrdienst.de\/en\/locksmith-munich-olympic-village\/","title":{"rendered":"Locksmith Munich Olympic Village"},"content":{"rendered":"<p><img loading=\"lazy\" decoding=\"async\" class=\"alignleft\" style=\"margin-bottom: 5px !important;\" src=\"https:\/\/www.amper-aufsperrdienst.de\/wp-content\/uploads\/2021\/03\/schluesseldienst-muenchen-olympisches-dorf-festpreis-ab-52-siegel.jpg\" alt=\"Amper Locksmith Service - Locksmith Munich Olympic Village with fixed prices starting at \u20ac52\" width=\"250\" height=\"250\" \/><\/p>\n<p>Are you about to panic because you&#8217;re standing in front of your apartment in the Olympic Village and can&#8217;t open the door since you&#8217;ve lost your keys? Don&#8217;t worry! Our experienced, fast, and fair locksmith service in Munich&#8217;s Olympic Village will gladly help you out of this predicament for a fixed price and completely without causing any damage! Our staff are very friendly and know exactly what to do to quickly get you back into your home without damaging your door. We are available 24\/7, even on Sundays and public holidays!<\/p>\n          <!-- tarif -->\n<h2><b><span style=\"vertical-align: inherit;\"><span style=\"vertical-align: inherit;\">Our binding fixed prices start from \u20ac52.<\/span><\/span><\/b><\/h2>\n<p>Amper Locksmith Service is a fair locksmith service with transparent fixed prices:<\/p>\n<div class=\"table-title\">\n\tPRICE LIST  UNLOCK\n<\/div>\n<!-- Table part-->\n<table class=\"table\">\n  <thead class=\"header\">\n\t  <tr>\n     \t <th scope=\"col\">Time<\/th>\n     \t <th scope=\"col\">8 - 18<\/th>\n     \t <th scope=\"col\">18 - 22<\/th>\n     \t <th scope=\"col\">22 - 8<\/th>\n\t<\/tr>\n  <\/thead>\n  <tbody>\n     \t  <tr class=\"weekdays\">\n     \t  \t  <td class=\"tag\" data-label=\"Time\">Mo - Fr<\/td>\n     \t  \t  <td class=\"hrs tag\" data-label=\"8 - 18\">52,- \u20ac<\/td>\n     \t  \t  <td class=\"tag space\" data-label=\"18 - 22\">82,- \u20ac<\/td>\n     \t  \t  <td data-label=\"22 - 8\">95,- \u20ac<\/td>\n     \t  <\/tr>\n     <tr class=\"weekends\">\n     \t  \t  <td class=\"tag\" data-label=\"Time\">Sa<\/td>\n     \t  \t  <td class=\"tag\" data-label=\"8 - 18\">95,- \u20ac<\/td>\n     \t  \t  <td class=\"tag\" data-label=\"18 - 22\">95,- \u20ac<\/td>\n     \t  \t  <td data-label=\"22 - 8\">125,- \u20ac<\/td>\n     \t  <\/tr>\n     <tr class=\"holidays\">\n     \t  \t  <td class=\"tag\" data-label=\"Time\">So & holiday<\/td>\n     \t  \t  <td class=\"tag\" data-label=\"8 - 18\">125,- \u20ac<\/td>\n     \t  \t  <td class=\"tag\" data-label=\"18 - 22\">125,-\u20ac<\/td>\n     \t  \t  <td data-label=\"22 - 8\">125,-\u20ac<\/td>\n     \t  <\/tr>\n     <\/tbody>\n<\/table>\n<!-- Table Description-->\n<div class=\"table-description\">\n\t<em>Please call to inquire about travel costs.<\/em>\n<\/div>\n<!-- Wordings below -->\n<div class=\"wordings\">\n<p>The prices listed in this table are binding for unlocking a door that has slammed shut or been pulled shut (without self-locking mechanisms). Please feel free to contact us if you would like a price quote for other locksmith services. We will gladly provide you with a transparent, fixed-price offer.<\/p>\n<\/div>\n\n<!-- END Wordings -->\n\n\n\n<div class=\"ansprech\">Honest locksmith service in Munich&#8217;s Olympic Village, already in its 3rd generation.<br \/>\n<h3 class=\"phone mobilesOnly\"><a href=\"tel:+498000131131\">0800 \/ 0 131 131<\/a><\/h3><h3 class=\"phone desktopOnly\"><a href=\"tel:+498000131131\">0800 \/ 0 131 131<\/a><\/h3>Affordable fixed prices, free telephone number, 24\/7 emergency service and friendly staff<\/div>\n<h2>The Olympic Village in the Am Riesenfeld district of Munich<\/h2>\n<p>The Olympic Village is located in Am Riesenfeld in Munich and, as the name suggests, was built for the 1972 Summer Olympic Games. It was intended to house the Olympians and athletes. The architectural firm Heinle, Wischer and Partner was responsible for the planning. In 1998, the Olympic Village, along with the other large facilities in the Olympic Park, was designated a protected historical ensemble. Today, around 6,000 people live in the Olympic Village. There are approximately 3,500 apartments in this highly sought-after residential area.<\/p>\n<p>The Olympic Village was and remains an integral part of the Munich Olympic grounds. It is located between Moosacher Stra\u00dfe, Lerchenauer Stra\u00dfe, the Mittlerer Ring (Middle Ring Road), and Landshuter Allee. The ZHS (Central University Sports Center) and the sports facilities of the Technical University of Munich are located near the Olympic Village.<\/p>\n<p>The Olympic Village in the north, where the male athletes were housed, is now entirely residential. It contains the following three streets, accessed via Helene-Mayer-Ring: Connollystra\u00dfe, Nadistra\u00dfe, and Stra\u00dfbergerstra\u00dfe. The Olympic Village in the south, where the women were housed, is now a student residence.<\/p>\n<h2>Munich Olympic Village Locksmith Service: Affordable Fixed Price for Fast Door Opening<\/h2>\n<p>Do you live in the Olympic Village at Munich&#8217;s Riesenfeld and are currently looking for a fast and fair locksmith who can unlock your locked front door for a fixed price? If so, please contact us. Our emergency hotline is free and available 24\/7 \u2013 even on Sundays and public holidays. Our fixed prices are fairly calculated and quite affordable. We don&#8217;t have any hidden extra costs and will gladly tell you the exact total price during your free call. This way, you can be sure there won&#8217;t be any unpleasant surprises!<\/p>\n<h2>Use of Specialized Tools<\/h2>\n<p>We not only work for a transparent and binding fixed price, but also with the best specialized tools. Naturally, our employees are highly trained in the use of these tools. This allows us to achieve completely damage-free lockouts in over 99% of our jobs. We are, of course, proud of this achievement. As a family business with a long tradition, we have been operating for three generations and know what we&#8217;re doing!<\/p>\n<div class=\"ansprech\">Honest locksmith service in Munich&#8217;s Olympic Village, already in its 3rd generation.<br \/>\n<h3 class=\"phone mobilesOnly\"><a href=\"tel:+498000131131\">0800 \/ 0 131 131<\/a><\/h3><h3 class=\"phone desktopOnly\"><a href=\"tel:+498000131131\">0800 \/ 0 131 131<\/a><\/h3>Affordable fixed prices, free telephone number, 24\/7 emergency service and friendly staff<\/div>\n","protected":false},"excerpt":{"rendered":"<p>Are you about to panic because you&#8217;re standing in front of your apartment in the Olympic Village and can&#8217;t open the door since you&#8217;ve lost your keys? Don&#8217;t worry! Our experienced, fast, and fair locksmith service in Munich&#8217;s Olympic Village will gladly help you out of this predicament for a fixed price and completely without [&hellip;]<\/p>\n","protected":false},"author":2,"featured_media":0,"parent":0,"menu_order":0,"comment_status":"closed","ping_status":"closed","template":"","meta":{"footnotes":"","_links_to":"","_links_to_target":""},"class_list":["post-14095","page","type-page","status-publish","hentry"],"yoast_head":"<!-- This site is optimized with the Yoast SEO plugin v27.4 - https:\/\/yoast.com\/product\/yoast-seo-wordpress\/ -->\n<title>Locksmith Munich Olympic Village: Fixed price from \u20ac52<\/title>\n<meta name=\"description\" content=\"Trustworthy and affordable locksmith service in Munich Olympic Village with 24\/7 service, free phone number, friendly locksmiths, and a fixed price guarantee: damage-free door opening using high-quality professional tools. Round-the-clock service, even on Sundays and public holidays! Call now, free of charge!\" \/>\n<meta name=\"robots\" content=\"index, follow, max-snippet:-1, max-image-preview:large, max-video-preview:-1\" \/>\n<link rel=\"canonical\" href=\"https:\/\/www.amper-aufsperrdienst.de\/en\/locksmith-munich-olympic-village\/\" \/>\n<meta property=\"og:locale\" content=\"en_US\" \/>\n<meta property=\"og:type\" content=\"article\" \/>\n<meta property=\"og:title\" content=\"Locksmith Munich Olympic Village: Fixed price from \u20ac52\" \/>\n<meta property=\"og:description\" content=\"Trustworthy and affordable locksmith service in Munich Olympic Village with 24\/7 service, free phone number, friendly locksmiths, and a fixed price guarantee: damage-free door opening using high-quality professional tools. Round-the-clock service, even on Sundays and public holidays! Call now, free of charge!\" \/>\n<meta property=\"og:url\" content=\"https:\/\/www.amper-aufsperrdienst.de\/en\/locksmith-munich-olympic-village\/\" \/>\n<meta property=\"og:site_name\" content=\"Locksmith for Munich, Dachau and F\u00fcrstenfeldbruck\" \/>\n<meta property=\"article:modified_time\" content=\"2026-01-23T08:51:05+00:00\" \/>\n<meta property=\"og:image\" content=\"https:\/\/www.amper-aufsperrdienst.de\/wp-content\/uploads\/2021\/03\/schluesseldienst-muenchen-olympisches-dorf-festpreis-ab-52-siegel.jpg\" \/>\n<meta name=\"twitter:label1\" content=\"Est. reading time\" \/>\n\t<meta name=\"twitter:data1\" content=\"4 minutes\" \/>\n<script type=\"application\/ld+json\" class=\"yoast-schema-graph\">{\"@context\":\"https:\\\/\\\/schema.org\",\"@graph\":[{\"@type\":\"WebPage\",\"@id\":\"https:\\\/\\\/www.amper-aufsperrdienst.de\\\/en\\\/locksmith-munich-olympic-village\\\/\",\"url\":\"https:\\\/\\\/www.amper-aufsperrdienst.de\\\/en\\\/locksmith-munich-olympic-village\\\/\",\"name\":\"Locksmith Munich Olympic Village: Fixed price from \u20ac52\",\"isPartOf\":{\"@id\":\"https:\\\/\\\/www.amper-aufsperrdienst.de\\\/en\\\/#website\"},\"primaryImageOfPage\":{\"@id\":\"https:\\\/\\\/www.amper-aufsperrdienst.de\\\/en\\\/locksmith-munich-olympic-village\\\/#primaryimage\"},\"image\":{\"@id\":\"https:\\\/\\\/www.amper-aufsperrdienst.de\\\/en\\\/locksmith-munich-olympic-village\\\/#primaryimage\"},\"thumbnailUrl\":\"https:\\\/\\\/www.amper-aufsperrdienst.de\\\/wp-content\\\/uploads\\\/2021\\\/03\\\/schluesseldienst-muenchen-olympisches-dorf-festpreis-ab-52-siegel.jpg\",\"datePublished\":\"2018-06-28T10:28:23+00:00\",\"dateModified\":\"2026-01-23T08:51:05+00:00\",\"description\":\"Trustworthy and affordable locksmith service in Munich Olympic Village with 24\\\/7 service, free phone number, friendly locksmiths, and a fixed price guarantee: damage-free door opening using high-quality professional tools. Round-the-clock service, even on Sundays and public holidays! Call now, free of charge!\",\"breadcrumb\":{\"@id\":\"https:\\\/\\\/www.amper-aufsperrdienst.de\\\/en\\\/locksmith-munich-olympic-village\\\/#breadcrumb\"},\"inLanguage\":\"en-US\",\"potentialAction\":[{\"@type\":\"ReadAction\",\"target\":[\"https:\\\/\\\/www.amper-aufsperrdienst.de\\\/en\\\/locksmith-munich-olympic-village\\\/\"]}]},{\"@type\":\"ImageObject\",\"inLanguage\":\"en-US\",\"@id\":\"https:\\\/\\\/www.amper-aufsperrdienst.de\\\/en\\\/locksmith-munich-olympic-village\\\/#primaryimage\",\"url\":\"https:\\\/\\\/www.amper-aufsperrdienst.de\\\/wp-content\\\/uploads\\\/2021\\\/03\\\/schluesseldienst-muenchen-olympisches-dorf-festpreis-ab-52-siegel.jpg\",\"contentUrl\":\"https:\\\/\\\/www.amper-aufsperrdienst.de\\\/wp-content\\\/uploads\\\/2021\\\/03\\\/schluesseldienst-muenchen-olympisches-dorf-festpreis-ab-52-siegel.jpg\"},{\"@type\":\"BreadcrumbList\",\"@id\":\"https:\\\/\\\/www.amper-aufsperrdienst.de\\\/en\\\/locksmith-munich-olympic-village\\\/#breadcrumb\",\"itemListElement\":[{\"@type\":\"ListItem\",\"position\":1,\"name\":\"Home\",\"item\":\"https:\\\/\\\/www.amper-aufsperrdienst.de\\\/en\\\/\"},{\"@type\":\"ListItem\",\"position\":2,\"name\":\"Locksmith Munich Olympic Village\"}]},{\"@type\":\"WebSite\",\"@id\":\"https:\\\/\\\/www.amper-aufsperrdienst.de\\\/en\\\/#website\",\"url\":\"https:\\\/\\\/www.amper-aufsperrdienst.de\\\/en\\\/\",\"name\":\"Locksmith for Munich, Dachau and F\u00fcrstenfeldbruck\",\"description\":\"Amper Aufsperrdienst\",\"potentialAction\":[{\"@type\":\"SearchAction\",\"target\":{\"@type\":\"EntryPoint\",\"urlTemplate\":\"https:\\\/\\\/www.amper-aufsperrdienst.de\\\/en\\\/?s={search_term_string}\"},\"query-input\":{\"@type\":\"PropertyValueSpecification\",\"valueRequired\":true,\"valueName\":\"search_term_string\"}}],\"inLanguage\":\"en-US\"}]}<\/script>\n<!-- \/ Yoast SEO plugin. -->","yoast_head_json":{"title":"Locksmith Munich Olympic Village: Fixed price from \u20ac52","description":"Trustworthy and affordable locksmith service in Munich Olympic Village with 24\/7 service, free phone number, friendly locksmiths, and a fixed price guarantee: damage-free door opening using high-quality professional tools. Round-the-clock service, even on Sundays and public holidays! Call now, free of charge!","robots":{"index":"index","follow":"follow","max-snippet":"max-snippet:-1","max-image-preview":"max-image-preview:large","max-video-preview":"max-video-preview:-1"},"canonical":"https:\/\/www.amper-aufsperrdienst.de\/en\/locksmith-munich-olympic-village\/","og_locale":"en_US","og_type":"article","og_title":"Locksmith Munich Olympic Village: Fixed price from \u20ac52","og_description":"Trustworthy and affordable locksmith service in Munich Olympic Village with 24\/7 service, free phone number, friendly locksmiths, and a fixed price guarantee: damage-free door opening using high-quality professional tools. Round-the-clock service, even on Sundays and public holidays! Call now, free of charge!","og_url":"https:\/\/www.amper-aufsperrdienst.de\/en\/locksmith-munich-olympic-village\/","og_site_name":"Locksmith for Munich, Dachau and F\u00fcrstenfeldbruck","article_modified_time":"2026-01-23T08:51:05+00:00","og_image":[{"url":"https:\/\/www.amper-aufsperrdienst.de\/wp-content\/uploads\/2021\/03\/schluesseldienst-muenchen-olympisches-dorf-festpreis-ab-52-siegel.jpg","type":"","width":"","height":""}],"twitter_misc":{"Est. reading time":"4 minutes"},"schema":{"@context":"https:\/\/schema.org","@graph":[{"@type":"WebPage","@id":"https:\/\/www.amper-aufsperrdienst.de\/en\/locksmith-munich-olympic-village\/","url":"https:\/\/www.amper-aufsperrdienst.de\/en\/locksmith-munich-olympic-village\/","name":"Locksmith Munich Olympic Village: Fixed price from \u20ac52","isPartOf":{"@id":"https:\/\/www.amper-aufsperrdienst.de\/en\/#website"},"primaryImageOfPage":{"@id":"https:\/\/www.amper-aufsperrdienst.de\/en\/locksmith-munich-olympic-village\/#primaryimage"},"image":{"@id":"https:\/\/www.amper-aufsperrdienst.de\/en\/locksmith-munich-olympic-village\/#primaryimage"},"thumbnailUrl":"https:\/\/www.amper-aufsperrdienst.de\/wp-content\/uploads\/2021\/03\/schluesseldienst-muenchen-olympisches-dorf-festpreis-ab-52-siegel.jpg","datePublished":"2018-06-28T10:28:23+00:00","dateModified":"2026-01-23T08:51:05+00:00","description":"Trustworthy and affordable locksmith service in Munich Olympic Village with 24\/7 service, free phone number, friendly locksmiths, and a fixed price guarantee: damage-free door opening using high-quality professional tools. Round-the-clock service, even on Sundays and public holidays! Call now, free of charge!","breadcrumb":{"@id":"https:\/\/www.amper-aufsperrdienst.de\/en\/locksmith-munich-olympic-village\/#breadcrumb"},"inLanguage":"en-US","potentialAction":[{"@type":"ReadAction","target":["https:\/\/www.amper-aufsperrdienst.de\/en\/locksmith-munich-olympic-village\/"]}]},{"@type":"ImageObject","inLanguage":"en-US","@id":"https:\/\/www.amper-aufsperrdienst.de\/en\/locksmith-munich-olympic-village\/#primaryimage","url":"https:\/\/www.amper-aufsperrdienst.de\/wp-content\/uploads\/2021\/03\/schluesseldienst-muenchen-olympisches-dorf-festpreis-ab-52-siegel.jpg","contentUrl":"https:\/\/www.amper-aufsperrdienst.de\/wp-content\/uploads\/2021\/03\/schluesseldienst-muenchen-olympisches-dorf-festpreis-ab-52-siegel.jpg"},{"@type":"BreadcrumbList","@id":"https:\/\/www.amper-aufsperrdienst.de\/en\/locksmith-munich-olympic-village\/#breadcrumb","itemListElement":[{"@type":"ListItem","position":1,"name":"Home","item":"https:\/\/www.amper-aufsperrdienst.de\/en\/"},{"@type":"ListItem","position":2,"name":"Locksmith Munich Olympic Village"}]},{"@type":"WebSite","@id":"https:\/\/www.amper-aufsperrdienst.de\/en\/#website","url":"https:\/\/www.amper-aufsperrdienst.de\/en\/","name":"Locksmith for Munich, Dachau and F\u00fcrstenfeldbruck","description":"Amper Aufsperrdienst","potentialAction":[{"@type":"SearchAction","target":{"@type":"EntryPoint","urlTemplate":"https:\/\/www.amper-aufsperrdienst.de\/en\/?s={search_term_string}"},"query-input":{"@type":"PropertyValueSpecification","valueRequired":true,"valueName":"search_term_string"}}],"inLanguage":"en-US"}]}},"_links":{"self":[{"href":"https:\/\/www.amper-aufsperrdienst.de\/en\/wp-json\/wp\/v2\/pages\/14095","targetHints":{"allow":["GET"]}}],"collection":[{"href":"https:\/\/www.amper-aufsperrdienst.de\/en\/wp-json\/wp\/v2\/pages"}],"about":[{"href":"https:\/\/www.amper-aufsperrdienst.de\/en\/wp-json\/wp\/v2\/types\/page"}],"author":[{"embeddable":true,"href":"https:\/\/www.amper-aufsperrdienst.de\/en\/wp-json\/wp\/v2\/users\/2"}],"replies":[{"embeddable":true,"href":"https:\/\/www.amper-aufsperrdienst.de\/en\/wp-json\/wp\/v2\/comments?post=14095"}],"version-history":[{"count":1,"href":"https:\/\/www.amper-aufsperrdienst.de\/en\/wp-json\/wp\/v2\/pages\/14095\/revisions"}],"predecessor-version":[{"id":14096,"href":"https:\/\/www.amper-aufsperrdienst.de\/en\/wp-json\/wp\/v2\/pages\/14095\/revisions\/14096"}],"wp:attachment":[{"href":"https:\/\/www.amper-aufsperrdienst.de\/en\/wp-json\/wp\/v2\/media?parent=14095"}],"curies":[{"name":"wp","href":"https:\/\/api.w.org\/{rel}","templated":true}]}}