{"id":14097,"date":"2019-02-19T09:23:34","date_gmt":"2019-02-19T07:23:34","guid":{"rendered":"https:\/\/www.amper-aufsperrdienst.de\/schluesseldienst-muenchen-von-kahr-strasse\/"},"modified":"2026-01-28T10:14:20","modified_gmt":"2026-01-28T08:14:20","slug":"locksmith-munich-von-kahr-strasse","status":"publish","type":"page","link":"https:\/\/www.amper-aufsperrdienst.de\/en\/locksmith-munich-von-kahr-strasse\/","title":{"rendered":"Locksmith MUNICH VON-KAHR-STRASSE"},"content":{"rendered":"<p><img loading=\"lazy\" decoding=\"async\" class=\"alignleft\" style=\"margin-bottom: 5px !important;\" src=\"https:\/\/www.amper-aufsperrdienst.de\/wp-content\/uploads\/2021\/03\/schluesseldienst-muenchen-von-kahr-strasse-festpreis-ab-52-siegel.jpg\" alt=\"Schl\u00fcsseldienst M\u00fcnchen with fixed price from 52,- EUR\" width=\"250\" height=\"250\" \/><\/p>\n<p>Are you standing in front of your apartment on Von-Kahr-Stra\u00dfe in Munich and facing the problem of not being able to get in? Perhaps the key has even broken off in the lock, and now you&#8217;re looking for a competent locksmith in Von-Kahr-Stra\u00dfe? Whether you&#8217;ve forgotten your key, the other half is stuck in the lock, or you need a lock replaced, Amper Locksmith Service is the right place to go.<\/p>\n<p>Locking yourself out can happen to anyone, and it happens more often than you might think. For three generations, Amper Locksmith Service has been unlocking locked or jammed doors. Thanks to our highly trained locksmiths and top-quality specialized tools, we can usually open your door without causing any damage. If the door isn&#8217;t locked but has simply latched shut, our experience allows us to almost guarantee a non-destructive opening.<\/p>\n          <!-- tarif -->\n<h2><b><span style=\"vertical-align: inherit;\"><span style=\"vertical-align: inherit;\">Our binding fixed prices start from \u20ac52.<\/span><\/span><\/b><\/h2>\n<p>Amper Locksmith Service is a fair locksmith service with transparent fixed prices:<\/p>\n<div class=\"table-title\">\n\tPRICE LIST  UNLOCK\n<\/div>\n<!-- Table part-->\n<table class=\"table\">\n  <thead class=\"header\">\n\t  <tr>\n     \t <th scope=\"col\">Time<\/th>\n     \t <th scope=\"col\">8 - 18<\/th>\n     \t <th scope=\"col\">18 - 22<\/th>\n     \t <th scope=\"col\">22 - 8<\/th>\n\t<\/tr>\n  <\/thead>\n  <tbody>\n     \t  <tr class=\"weekdays\">\n     \t  \t  <td class=\"tag\" data-label=\"Time\">Mo - Fr<\/td>\n     \t  \t  <td class=\"hrs tag\" data-label=\"8 - 18\">52,- \u20ac<\/td>\n     \t  \t  <td class=\"tag space\" data-label=\"18 - 22\">82,- \u20ac<\/td>\n     \t  \t  <td data-label=\"22 - 8\">95,- \u20ac<\/td>\n     \t  <\/tr>\n     <tr class=\"weekends\">\n     \t  \t  <td class=\"tag\" data-label=\"Time\">Sa<\/td>\n     \t  \t  <td class=\"tag\" data-label=\"8 - 18\">95,- \u20ac<\/td>\n     \t  \t  <td class=\"tag\" data-label=\"18 - 22\">95,- \u20ac<\/td>\n     \t  \t  <td data-label=\"22 - 8\">125,- \u20ac<\/td>\n     \t  <\/tr>\n     <tr class=\"holidays\">\n     \t  \t  <td class=\"tag\" data-label=\"Time\">So & holiday<\/td>\n     \t  \t  <td class=\"tag\" data-label=\"8 - 18\">125,- \u20ac<\/td>\n     \t  \t  <td class=\"tag\" data-label=\"18 - 22\">125,-\u20ac<\/td>\n     \t  \t  <td data-label=\"22 - 8\">125,-\u20ac<\/td>\n     \t  <\/tr>\n     <\/tbody>\n<\/table>\n<!-- Table Description-->\n<div class=\"table-description\">\n\t<em>Please call to inquire about travel costs.<\/em>\n<\/div>\n<!-- Wordings below -->\n<div class=\"wordings\">\n<p>The prices listed in this table are binding for unlocking a door that has slammed shut or been pulled shut (without self-locking mechanisms). Please feel free to contact us if you would like a price quote for other locksmith services. We will gladly provide you with a transparent, fixed-price offer.<\/p>\n<\/div>\n\n<!-- END Wordings -->\n\n\n\n<h2>PROFESSIONAL LOCK REPLACEMENT FROM THE AMPER Locksmith<\/h2>\n<p>Unfortunately, over time, locks often stop working as well as they should, and unlocking the door becomes increasingly difficult. A professional lock replacement by our experienced technicians will quickly and effectively resolve this problem. We use only top-quality brand-name locks to ensure long-lasting service. We also offer expert advice on burglary protection and can install high-quality locking systems on your windows and doors to provide you with the best possible security for your property.<\/p>\n<h2>Key service Munich Von-Kahr-Stra\u00dfe with fixed price guarantee<\/h2>\n<p>Through the media and conversations with acquaintances and friends, we constantly hear about disreputable locksmiths who try to rip off people in distress with exorbitant prices. To give you peace of mind when you entrust us with your job, we&#8217;ve been operating with a fixed-price guarantee for three generations. After you explain your situation to us during your initial call, we&#8217;ll give you a total price. This price is binding and non-negotiable; we won&#8217;t charge you a single cent more. So, you&#8217;ll know exactly how much we&#8217;ll charge for our services before we even begin working.<\/p>\n<h2>LOCKED OUT ON A HOLIDAY OR IN THE MIDDLE OF THE NIGHT? WE&#8217;LL OPEN YOUR DOOR!<\/h2>\n<p>It&#8217;s 3 a.m. in the middle of the night and you realize you can&#8217;t get into your apartment? Neither the time nor the day is a problem for us. Amper Locksmith Service is an emergency locksmith service, meaning we&#8217;re available and ready to help 24\/7. If you&#8217;ve locked yourself out on the evening of December 24th, you don&#8217;t have to spend Christmas outside. We&#8217;ll head straight to you and are usually at your location on Von-Kahr-Stra\u00dfe within a maximum of 30 minutes. Our free emergency hotline is always available, and our motivated and friendly locksmiths are happy to help. Every day, any time, in any weather!<\/p>\n<h2>DThe Von-Kahr-Stra\u00dfe in Munich<\/h2>\n<p>Von-Kahr-Stra\u00dfe runs through the Obermenzing district of Munich. The S-Bahn station &#8220;M\u00fcnchen Untermenzing&#8221; (connected to line S2), the &#8220;Insel M\u00fchle&#8221; hotel with restaurant and beer garden, and the Allguth petrol station are located on this street.<\/p>\n<p>Von-Kahr-Stra\u00dfe begins at M\u00fchlangerstra\u00dfe in the west and becomes Allacher Stra\u00dfe in the east. The most important cross streets are N\u00e4therstra\u00dfe, Hormayrstra\u00dfe, Menzinger Stra\u00dfe, and Karl-von-Roth-Stra\u00dfe.<\/p>\n<p>Do you need a competent and experienced locksmith for Von-Kahr-Stra\u00dfe in Munich? Amper Locksmith Service is happy to help. Professional work, always at a guaranteed fixed price!<\/p>\n","protected":false},"excerpt":{"rendered":"<p>Are you standing in front of your apartment on Von-Kahr-Stra\u00dfe in Munich and facing the problem of not being able to get in? Perhaps the key has even broken off in the lock, and now you&#8217;re looking for a competent locksmith in Von-Kahr-Stra\u00dfe? Whether you&#8217;ve forgotten your key, the other half is stuck in the [&hellip;]<\/p>\n","protected":false},"author":2,"featured_media":0,"parent":0,"menu_order":0,"comment_status":"closed","ping_status":"closed","template":"","meta":{"footnotes":"","_links_to":"","_links_to_target":""},"class_list":["post-14097","page","type-page","status-publish","hentry"],"yoast_head":"<!-- This site is optimized with the Yoast SEO plugin v27.4 - https:\/\/yoast.com\/product\/yoast-seo-wordpress\/ -->\n<title>Locksmith Munich Von-Kahr-Stra\u00dfe: from \u20ac52,- fixed price<\/title>\n<meta name=\"description\" content=\"Our reliable locksmith service in Munich&#039;s Von-Kahr-Stra\u00dfe opens your door with a fixed price guarantee and without damage; 24-hour emergency service, also on public holidays.\" \/>\n<meta name=\"robots\" content=\"index, follow, max-snippet:-1, max-image-preview:large, max-video-preview:-1\" \/>\n<link rel=\"canonical\" href=\"https:\/\/www.amper-aufsperrdienst.de\/en\/locksmith-munich-von-kahr-strasse\/\" \/>\n<meta property=\"og:locale\" content=\"en_US\" \/>\n<meta property=\"og:type\" content=\"article\" \/>\n<meta property=\"og:title\" content=\"Locksmith Munich Von-Kahr-Stra\u00dfe: from \u20ac52,- fixed price\" \/>\n<meta property=\"og:description\" content=\"Our reliable locksmith service in Munich&#039;s Von-Kahr-Stra\u00dfe opens your door with a fixed price guarantee and without damage; 24-hour emergency service, also on public holidays.\" \/>\n<meta property=\"og:url\" content=\"https:\/\/www.amper-aufsperrdienst.de\/en\/locksmith-munich-von-kahr-strasse\/\" \/>\n<meta property=\"og:site_name\" content=\"Locksmith for Munich, Dachau and F\u00fcrstenfeldbruck\" \/>\n<meta property=\"article:modified_time\" content=\"2026-01-28T08:14:20+00:00\" \/>\n<meta property=\"og:image\" content=\"https:\/\/www.amper-aufsperrdienst.de\/wp-content\/uploads\/2021\/03\/schluesseldienst-muenchen-von-kahr-strasse-festpreis-ab-52-siegel.jpg\" \/>\n<meta name=\"twitter:label1\" content=\"Est. reading time\" \/>\n\t<meta name=\"twitter:data1\" content=\"4 minutes\" \/>\n<script type=\"application\/ld+json\" class=\"yoast-schema-graph\">{\"@context\":\"https:\\\/\\\/schema.org\",\"@graph\":[{\"@type\":\"WebPage\",\"@id\":\"https:\\\/\\\/www.amper-aufsperrdienst.de\\\/en\\\/locksmith-munich-von-kahr-strasse\\\/\",\"url\":\"https:\\\/\\\/www.amper-aufsperrdienst.de\\\/en\\\/locksmith-munich-von-kahr-strasse\\\/\",\"name\":\"Locksmith Munich Von-Kahr-Stra\u00dfe: from \u20ac52,- fixed price\",\"isPartOf\":{\"@id\":\"https:\\\/\\\/www.amper-aufsperrdienst.de\\\/en\\\/#website\"},\"primaryImageOfPage\":{\"@id\":\"https:\\\/\\\/www.amper-aufsperrdienst.de\\\/en\\\/locksmith-munich-von-kahr-strasse\\\/#primaryimage\"},\"image\":{\"@id\":\"https:\\\/\\\/www.amper-aufsperrdienst.de\\\/en\\\/locksmith-munich-von-kahr-strasse\\\/#primaryimage\"},\"thumbnailUrl\":\"https:\\\/\\\/www.amper-aufsperrdienst.de\\\/wp-content\\\/uploads\\\/2021\\\/03\\\/schluesseldienst-muenchen-von-kahr-strasse-festpreis-ab-52-siegel.jpg\",\"datePublished\":\"2019-02-19T07:23:34+00:00\",\"dateModified\":\"2026-01-28T08:14:20+00:00\",\"description\":\"Our reliable locksmith service in Munich's Von-Kahr-Stra\u00dfe opens your door with a fixed price guarantee and without damage; 24-hour emergency service, also on public holidays.\",\"breadcrumb\":{\"@id\":\"https:\\\/\\\/www.amper-aufsperrdienst.de\\\/en\\\/locksmith-munich-von-kahr-strasse\\\/#breadcrumb\"},\"inLanguage\":\"en-US\",\"potentialAction\":[{\"@type\":\"ReadAction\",\"target\":[\"https:\\\/\\\/www.amper-aufsperrdienst.de\\\/en\\\/locksmith-munich-von-kahr-strasse\\\/\"]}]},{\"@type\":\"ImageObject\",\"inLanguage\":\"en-US\",\"@id\":\"https:\\\/\\\/www.amper-aufsperrdienst.de\\\/en\\\/locksmith-munich-von-kahr-strasse\\\/#primaryimage\",\"url\":\"https:\\\/\\\/www.amper-aufsperrdienst.de\\\/wp-content\\\/uploads\\\/2021\\\/03\\\/schluesseldienst-muenchen-von-kahr-strasse-festpreis-ab-52-siegel.jpg\",\"contentUrl\":\"https:\\\/\\\/www.amper-aufsperrdienst.de\\\/wp-content\\\/uploads\\\/2021\\\/03\\\/schluesseldienst-muenchen-von-kahr-strasse-festpreis-ab-52-siegel.jpg\"},{\"@type\":\"BreadcrumbList\",\"@id\":\"https:\\\/\\\/www.amper-aufsperrdienst.de\\\/en\\\/locksmith-munich-von-kahr-strasse\\\/#breadcrumb\",\"itemListElement\":[{\"@type\":\"ListItem\",\"position\":1,\"name\":\"Home\",\"item\":\"https:\\\/\\\/www.amper-aufsperrdienst.de\\\/en\\\/\"},{\"@type\":\"ListItem\",\"position\":2,\"name\":\"Locksmith MUNICH VON-KAHR-STRASSE\"}]},{\"@type\":\"WebSite\",\"@id\":\"https:\\\/\\\/www.amper-aufsperrdienst.de\\\/en\\\/#website\",\"url\":\"https:\\\/\\\/www.amper-aufsperrdienst.de\\\/en\\\/\",\"name\":\"Locksmith for Munich, Dachau and F\u00fcrstenfeldbruck\",\"description\":\"Amper Aufsperrdienst\",\"potentialAction\":[{\"@type\":\"SearchAction\",\"target\":{\"@type\":\"EntryPoint\",\"urlTemplate\":\"https:\\\/\\\/www.amper-aufsperrdienst.de\\\/en\\\/?s={search_term_string}\"},\"query-input\":{\"@type\":\"PropertyValueSpecification\",\"valueRequired\":true,\"valueName\":\"search_term_string\"}}],\"inLanguage\":\"en-US\"}]}<\/script>\n<!-- \/ Yoast SEO plugin. -->","yoast_head_json":{"title":"Locksmith Munich Von-Kahr-Stra\u00dfe: from \u20ac52,- fixed price","description":"Our reliable locksmith service in Munich's Von-Kahr-Stra\u00dfe opens your door with a fixed price guarantee and without damage; 24-hour emergency service, also on public holidays.","robots":{"index":"index","follow":"follow","max-snippet":"max-snippet:-1","max-image-preview":"max-image-preview:large","max-video-preview":"max-video-preview:-1"},"canonical":"https:\/\/www.amper-aufsperrdienst.de\/en\/locksmith-munich-von-kahr-strasse\/","og_locale":"en_US","og_type":"article","og_title":"Locksmith Munich Von-Kahr-Stra\u00dfe: from \u20ac52,- fixed price","og_description":"Our reliable locksmith service in Munich's Von-Kahr-Stra\u00dfe opens your door with a fixed price guarantee and without damage; 24-hour emergency service, also on public holidays.","og_url":"https:\/\/www.amper-aufsperrdienst.de\/en\/locksmith-munich-von-kahr-strasse\/","og_site_name":"Locksmith for Munich, Dachau and F\u00fcrstenfeldbruck","article_modified_time":"2026-01-28T08:14:20+00:00","og_image":[{"url":"https:\/\/www.amper-aufsperrdienst.de\/wp-content\/uploads\/2021\/03\/schluesseldienst-muenchen-von-kahr-strasse-festpreis-ab-52-siegel.jpg","type":"","width":"","height":""}],"twitter_misc":{"Est. reading time":"4 minutes"},"schema":{"@context":"https:\/\/schema.org","@graph":[{"@type":"WebPage","@id":"https:\/\/www.amper-aufsperrdienst.de\/en\/locksmith-munich-von-kahr-strasse\/","url":"https:\/\/www.amper-aufsperrdienst.de\/en\/locksmith-munich-von-kahr-strasse\/","name":"Locksmith Munich Von-Kahr-Stra\u00dfe: from \u20ac52,- fixed price","isPartOf":{"@id":"https:\/\/www.amper-aufsperrdienst.de\/en\/#website"},"primaryImageOfPage":{"@id":"https:\/\/www.amper-aufsperrdienst.de\/en\/locksmith-munich-von-kahr-strasse\/#primaryimage"},"image":{"@id":"https:\/\/www.amper-aufsperrdienst.de\/en\/locksmith-munich-von-kahr-strasse\/#primaryimage"},"thumbnailUrl":"https:\/\/www.amper-aufsperrdienst.de\/wp-content\/uploads\/2021\/03\/schluesseldienst-muenchen-von-kahr-strasse-festpreis-ab-52-siegel.jpg","datePublished":"2019-02-19T07:23:34+00:00","dateModified":"2026-01-28T08:14:20+00:00","description":"Our reliable locksmith service in Munich's Von-Kahr-Stra\u00dfe opens your door with a fixed price guarantee and without damage; 24-hour emergency service, also on public holidays.","breadcrumb":{"@id":"https:\/\/www.amper-aufsperrdienst.de\/en\/locksmith-munich-von-kahr-strasse\/#breadcrumb"},"inLanguage":"en-US","potentialAction":[{"@type":"ReadAction","target":["https:\/\/www.amper-aufsperrdienst.de\/en\/locksmith-munich-von-kahr-strasse\/"]}]},{"@type":"ImageObject","inLanguage":"en-US","@id":"https:\/\/www.amper-aufsperrdienst.de\/en\/locksmith-munich-von-kahr-strasse\/#primaryimage","url":"https:\/\/www.amper-aufsperrdienst.de\/wp-content\/uploads\/2021\/03\/schluesseldienst-muenchen-von-kahr-strasse-festpreis-ab-52-siegel.jpg","contentUrl":"https:\/\/www.amper-aufsperrdienst.de\/wp-content\/uploads\/2021\/03\/schluesseldienst-muenchen-von-kahr-strasse-festpreis-ab-52-siegel.jpg"},{"@type":"BreadcrumbList","@id":"https:\/\/www.amper-aufsperrdienst.de\/en\/locksmith-munich-von-kahr-strasse\/#breadcrumb","itemListElement":[{"@type":"ListItem","position":1,"name":"Home","item":"https:\/\/www.amper-aufsperrdienst.de\/en\/"},{"@type":"ListItem","position":2,"name":"Locksmith MUNICH VON-KAHR-STRASSE"}]},{"@type":"WebSite","@id":"https:\/\/www.amper-aufsperrdienst.de\/en\/#website","url":"https:\/\/www.amper-aufsperrdienst.de\/en\/","name":"Locksmith for Munich, Dachau and F\u00fcrstenfeldbruck","description":"Amper Aufsperrdienst","potentialAction":[{"@type":"SearchAction","target":{"@type":"EntryPoint","urlTemplate":"https:\/\/www.amper-aufsperrdienst.de\/en\/?s={search_term_string}"},"query-input":{"@type":"PropertyValueSpecification","valueRequired":true,"valueName":"search_term_string"}}],"inLanguage":"en-US"}]}},"_links":{"self":[{"href":"https:\/\/www.amper-aufsperrdienst.de\/en\/wp-json\/wp\/v2\/pages\/14097","targetHints":{"allow":["GET"]}}],"collection":[{"href":"https:\/\/www.amper-aufsperrdienst.de\/en\/wp-json\/wp\/v2\/pages"}],"about":[{"href":"https:\/\/www.amper-aufsperrdienst.de\/en\/wp-json\/wp\/v2\/types\/page"}],"author":[{"embeddable":true,"href":"https:\/\/www.amper-aufsperrdienst.de\/en\/wp-json\/wp\/v2\/users\/2"}],"replies":[{"embeddable":true,"href":"https:\/\/www.amper-aufsperrdienst.de\/en\/wp-json\/wp\/v2\/comments?post=14097"}],"version-history":[{"count":2,"href":"https:\/\/www.amper-aufsperrdienst.de\/en\/wp-json\/wp\/v2\/pages\/14097\/revisions"}],"predecessor-version":[{"id":14463,"href":"https:\/\/www.amper-aufsperrdienst.de\/en\/wp-json\/wp\/v2\/pages\/14097\/revisions\/14463"}],"wp:attachment":[{"href":"https:\/\/www.amper-aufsperrdienst.de\/en\/wp-json\/wp\/v2\/media?parent=14097"}],"curies":[{"name":"wp","href":"https:\/\/api.w.org\/{rel}","templated":true}]}}