{"id":14169,"date":"2017-12-01T03:56:43","date_gmt":"2017-12-01T01:56:43","guid":{"rendered":"https:\/\/www.amper-aufsperrdienst.de\/locksmith-in-utting-am-ammersee\/"},"modified":"2026-02-11T07:16:39","modified_gmt":"2026-02-11T05:16:39","slug":"locksmith-utting-on-lake-ammer","status":"publish","type":"page","link":"https:\/\/www.amper-aufsperrdienst.de\/en\/locksmith-utting-on-lake-ammer\/","title":{"rendered":"Locksmith Utting on Lake Ammer"},"content":{"rendered":"<p><img loading=\"lazy\" decoding=\"async\" class=\"alignleft\" style=\"margin-bottom: 5px !important;\" src=\"https:\/\/www.amper-aufsperrdienst.de\/wp-content\/uploads\/2021\/03\/schluesseldienst-utting-am-ammersee-festpreis-ab-52-siegel.jpg\" alt=\"Amper Locksmith Opening Service utting-am-ammersee with fixed price from 52,- EUR\" width=\"250\" height=\"250\" \/><\/p>\n<p>Were you just swimming or taking a walk at the beautiful Ammersee and unfortunately realize on the way home that you\u2019ve lost your key? Have you just come from work but can\u2019t unlock your front door because you left your key ring on your desk? Do you need an experienced locksmith in Utting on the Ammersee who can quickly and without damage unlock your closed or locked front door, preferably at a fixed price? Amper Unlocking Service is happy to help and is available via its free emergency number at any time, even at night and on holidays.<\/p>\n<h2>The municipality of Utting on Lake Ammersee in the district of Landsberg am Lech<\/h2>\n<div id=\"attachment_9922\" style=\"width: 600px\" class=\"wp-caption alignnone\"><img loading=\"lazy\" decoding=\"async\" aria-describedby=\"caption-attachment-9922\" class=\"size-full wp-image-9922\" src=\"https:\/\/www.amper-aufsperrdienst.de\/wp-content\/uploads\/2024\/02\/sankt-leonhard-utting.webp\" alt=\"The church of St. Leonhard is located directly on Die\u00dfener Stra\u00dfe in Utting.\" width=\"590\" height=\"675\" \/><p id=\"caption-attachment-9922\" class=\"wp-caption-text\">St. Leonhard&#8217;s branch church in Utting am Ammersee<\/p><\/div>\n<p>The municipality of Utting am Ammersee is located in the eastern part of the Landsberg am Lech district, as the name suggests, directly on the Ammersee. Around 4,500 people live here on an area of 19.01 square kilometers. The postal code of Utting am Ammersee is 86919, and the telephone area code is 08806.<\/p>\n<p>The municipality of Utting on Lake Ammer is made up of three districts: Achselschwang, Holzhausen on Lake Ammer, and Utting on Lake Ammer. The neighboring municipalities are called Windach and Schondorf to the north, Finning to the west, and Die\u00dfen on Lake Ammer to the south.<\/p>\n<p>Utting was mentioned in writing for the first time in the year 1122. The settlement name &#8216;Utting&#8217; originally comes from the Germanic personal name Utto. The suffix &#8216;-ing&#8217; means &#8216;belonging to&#8217;. Therefore, Utting means &#8216;settlement of the people belonging to Utto&#8217;.<\/p>\n          <!-- tarif -->\n<h2><b><span style=\"vertical-align: inherit;\"><span style=\"vertical-align: inherit;\">Our binding fixed prices start from \u20ac52.<\/span><\/span><\/b><\/h2>\n<p>Amper Locksmith Service is a fair locksmith service with transparent fixed prices:<\/p>\n<div class=\"table-title\">\n\tPRICE LIST  UNLOCK\n<\/div>\n<!-- Table part-->\n<table class=\"table\">\n  <thead class=\"header\">\n\t  <tr>\n     \t <th scope=\"col\">Time<\/th>\n     \t <th scope=\"col\">8 - 18<\/th>\n     \t <th scope=\"col\">18 - 22<\/th>\n     \t <th scope=\"col\">22 - 8<\/th>\n\t<\/tr>\n  <\/thead>\n  <tbody>\n     \t  <tr class=\"weekdays\">\n     \t  \t  <td class=\"tag\" data-label=\"Time\">Mo - Fr<\/td>\n     \t  \t  <td class=\"hrs tag\" data-label=\"8 - 18\">52,- \u20ac<\/td>\n     \t  \t  <td class=\"tag space\" data-label=\"18 - 22\">82,- \u20ac<\/td>\n     \t  \t  <td data-label=\"22 - 8\">95,- \u20ac<\/td>\n     \t  <\/tr>\n     <tr class=\"weekends\">\n     \t  \t  <td class=\"tag\" data-label=\"Time\">Sa<\/td>\n     \t  \t  <td class=\"tag\" data-label=\"8 - 18\">95,- \u20ac<\/td>\n     \t  \t  <td class=\"tag\" data-label=\"18 - 22\">95,- \u20ac<\/td>\n     \t  \t  <td data-label=\"22 - 8\">125,- \u20ac<\/td>\n     \t  <\/tr>\n     <tr class=\"holidays\">\n     \t  \t  <td class=\"tag\" data-label=\"Time\">So & holiday<\/td>\n     \t  \t  <td class=\"tag\" data-label=\"8 - 18\">125,- \u20ac<\/td>\n     \t  \t  <td class=\"tag\" data-label=\"18 - 22\">125,-\u20ac<\/td>\n     \t  \t  <td data-label=\"22 - 8\">125,-\u20ac<\/td>\n     \t  <\/tr>\n     <\/tbody>\n<\/table>\n<!-- Table Description-->\n<div class=\"table-description\">\n\t<em>Please call to inquire about travel costs.<\/em>\n<\/div>\n<!-- Wordings below -->\n<div class=\"wordings\">\n<p>The prices listed in this table are binding for unlocking a door that has slammed shut or been pulled shut (without self-locking mechanisms). Please feel free to contact us if you would like a price quote for other locksmith services. We will gladly provide you with a transparent, fixed-price offer.<\/p>\n<\/div>\n\n<!-- END Wordings -->\n\n\n\n<div class=\"ansprech\">Competent locksmith Utting on Lake Ammer<br \/>\n<h3 class=\"phone mobilesOnly\"><a href=\"tel:+498000131131\">0800 \/ 0 131 131<\/a><\/h3><h3 class=\"phone desktopOnly\"><a href=\"tel:+498000131131\">0800 \/ 0 131 131<\/a><\/h3>Toll-free emergency number &amp; make fixed-price offers<\/div>\n<h2>Locksmith Utting on Lake Ammer: Fixed-Price Guarantee for Fast Unlocking<\/h2>\n<p>Do you need a fast locksmith service for Achselschwang, Holzhausen am Ammersee, or Utting am Ammersee that carries out damage-free door openings with a fixed price guarantee? The Amper Locksmith Service is happy to help if you\u2019ve accidentally locked yourself out. Just give us a call for free, describe your emergency to us, and we\u2019ll gladly give you an affordable fixed price right away if you wish. This price is genuinely binding and will not be changed at the end. Hidden costs? Not with us! We work transparently, fairly, and absolutely reliably.<\/p>\n<h2>Freundliche Mitarbeiter mit Spezial-Werkzeug<\/h2>\n<p>At work, we rely on friendliness, speed, and of course, utmost concentration. Our employees work very precisely and skillfully use their professional locksmith tools. Together, we have already opened several thousand front doors without causing any damage. Our rate of damage-free door openings is over 99%.<\/p>\n<h2>Emergency locksmith service with 24-hour on-call service<\/h2>\n<p>The Amper Locksmith Service is a real emergency locksmith service and, for a fixed price, unlocks doors without damage\u2014already in its third generation\u2014and does so every day of the year at any hour. Are you worried because you\u2019ve locked yourself out on a Sunday and even at night? Or are you standing in front of a closed front door early on Epiphany morning? Don\u2019t panic, our emergency service is available around the clock for you, and our free emergency number can be reached at any time.<\/p>\n<p>Are you currently looking for a professional, affordable, and fixed-price locksmith in Utting am Ammersee? The Amper Unlocking Service is happy to assist you, helping you out of your emergency situation \u2014 and will do so as quickly as possible after you place your order!<\/p>\n<div class=\"ansprech\">Competent locksmith Utting on Lake Ammer<br \/>\n<h3 class=\"phone mobilesOnly\"><a href=\"tel:+498000131131\">0800 \/ 0 131 131<\/a><\/h3><h3 class=\"phone desktopOnly\"><a href=\"tel:+498000131131\">0800 \/ 0 131 131<\/a><\/h3>Toll-free emergency number &amp; make fixed-price offers<\/div>\n","protected":false},"excerpt":{"rendered":"<p>Were you just swimming or taking a walk at the beautiful Ammersee and unfortunately realize on the way home that you\u2019ve lost your key? Have you just come from work but can\u2019t unlock your front door because you left your key ring on your desk? Do you need an experienced locksmith in Utting on the [&hellip;]<\/p>\n","protected":false},"author":2,"featured_media":14148,"parent":0,"menu_order":0,"comment_status":"closed","ping_status":"closed","template":"","meta":{"footnotes":"","_links_to":"","_links_to_target":""},"class_list":["post-14169","page","type-page","status-publish","has-post-thumbnail","hentry"],"yoast_head":"<!-- This site is optimized with the Yoast SEO plugin v27.4 - https:\/\/yoast.com\/product\/yoast-seo-wordpress\/ -->\n<title>Locksmith Utting on Lake Ammer: fixed price from 52 EUR<\/title>\n<meta name=\"description\" content=\"Competent locksmith service in Utting on Lake Ammer with fast 24-hour emergency service, affordable fixed prices &amp; free emergency number: damage-free door opening by professionals\" \/>\n<meta name=\"robots\" content=\"index, follow, max-snippet:-1, max-image-preview:large, max-video-preview:-1\" \/>\n<link rel=\"canonical\" href=\"https:\/\/www.amper-aufsperrdienst.de\/en\/locksmith-utting-on-lake-ammer\/\" \/>\n<meta property=\"og:locale\" content=\"en_US\" \/>\n<meta property=\"og:type\" content=\"article\" \/>\n<meta property=\"og:title\" content=\"Locksmith Utting on Lake Ammer: fixed price from 52 EUR\" \/>\n<meta property=\"og:description\" content=\"Competent locksmith service in Utting on Lake Ammer with fast 24-hour emergency service, affordable fixed prices &amp; free emergency number: damage-free door opening by professionals\" \/>\n<meta property=\"og:url\" content=\"https:\/\/www.amper-aufsperrdienst.de\/en\/locksmith-utting-on-lake-ammer\/\" \/>\n<meta property=\"og:site_name\" content=\"Locksmith for Munich, Dachau and F\u00fcrstenfeldbruck\" \/>\n<meta property=\"article:modified_time\" content=\"2026-02-11T05:16:39+00:00\" \/>\n<meta property=\"og:image\" content=\"https:\/\/www.amper-aufsperrdienst.de\/wp-content\/uploads\/2024\/02\/schluesseldienst-utting-am-ammersee_header_img.webp\" \/>\n\t<meta property=\"og:image:width\" content=\"960\" \/>\n\t<meta property=\"og:image:height\" content=\"360\" \/>\n\t<meta property=\"og:image:type\" content=\"image\/webp\" \/>\n<meta name=\"twitter:label1\" content=\"Est. reading time\" \/>\n\t<meta name=\"twitter:data1\" content=\"4 minutes\" \/>\n<script type=\"application\/ld+json\" class=\"yoast-schema-graph\">{\"@context\":\"https:\\\/\\\/schema.org\",\"@graph\":[{\"@type\":\"WebPage\",\"@id\":\"https:\\\/\\\/www.amper-aufsperrdienst.de\\\/en\\\/locksmith-utting-on-lake-ammer\\\/\",\"url\":\"https:\\\/\\\/www.amper-aufsperrdienst.de\\\/en\\\/locksmith-utting-on-lake-ammer\\\/\",\"name\":\"Locksmith Utting on Lake Ammer: fixed price from 52 EUR\",\"isPartOf\":{\"@id\":\"https:\\\/\\\/www.amper-aufsperrdienst.de\\\/en\\\/#website\"},\"primaryImageOfPage\":{\"@id\":\"https:\\\/\\\/www.amper-aufsperrdienst.de\\\/en\\\/locksmith-utting-on-lake-ammer\\\/#primaryimage\"},\"image\":{\"@id\":\"https:\\\/\\\/www.amper-aufsperrdienst.de\\\/en\\\/locksmith-utting-on-lake-ammer\\\/#primaryimage\"},\"thumbnailUrl\":\"https:\\\/\\\/www.amper-aufsperrdienst.de\\\/wp-content\\\/uploads\\\/2024\\\/02\\\/schluesseldienst-utting-am-ammersee_header_img.webp\",\"datePublished\":\"2017-12-01T01:56:43+00:00\",\"dateModified\":\"2026-02-11T05:16:39+00:00\",\"description\":\"Competent locksmith service in Utting on Lake Ammer with fast 24-hour emergency service, affordable fixed prices & free emergency number: damage-free door opening by professionals\",\"breadcrumb\":{\"@id\":\"https:\\\/\\\/www.amper-aufsperrdienst.de\\\/en\\\/locksmith-utting-on-lake-ammer\\\/#breadcrumb\"},\"inLanguage\":\"en-US\",\"potentialAction\":[{\"@type\":\"ReadAction\",\"target\":[\"https:\\\/\\\/www.amper-aufsperrdienst.de\\\/en\\\/locksmith-utting-on-lake-ammer\\\/\"]}]},{\"@type\":\"ImageObject\",\"inLanguage\":\"en-US\",\"@id\":\"https:\\\/\\\/www.amper-aufsperrdienst.de\\\/en\\\/locksmith-utting-on-lake-ammer\\\/#primaryimage\",\"url\":\"https:\\\/\\\/www.amper-aufsperrdienst.de\\\/wp-content\\\/uploads\\\/2024\\\/02\\\/schluesseldienst-utting-am-ammersee_header_img.webp\",\"contentUrl\":\"https:\\\/\\\/www.amper-aufsperrdienst.de\\\/wp-content\\\/uploads\\\/2024\\\/02\\\/schluesseldienst-utting-am-ammersee_header_img.webp\",\"width\":960,\"height\":360,\"caption\":\"Schl\u00fcsseldienst f\u00fcr Utting am Ammersee \u2013 24-Stunden-Service f\u00fcr T\u00fcr\u00f6ffung \u2013 kompetente Beratung zum Einbruchschutz\"},{\"@type\":\"BreadcrumbList\",\"@id\":\"https:\\\/\\\/www.amper-aufsperrdienst.de\\\/en\\\/locksmith-utting-on-lake-ammer\\\/#breadcrumb\",\"itemListElement\":[{\"@type\":\"ListItem\",\"position\":1,\"name\":\"Home\",\"item\":\"https:\\\/\\\/www.amper-aufsperrdienst.de\\\/en\\\/\"},{\"@type\":\"ListItem\",\"position\":2,\"name\":\"Locksmith Utting on Lake Ammer\"}]},{\"@type\":\"WebSite\",\"@id\":\"https:\\\/\\\/www.amper-aufsperrdienst.de\\\/en\\\/#website\",\"url\":\"https:\\\/\\\/www.amper-aufsperrdienst.de\\\/en\\\/\",\"name\":\"Locksmith for Munich, Dachau and F\u00fcrstenfeldbruck\",\"description\":\"Amper Aufsperrdienst\",\"potentialAction\":[{\"@type\":\"SearchAction\",\"target\":{\"@type\":\"EntryPoint\",\"urlTemplate\":\"https:\\\/\\\/www.amper-aufsperrdienst.de\\\/en\\\/?s={search_term_string}\"},\"query-input\":{\"@type\":\"PropertyValueSpecification\",\"valueRequired\":true,\"valueName\":\"search_term_string\"}}],\"inLanguage\":\"en-US\"}]}<\/script>\n<!-- \/ Yoast SEO plugin. -->","yoast_head_json":{"title":"Locksmith Utting on Lake Ammer: fixed price from 52 EUR","description":"Competent locksmith service in Utting on Lake Ammer with fast 24-hour emergency service, affordable fixed prices & free emergency number: damage-free door opening by professionals","robots":{"index":"index","follow":"follow","max-snippet":"max-snippet:-1","max-image-preview":"max-image-preview:large","max-video-preview":"max-video-preview:-1"},"canonical":"https:\/\/www.amper-aufsperrdienst.de\/en\/locksmith-utting-on-lake-ammer\/","og_locale":"en_US","og_type":"article","og_title":"Locksmith Utting on Lake Ammer: fixed price from 52 EUR","og_description":"Competent locksmith service in Utting on Lake Ammer with fast 24-hour emergency service, affordable fixed prices & free emergency number: damage-free door opening by professionals","og_url":"https:\/\/www.amper-aufsperrdienst.de\/en\/locksmith-utting-on-lake-ammer\/","og_site_name":"Locksmith for Munich, Dachau and F\u00fcrstenfeldbruck","article_modified_time":"2026-02-11T05:16:39+00:00","og_image":[{"width":960,"height":360,"url":"https:\/\/www.amper-aufsperrdienst.de\/wp-content\/uploads\/2024\/02\/schluesseldienst-utting-am-ammersee_header_img.webp","type":"image\/webp"}],"twitter_misc":{"Est. reading time":"4 minutes"},"schema":{"@context":"https:\/\/schema.org","@graph":[{"@type":"WebPage","@id":"https:\/\/www.amper-aufsperrdienst.de\/en\/locksmith-utting-on-lake-ammer\/","url":"https:\/\/www.amper-aufsperrdienst.de\/en\/locksmith-utting-on-lake-ammer\/","name":"Locksmith Utting on Lake Ammer: fixed price from 52 EUR","isPartOf":{"@id":"https:\/\/www.amper-aufsperrdienst.de\/en\/#website"},"primaryImageOfPage":{"@id":"https:\/\/www.amper-aufsperrdienst.de\/en\/locksmith-utting-on-lake-ammer\/#primaryimage"},"image":{"@id":"https:\/\/www.amper-aufsperrdienst.de\/en\/locksmith-utting-on-lake-ammer\/#primaryimage"},"thumbnailUrl":"https:\/\/www.amper-aufsperrdienst.de\/wp-content\/uploads\/2024\/02\/schluesseldienst-utting-am-ammersee_header_img.webp","datePublished":"2017-12-01T01:56:43+00:00","dateModified":"2026-02-11T05:16:39+00:00","description":"Competent locksmith service in Utting on Lake Ammer with fast 24-hour emergency service, affordable fixed prices & free emergency number: damage-free door opening by professionals","breadcrumb":{"@id":"https:\/\/www.amper-aufsperrdienst.de\/en\/locksmith-utting-on-lake-ammer\/#breadcrumb"},"inLanguage":"en-US","potentialAction":[{"@type":"ReadAction","target":["https:\/\/www.amper-aufsperrdienst.de\/en\/locksmith-utting-on-lake-ammer\/"]}]},{"@type":"ImageObject","inLanguage":"en-US","@id":"https:\/\/www.amper-aufsperrdienst.de\/en\/locksmith-utting-on-lake-ammer\/#primaryimage","url":"https:\/\/www.amper-aufsperrdienst.de\/wp-content\/uploads\/2024\/02\/schluesseldienst-utting-am-ammersee_header_img.webp","contentUrl":"https:\/\/www.amper-aufsperrdienst.de\/wp-content\/uploads\/2024\/02\/schluesseldienst-utting-am-ammersee_header_img.webp","width":960,"height":360,"caption":"Schl\u00fcsseldienst f\u00fcr Utting am Ammersee \u2013 24-Stunden-Service f\u00fcr T\u00fcr\u00f6ffung \u2013 kompetente Beratung zum Einbruchschutz"},{"@type":"BreadcrumbList","@id":"https:\/\/www.amper-aufsperrdienst.de\/en\/locksmith-utting-on-lake-ammer\/#breadcrumb","itemListElement":[{"@type":"ListItem","position":1,"name":"Home","item":"https:\/\/www.amper-aufsperrdienst.de\/en\/"},{"@type":"ListItem","position":2,"name":"Locksmith Utting on Lake Ammer"}]},{"@type":"WebSite","@id":"https:\/\/www.amper-aufsperrdienst.de\/en\/#website","url":"https:\/\/www.amper-aufsperrdienst.de\/en\/","name":"Locksmith for Munich, Dachau and F\u00fcrstenfeldbruck","description":"Amper Aufsperrdienst","potentialAction":[{"@type":"SearchAction","target":{"@type":"EntryPoint","urlTemplate":"https:\/\/www.amper-aufsperrdienst.de\/en\/?s={search_term_string}"},"query-input":{"@type":"PropertyValueSpecification","valueRequired":true,"valueName":"search_term_string"}}],"inLanguage":"en-US"}]}},"_links":{"self":[{"href":"https:\/\/www.amper-aufsperrdienst.de\/en\/wp-json\/wp\/v2\/pages\/14169","targetHints":{"allow":["GET"]}}],"collection":[{"href":"https:\/\/www.amper-aufsperrdienst.de\/en\/wp-json\/wp\/v2\/pages"}],"about":[{"href":"https:\/\/www.amper-aufsperrdienst.de\/en\/wp-json\/wp\/v2\/types\/page"}],"author":[{"embeddable":true,"href":"https:\/\/www.amper-aufsperrdienst.de\/en\/wp-json\/wp\/v2\/users\/2"}],"replies":[{"embeddable":true,"href":"https:\/\/www.amper-aufsperrdienst.de\/en\/wp-json\/wp\/v2\/comments?post=14169"}],"version-history":[{"count":3,"href":"https:\/\/www.amper-aufsperrdienst.de\/en\/wp-json\/wp\/v2\/pages\/14169\/revisions"}],"predecessor-version":[{"id":15066,"href":"https:\/\/www.amper-aufsperrdienst.de\/en\/wp-json\/wp\/v2\/pages\/14169\/revisions\/15066"}],"wp:featuredmedia":[{"embeddable":true,"href":"https:\/\/www.amper-aufsperrdienst.de\/en\/wp-json\/wp\/v2\/media\/14148"}],"wp:attachment":[{"href":"https:\/\/www.amper-aufsperrdienst.de\/en\/wp-json\/wp\/v2\/media?parent=14169"}],"curies":[{"name":"wp","href":"https:\/\/api.w.org\/{rel}","templated":true}]}}