{"id":14372,"date":"2017-12-24T12:13:15","date_gmt":"2017-12-24T10:13:15","guid":{"rendered":"https:\/\/www.amper-aufsperrdienst.de\/locksmith-munich-mangfallplatz\/"},"modified":"2026-01-26T10:18:29","modified_gmt":"2026-01-26T08:18:29","slug":"locksmith-munich-mangfallplatz","status":"publish","type":"page","link":"https:\/\/www.amper-aufsperrdienst.de\/en\/locksmith-munich-mangfallplatz\/","title":{"rendered":"Locksmith Munich Mangfallplatz"},"content":{"rendered":"<p><img loading=\"lazy\" decoding=\"async\" class=\"alignleft\" style=\"margin-bottom: 5px !important;\" src=\"https:\/\/www.amper-aufsperrdienst.de\/wp-content\/uploads\/2021\/03\/schluesseldienst-muenchen-mangfallplatz-festpreis-ab-52-siegel.jpg\" alt=\"Locksmith Amper - Locksmith Munich-Mangfallplatz with fixed prices starting at \u20ac52\" width=\"250\" height=\"250\"><\/p>\n<p>Are you standing in front of your apartment at Mangfallplatz and simply can&#8217;t get in because you&#8217;ve unfortunately locked yourself out? Were you 100% sure the key was in your jacket pocket? Then you&#8217;re one of hundreds of people every day who urgently need help at this very moment \u2013 \u200b\u200band that help comes from the right locksmith!  <\/p>\n          <!-- tarif -->\n<h2><b><span style=\"vertical-align: inherit;\"><span style=\"vertical-align: inherit;\">Our binding fixed prices start from \u20ac52.<\/span><\/span><\/b><\/h2>\n<p>Amper Locksmith Service is a fair locksmith service with transparent fixed prices:<\/p>\n<div class=\"table-title\">\n\tPRICE LIST  UNLOCK\n<\/div>\n<!-- Table part-->\n<table class=\"table\">\n  <thead class=\"header\">\n\t  <tr>\n     \t <th scope=\"col\">Time<\/th>\n     \t <th scope=\"col\">8 - 18<\/th>\n     \t <th scope=\"col\">18 - 22<\/th>\n     \t <th scope=\"col\">22 - 8<\/th>\n\t<\/tr>\n  <\/thead>\n  <tbody>\n     \t  <tr class=\"weekdays\">\n     \t  \t  <td class=\"tag\" data-label=\"Time\">Mo - Fr<\/td>\n     \t  \t  <td class=\"hrs tag\" data-label=\"8 - 18\">52,- \u20ac<\/td>\n     \t  \t  <td class=\"tag space\" data-label=\"18 - 22\">82,- \u20ac<\/td>\n     \t  \t  <td data-label=\"22 - 8\">95,- \u20ac<\/td>\n     \t  <\/tr>\n     <tr class=\"weekends\">\n     \t  \t  <td class=\"tag\" data-label=\"Time\">Sa<\/td>\n     \t  \t  <td class=\"tag\" data-label=\"8 - 18\">95,- \u20ac<\/td>\n     \t  \t  <td class=\"tag\" data-label=\"18 - 22\">95,- \u20ac<\/td>\n     \t  \t  <td data-label=\"22 - 8\">125,- \u20ac<\/td>\n     \t  <\/tr>\n     <tr class=\"holidays\">\n     \t  \t  <td class=\"tag\" data-label=\"Time\">So & holiday<\/td>\n     \t  \t  <td class=\"tag\" data-label=\"8 - 18\">125,- \u20ac<\/td>\n     \t  \t  <td class=\"tag\" data-label=\"18 - 22\">125,-\u20ac<\/td>\n     \t  \t  <td data-label=\"22 - 8\">125,-\u20ac<\/td>\n     \t  <\/tr>\n     <\/tbody>\n<\/table>\n<!-- Table Description-->\n<div class=\"table-description\">\n\t<em>Please call to inquire about travel costs.<\/em>\n<\/div>\n<!-- Wordings below -->\n<div class=\"wordings\">\n<p>The prices listed in this table are binding for unlocking a door that has slammed shut or been pulled shut (without self-locking mechanisms). Please feel free to contact us if you would like a price quote for other locksmith services. We will gladly provide you with a transparent, fixed-price offer.<\/p>\n<\/div>\n\n<!-- END Wordings -->\n\n\n\n<div class=\"ansprech\">Locksmith in Munich Mangfallplatz with free 24\/7 emergency hotline<br \/>\n<h3 class=\"phone mobilesOnly\"><a href=\"tel:+498000131131\">0800 \/ 0 131 131<\/a><\/h3><h3 class=\"phone desktopOnly\"><a href=\"tel:+498000131131\">0800 \/ 0 131 131<\/a><\/h3>Fair fixed prices for non-destructive door opening<\/div>\n<h2>Fast door unlocking at Mangfallplatz for a guaranteed fixed price<\/h2>\n<p>Now in its third generation, Amper Locksmith Service provides safe and reliable assistance in situations like these. The Munich Mangfallplatz locksmith service typically arrives within about 30 minutes, so you don&#8217;t have to wait unnecessarily long for help. <\/p>\n<p>And the best part is: you&#8217;ll receive a transparent fixed price quote right from the start, and that price will stand. We don&#8217;t charge exorbitant prices or unexpected surcharges. Ask our experts directly for a fixed price quote so you don&#8217;t have to wonder whether you need to run to the nearest ATM.  <\/p>\n<h2>Mangfallplatz in Munich<\/h2>\n<p>Mangfallplatz is a square in the Neu-Harlaching district of Munich, named after the Mangfall River. Several police stations are located here. The popular farmers&#8217; market\/weekly market usually takes place here on Wednesdays between 2 pm and 6 pm. The U1 subway station provides excellent public transport connections to Mangfallplatz.   <\/p>\n<p>Important surrounding and intersecting streets include Naupliastra\u00dfe, Akeleistra\u00dfe, Soyerhofstra\u00dfe, Peter-Auzinger-Stra\u00dfe, Miesbacher Stra\u00dfe, Haushamer Stra\u00dfe, and Oberbiberger Stra\u00dfe. Further afield are the smaller Eschenstra\u00dfe, Oberbiberger Stra\u00dfe, Stresemannstra\u00dfe, Friedrich-Ebert-Stra\u00dfe, Vollmarstra\u00dfe, and, of course, Mangfallstra\u00dfe itself. <\/p>\n<h2>Secure Door Opening with Specialized Tools<\/h2>\n<p>Whether you need our assistance at Mangfallplatz in Munich or in other parts of the city, we provide reliable help and are equipped with the necessary specialized tools to open even the most complex locks. Our success rate for doors that are simply latched is 99%, and we can open them without causing any damage. <\/p>\n<p>Only with these specialized tools can we largely ensure that no lock drilling or even force is necessary. However, as security experts, we not only offer door opening services but are also happy to assist with other security-related topics. <\/p>\n<h2>Security against burglaries with the right measures<\/h2>\n<p>Especially with older locks and windows, it&#8217;s sometimes advisable to have the potential risk assessed. If, after a thorough analysis, it makes sense to install security measures, we&#8217;d be happy to install the necessary professional locks, etc. We&#8217;ve built up expertise in this area over several decades and have already helped hundreds of satisfied customers significantly improve the security of their homes and apartments.  <\/p>\n<div class=\"ansprech\">Locksmith in Munich Mangfallplatz with free 24\/7 emergency hotline<br \/>\n<h3 class=\"phone mobilesOnly\"><a href=\"tel:+498000131131\">0800 \/ 0 131 131<\/a><\/h3><h3 class=\"phone desktopOnly\"><a href=\"tel:+498000131131\">0800 \/ 0 131 131<\/a><\/h3>Fair fixed prices for non-destructive door opening<\/div>\n","protected":false},"excerpt":{"rendered":"<p>Are you standing in front of your apartment at Mangfallplatz and simply can&#8217;t get in because you&#8217;ve unfortunately locked yourself out? Were you 100% sure the key was in your jacket pocket? Then you&#8217;re one of hundreds of people every day who urgently need help at this very moment \u2013 \u200b\u200band that help comes from [&hellip;]<\/p>\n","protected":false},"author":2,"featured_media":14364,"parent":0,"menu_order":0,"comment_status":"closed","ping_status":"closed","template":"","meta":{"footnotes":"","_links_to":"","_links_to_target":""},"class_list":["post-14372","page","type-page","status-publish","has-post-thumbnail","hentry"],"yoast_head":"<!-- This site is optimized with the Yoast SEO plugin v27.4 - https:\/\/yoast.com\/product\/yoast-seo-wordpress\/ -->\n<title>Locksmith Munich Mangfallplatz: Fixed price from \u20ac52<\/title>\n<meta name=\"description\" content=\"Competent locksmith service in Munich Mangfallplatz: free emergency call, fast 24-hour service &amp; fixed price guarantee - damage-free door opening!\" \/>\n<meta name=\"robots\" content=\"index, follow, max-snippet:-1, max-image-preview:large, max-video-preview:-1\" \/>\n<link rel=\"canonical\" href=\"https:\/\/www.amper-aufsperrdienst.de\/en\/locksmith-munich-mangfallplatz\/\" \/>\n<meta property=\"og:locale\" content=\"en_US\" \/>\n<meta property=\"og:type\" content=\"article\" \/>\n<meta property=\"og:title\" content=\"Locksmith Munich Mangfallplatz: Fixed price from \u20ac52\" \/>\n<meta property=\"og:description\" content=\"Competent locksmith service in Munich Mangfallplatz: free emergency call, fast 24-hour service &amp; fixed price guarantee - damage-free door opening!\" \/>\n<meta property=\"og:url\" content=\"https:\/\/www.amper-aufsperrdienst.de\/en\/locksmith-munich-mangfallplatz\/\" \/>\n<meta property=\"og:site_name\" content=\"Locksmith for Munich, Dachau and F\u00fcrstenfeldbruck\" \/>\n<meta property=\"article:modified_time\" content=\"2026-01-26T08:18:29+00:00\" \/>\n<meta property=\"og:image\" content=\"https:\/\/www.amper-aufsperrdienst.de\/wp-content\/uploads\/2024\/01\/schluesseldienst-mangfallplatz_header_img.webp\" \/>\n\t<meta property=\"og:image:width\" content=\"960\" \/>\n\t<meta property=\"og:image:height\" content=\"360\" \/>\n\t<meta property=\"og:image:type\" content=\"image\/webp\" \/>\n<meta name=\"twitter:label1\" content=\"Est. reading time\" \/>\n\t<meta name=\"twitter:data1\" content=\"3 minutes\" \/>\n<script type=\"application\/ld+json\" class=\"yoast-schema-graph\">{\"@context\":\"https:\\\/\\\/schema.org\",\"@graph\":[{\"@type\":\"WebPage\",\"@id\":\"https:\\\/\\\/www.amper-aufsperrdienst.de\\\/en\\\/locksmith-munich-mangfallplatz\\\/\",\"url\":\"https:\\\/\\\/www.amper-aufsperrdienst.de\\\/en\\\/locksmith-munich-mangfallplatz\\\/\",\"name\":\"Locksmith Munich Mangfallplatz: Fixed price from \u20ac52\",\"isPartOf\":{\"@id\":\"https:\\\/\\\/www.amper-aufsperrdienst.de\\\/en\\\/#website\"},\"primaryImageOfPage\":{\"@id\":\"https:\\\/\\\/www.amper-aufsperrdienst.de\\\/en\\\/locksmith-munich-mangfallplatz\\\/#primaryimage\"},\"image\":{\"@id\":\"https:\\\/\\\/www.amper-aufsperrdienst.de\\\/en\\\/locksmith-munich-mangfallplatz\\\/#primaryimage\"},\"thumbnailUrl\":\"https:\\\/\\\/www.amper-aufsperrdienst.de\\\/wp-content\\\/uploads\\\/2024\\\/01\\\/schluesseldienst-mangfallplatz_header_img.webp\",\"datePublished\":\"2017-12-24T10:13:15+00:00\",\"dateModified\":\"2026-01-26T08:18:29+00:00\",\"description\":\"Competent locksmith service in Munich Mangfallplatz: free emergency call, fast 24-hour service & fixed price guarantee - damage-free door opening!\",\"breadcrumb\":{\"@id\":\"https:\\\/\\\/www.amper-aufsperrdienst.de\\\/en\\\/locksmith-munich-mangfallplatz\\\/#breadcrumb\"},\"inLanguage\":\"en-US\",\"potentialAction\":[{\"@type\":\"ReadAction\",\"target\":[\"https:\\\/\\\/www.amper-aufsperrdienst.de\\\/en\\\/locksmith-munich-mangfallplatz\\\/\"]}]},{\"@type\":\"ImageObject\",\"inLanguage\":\"en-US\",\"@id\":\"https:\\\/\\\/www.amper-aufsperrdienst.de\\\/en\\\/locksmith-munich-mangfallplatz\\\/#primaryimage\",\"url\":\"https:\\\/\\\/www.amper-aufsperrdienst.de\\\/wp-content\\\/uploads\\\/2024\\\/01\\\/schluesseldienst-mangfallplatz_header_img.webp\",\"contentUrl\":\"https:\\\/\\\/www.amper-aufsperrdienst.de\\\/wp-content\\\/uploads\\\/2024\\\/01\\\/schluesseldienst-mangfallplatz_header_img.webp\",\"width\":960,\"height\":360,\"caption\":\"Emergency locksmith service for Munich Mangfallplatz \u2013 Door opening at fair prices, Amper Locksmith Service also serves Neu-Harlaching\"},{\"@type\":\"BreadcrumbList\",\"@id\":\"https:\\\/\\\/www.amper-aufsperrdienst.de\\\/en\\\/locksmith-munich-mangfallplatz\\\/#breadcrumb\",\"itemListElement\":[{\"@type\":\"ListItem\",\"position\":1,\"name\":\"Home\",\"item\":\"https:\\\/\\\/www.amper-aufsperrdienst.de\\\/en\\\/\"},{\"@type\":\"ListItem\",\"position\":2,\"name\":\"Locksmith Munich Mangfallplatz\"}]},{\"@type\":\"WebSite\",\"@id\":\"https:\\\/\\\/www.amper-aufsperrdienst.de\\\/en\\\/#website\",\"url\":\"https:\\\/\\\/www.amper-aufsperrdienst.de\\\/en\\\/\",\"name\":\"Locksmith for Munich, Dachau and F\u00fcrstenfeldbruck\",\"description\":\"Amper Aufsperrdienst\",\"potentialAction\":[{\"@type\":\"SearchAction\",\"target\":{\"@type\":\"EntryPoint\",\"urlTemplate\":\"https:\\\/\\\/www.amper-aufsperrdienst.de\\\/en\\\/?s={search_term_string}\"},\"query-input\":{\"@type\":\"PropertyValueSpecification\",\"valueRequired\":true,\"valueName\":\"search_term_string\"}}],\"inLanguage\":\"en-US\"}]}<\/script>\n<!-- \/ Yoast SEO plugin. -->","yoast_head_json":{"title":"Locksmith Munich Mangfallplatz: Fixed price from \u20ac52","description":"Competent locksmith service in Munich Mangfallplatz: free emergency call, fast 24-hour service & fixed price guarantee - damage-free door opening!","robots":{"index":"index","follow":"follow","max-snippet":"max-snippet:-1","max-image-preview":"max-image-preview:large","max-video-preview":"max-video-preview:-1"},"canonical":"https:\/\/www.amper-aufsperrdienst.de\/en\/locksmith-munich-mangfallplatz\/","og_locale":"en_US","og_type":"article","og_title":"Locksmith Munich Mangfallplatz: Fixed price from \u20ac52","og_description":"Competent locksmith service in Munich Mangfallplatz: free emergency call, fast 24-hour service & fixed price guarantee - damage-free door opening!","og_url":"https:\/\/www.amper-aufsperrdienst.de\/en\/locksmith-munich-mangfallplatz\/","og_site_name":"Locksmith for Munich, Dachau and F\u00fcrstenfeldbruck","article_modified_time":"2026-01-26T08:18:29+00:00","og_image":[{"width":960,"height":360,"url":"https:\/\/www.amper-aufsperrdienst.de\/wp-content\/uploads\/2024\/01\/schluesseldienst-mangfallplatz_header_img.webp","type":"image\/webp"}],"twitter_misc":{"Est. reading time":"3 minutes"},"schema":{"@context":"https:\/\/schema.org","@graph":[{"@type":"WebPage","@id":"https:\/\/www.amper-aufsperrdienst.de\/en\/locksmith-munich-mangfallplatz\/","url":"https:\/\/www.amper-aufsperrdienst.de\/en\/locksmith-munich-mangfallplatz\/","name":"Locksmith Munich Mangfallplatz: Fixed price from \u20ac52","isPartOf":{"@id":"https:\/\/www.amper-aufsperrdienst.de\/en\/#website"},"primaryImageOfPage":{"@id":"https:\/\/www.amper-aufsperrdienst.de\/en\/locksmith-munich-mangfallplatz\/#primaryimage"},"image":{"@id":"https:\/\/www.amper-aufsperrdienst.de\/en\/locksmith-munich-mangfallplatz\/#primaryimage"},"thumbnailUrl":"https:\/\/www.amper-aufsperrdienst.de\/wp-content\/uploads\/2024\/01\/schluesseldienst-mangfallplatz_header_img.webp","datePublished":"2017-12-24T10:13:15+00:00","dateModified":"2026-01-26T08:18:29+00:00","description":"Competent locksmith service in Munich Mangfallplatz: free emergency call, fast 24-hour service & fixed price guarantee - damage-free door opening!","breadcrumb":{"@id":"https:\/\/www.amper-aufsperrdienst.de\/en\/locksmith-munich-mangfallplatz\/#breadcrumb"},"inLanguage":"en-US","potentialAction":[{"@type":"ReadAction","target":["https:\/\/www.amper-aufsperrdienst.de\/en\/locksmith-munich-mangfallplatz\/"]}]},{"@type":"ImageObject","inLanguage":"en-US","@id":"https:\/\/www.amper-aufsperrdienst.de\/en\/locksmith-munich-mangfallplatz\/#primaryimage","url":"https:\/\/www.amper-aufsperrdienst.de\/wp-content\/uploads\/2024\/01\/schluesseldienst-mangfallplatz_header_img.webp","contentUrl":"https:\/\/www.amper-aufsperrdienst.de\/wp-content\/uploads\/2024\/01\/schluesseldienst-mangfallplatz_header_img.webp","width":960,"height":360,"caption":"Emergency locksmith service for Munich Mangfallplatz \u2013 Door opening at fair prices, Amper Locksmith Service also serves Neu-Harlaching"},{"@type":"BreadcrumbList","@id":"https:\/\/www.amper-aufsperrdienst.de\/en\/locksmith-munich-mangfallplatz\/#breadcrumb","itemListElement":[{"@type":"ListItem","position":1,"name":"Home","item":"https:\/\/www.amper-aufsperrdienst.de\/en\/"},{"@type":"ListItem","position":2,"name":"Locksmith Munich Mangfallplatz"}]},{"@type":"WebSite","@id":"https:\/\/www.amper-aufsperrdienst.de\/en\/#website","url":"https:\/\/www.amper-aufsperrdienst.de\/en\/","name":"Locksmith for Munich, Dachau and F\u00fcrstenfeldbruck","description":"Amper Aufsperrdienst","potentialAction":[{"@type":"SearchAction","target":{"@type":"EntryPoint","urlTemplate":"https:\/\/www.amper-aufsperrdienst.de\/en\/?s={search_term_string}"},"query-input":{"@type":"PropertyValueSpecification","valueRequired":true,"valueName":"search_term_string"}}],"inLanguage":"en-US"}]}},"_links":{"self":[{"href":"https:\/\/www.amper-aufsperrdienst.de\/en\/wp-json\/wp\/v2\/pages\/14372","targetHints":{"allow":["GET"]}}],"collection":[{"href":"https:\/\/www.amper-aufsperrdienst.de\/en\/wp-json\/wp\/v2\/pages"}],"about":[{"href":"https:\/\/www.amper-aufsperrdienst.de\/en\/wp-json\/wp\/v2\/types\/page"}],"author":[{"embeddable":true,"href":"https:\/\/www.amper-aufsperrdienst.de\/en\/wp-json\/wp\/v2\/users\/2"}],"replies":[{"embeddable":true,"href":"https:\/\/www.amper-aufsperrdienst.de\/en\/wp-json\/wp\/v2\/comments?post=14372"}],"version-history":[{"count":2,"href":"https:\/\/www.amper-aufsperrdienst.de\/en\/wp-json\/wp\/v2\/pages\/14372\/revisions"}],"predecessor-version":[{"id":14377,"href":"https:\/\/www.amper-aufsperrdienst.de\/en\/wp-json\/wp\/v2\/pages\/14372\/revisions\/14377"}],"wp:featuredmedia":[{"embeddable":true,"href":"https:\/\/www.amper-aufsperrdienst.de\/en\/wp-json\/wp\/v2\/media\/14364"}],"wp:attachment":[{"href":"https:\/\/www.amper-aufsperrdienst.de\/en\/wp-json\/wp\/v2\/media?parent=14372"}],"curies":[{"name":"wp","href":"https:\/\/api.w.org\/{rel}","templated":true}]}}